{"id":16913,"date":"2020-06-24T14:54:59","date_gmt":"2020-06-24T12:54:59","guid":{"rendered":"https:\/\/www.npsumava.cz\/?page_id=16913"},"modified":"2023-07-10T12:13:29","modified_gmt":"2023-07-10T10:13:29","slug":"fish-hatchery","status":"publish","type":"page","link":"https:\/\/www.npsumava.cz\/en\/visit-sumava\/visitor-centers\/fish-hatchery\/","title":{"rendered":"Fish hatchery"},"content":{"rendered":"\t\t<div data-elementor-type=\"wp-post\" data-elementor-id=\"16913\" class=\"elementor elementor-16913 elementor-2089\" data-elementor-post-type=\"page\">\n\t\t\t\t\t\t<section class=\"elementor-section elementor-top-section elementor-element elementor-element-10e7a710 elementor-section-boxed elementor-section-height-default elementor-section-height-default\" data-id=\"10e7a710\" data-element_type=\"section\">\n\t\t\t\t\t\t<div class=\"elementor-container elementor-column-gap-default\">\n\t\t\t\t\t<div class=\"elementor-column elementor-col-50 elementor-top-column elementor-element elementor-element-7f2f34aa\" data-id=\"7f2f34aa\" data-element_type=\"column\">\n\t\t\t<div class=\"elementor-widget-wrap elementor-element-populated\">\n\t\t\t\t\t\t<div class=\"elementor-element elementor-element-7e20c090 elementor-arrows-position-inside elementor-pagination-position-outside elementor-widget elementor-widget-image-carousel\" data-id=\"7e20c090\" data-element_type=\"widget\" data-settings=\"{&quot;slides_to_show&quot;:&quot;1&quot;,&quot;navigation&quot;:&quot;both&quot;,&quot;autoplay&quot;:&quot;yes&quot;,&quot;pause_on_hover&quot;:&quot;yes&quot;,&quot;pause_on_interaction&quot;:&quot;yes&quot;,&quot;autoplay_speed&quot;:5000,&quot;infinite&quot;:&quot;yes&quot;,&quot;effect&quot;:&quot;slide&quot;,&quot;speed&quot;:500}\" data-widget_type=\"image-carousel.default\">\n\t\t\t\t<div class=\"elementor-widget-container\">\n\t\t\t\t\t<div class=\"elementor-image-carousel-wrapper swiper-container\" dir=\"ltr\">\n\t\t\t<div class=\"elementor-image-carousel swiper-wrapper\" aria-live=\"off\">\n\t\t\t\t\t\t\t\t<div class=\"swiper-slide\" role=\"group\" aria-roledescription=\"slide\" aria-label=\"1 of 9\"><a data-elementor-open-lightbox=\"yes\" data-elementor-lightbox-slideshow=\"7e20c090\" data-elementor-lightbox-title=\"Lihen-BL-4\" data-e-action-hash=\"#elementor-action%3Aaction%3Dlightbox%26settings%3DeyJpZCI6Mzk2MSwidXJsIjoiaHR0cHM6XC9cL3d3dy5ucHN1bWF2YS5jelwvd3AtY29udGVudFwvdXBsb2Fkc1wvMjAxOVwvMDhcL2xpaGVuLWJsLTQuanBnIiwic2xpZGVzaG93IjoiN2UyMGMwOTAifQ%3D%3D\" href=\"https:\/\/www.npsumava.cz\/wp-content\/uploads\/2019\/08\/lihen-bl-4.jpg\"><figure class=\"swiper-slide-inner\"><img class=\"swiper-slide-image\" src=\"https:\/\/www.npsumava.cz\/wp-content\/uploads\/elementor\/thumbs\/lihen-bl-4-odk11wa8gl42lutm8yxur3c7nybljp8ck671tous7m.jpg\" alt=\"Lihen-BL-4\" \/><\/figure><\/a><\/div><div class=\"swiper-slide\" role=\"group\" aria-roledescription=\"slide\" aria-label=\"2 of 9\"><a data-elementor-open-lightbox=\"yes\" data-elementor-lightbox-slideshow=\"7e20c090\" data-elementor-lightbox-title=\"Lihen-BL-1\" data-e-action-hash=\"#elementor-action%3Aaction%3Dlightbox%26settings%3DeyJpZCI6Mzk1OCwidXJsIjoiaHR0cHM6XC9cL3d3dy5ucHN1bWF2YS5jelwvd3AtY29udGVudFwvdXBsb2Fkc1wvMjAxOVwvMDhcL2xpaGVuLWJsLTEuanBnIiwic2xpZGVzaG93IjoiN2UyMGMwOTAifQ%3D%3D\" href=\"https:\/\/www.npsumava.cz\/wp-content\/uploads\/2019\/08\/lihen-bl-1.jpg\"><figure class=\"swiper-slide-inner\"><img class=\"swiper-slide-image\" src=\"https:\/\/www.npsumava.cz\/wp-content\/uploads\/elementor\/thumbs\/lihen-bl-1-odk11wa8gl42lutm8yxur3c7nybljp8ck671tous7m.jpg\" alt=\"Lihen-BL-1\" \/><\/figure><\/a><\/div><div class=\"swiper-slide\" role=\"group\" aria-roledescription=\"slide\" aria-label=\"3 of 9\"><a data-elementor-open-lightbox=\"yes\" data-elementor-lightbox-slideshow=\"7e20c090\" data-elementor-lightbox-title=\"Lihen-BL-8\" data-e-action-hash=\"#elementor-action%3Aaction%3Dlightbox%26settings%3DeyJpZCI6Mzk2NiwidXJsIjoiaHR0cHM6XC9cL3d3dy5ucHN1bWF2YS5jelwvd3AtY29udGVudFwvdXBsb2Fkc1wvMjAxOVwvMDhcL2xpaGVuLWJsLTguanBnIiwic2xpZGVzaG93IjoiN2UyMGMwOTAifQ%3D%3D\" href=\"https:\/\/www.npsumava.cz\/wp-content\/uploads\/2019\/08\/lihen-bl-8.jpg\"><figure class=\"swiper-slide-inner\"><img class=\"swiper-slide-image\" src=\"https:\/\/www.npsumava.cz\/wp-content\/uploads\/elementor\/thumbs\/lihen-bl-8-odk11wa8gl42lutm8yxur3c7nybljp8ck671tous7m.jpg\" alt=\"Lihen-BL-8\" \/><\/figure><\/a><\/div><div class=\"swiper-slide\" role=\"group\" aria-roledescription=\"slide\" aria-label=\"4 of 9\"><a data-elementor-open-lightbox=\"yes\" data-elementor-lightbox-slideshow=\"7e20c090\" data-elementor-lightbox-title=\"strevle-potocni\" data-e-action-hash=\"#elementor-action%3Aaction%3Dlightbox%26settings%3DeyJpZCI6Mzk2NSwidXJsIjoiaHR0cHM6XC9cL3d3dy5ucHN1bWF2YS5jelwvd3AtY29udGVudFwvdXBsb2Fkc1wvMjAxOVwvMDhcL3N0cmV2bGUtcG90b2NuaS5qcGciLCJzbGlkZXNob3ciOiI3ZTIwYzA5MCJ9\" href=\"https:\/\/www.npsumava.cz\/wp-content\/uploads\/2019\/08\/strevle-potocni.jpg\"><figure class=\"swiper-slide-inner\"><img class=\"swiper-slide-image\" src=\"https:\/\/www.npsumava.cz\/wp-content\/uploads\/elementor\/thumbs\/strevle-potocni-pkln9zzuok115j27tyuo11pu9h0vkib72kucwucc42.jpg\" alt=\"strevle-potocni\" \/><\/figure><\/a><\/div><div class=\"swiper-slide\" role=\"group\" aria-roledescription=\"slide\" aria-label=\"5 of 9\"><a data-elementor-open-lightbox=\"yes\" data-elementor-lightbox-slideshow=\"7e20c090\" data-elementor-lightbox-title=\"mn\u00edk-jednovous\u00fd\" data-e-action-hash=\"#elementor-action%3Aaction%3Dlightbox%26settings%3DeyJpZCI6Mzk2NCwidXJsIjoiaHR0cHM6XC9cL3d3dy5ucHN1bWF2YS5jelwvd3AtY29udGVudFwvdXBsb2Fkc1wvMjAxOVwvMDhcL21uaWstamVkbm92b3VzeS5qcGciLCJzbGlkZXNob3ciOiI3ZTIwYzA5MCJ9\" href=\"https:\/\/www.npsumava.cz\/wp-content\/uploads\/2019\/08\/mnik-jednovousy.jpg\"><figure class=\"swiper-slide-inner\"><img class=\"swiper-slide-image\" src=\"https:\/\/www.npsumava.cz\/wp-content\/uploads\/elementor\/thumbs\/mnik-jednovousy-odk11x82nf5cxgs93hchbl3o9c6yrec2waujayte1e.jpg\" alt=\"Borov\u00e1 Lada\" \/><\/figure><\/a><\/div><div class=\"swiper-slide\" role=\"group\" aria-roledescription=\"slide\" aria-label=\"6 of 9\"><a data-elementor-open-lightbox=\"yes\" data-elementor-lightbox-slideshow=\"7e20c090\" data-elementor-lightbox-title=\"Lihen-BL-5\" data-e-action-hash=\"#elementor-action%3Aaction%3Dlightbox%26settings%3DeyJpZCI6Mzk2MiwidXJsIjoiaHR0cHM6XC9cL3d3dy5ucHN1bWF2YS5jelwvd3AtY29udGVudFwvdXBsb2Fkc1wvMjAxOVwvMDhcL2xpaGVuLWJsLTUuanBnIiwic2xpZGVzaG93IjoiN2UyMGMwOTAifQ%3D%3D\" href=\"https:\/\/www.npsumava.cz\/wp-content\/uploads\/2019\/08\/lihen-bl-5.jpg\"><figure class=\"swiper-slide-inner\"><img class=\"swiper-slide-image\" src=\"https:\/\/www.npsumava.cz\/wp-content\/uploads\/elementor\/thumbs\/lihen-bl-5-odk11x82nf5cxgs93hchbl3o9c6yrec2waujayte1e.jpg\" alt=\"Lihen-BL-5\" \/><\/figure><\/a><\/div><div class=\"swiper-slide\" role=\"group\" aria-roledescription=\"slide\" aria-label=\"7 of 9\"><a data-elementor-open-lightbox=\"yes\" data-elementor-lightbox-slideshow=\"7e20c090\" data-elementor-lightbox-title=\"Lihen-BL-3\" data-e-action-hash=\"#elementor-action%3Aaction%3Dlightbox%26settings%3DeyJpZCI6Mzk2MCwidXJsIjoiaHR0cHM6XC9cL3d3dy5ucHN1bWF2YS5jelwvd3AtY29udGVudFwvdXBsb2Fkc1wvMjAxOVwvMDhcL2xpaGVuLWJsLTMuanBnIiwic2xpZGVzaG93IjoiN2UyMGMwOTAifQ%3D%3D\" href=\"https:\/\/www.npsumava.cz\/wp-content\/uploads\/2019\/08\/lihen-bl-3.jpg\"><figure class=\"swiper-slide-inner\"><img class=\"swiper-slide-image\" src=\"https:\/\/www.npsumava.cz\/wp-content\/uploads\/elementor\/thumbs\/lihen-bl-3-odk11wa8gl42lutm8yxur3c7nybljp8ck671tous7m.jpg\" alt=\"Lihen-BL-3\" \/><\/figure><\/a><\/div><div class=\"swiper-slide\" role=\"group\" aria-roledescription=\"slide\" aria-label=\"8 of 9\"><a data-elementor-open-lightbox=\"yes\" data-elementor-lightbox-slideshow=\"7e20c090\" data-elementor-lightbox-title=\"Lihen-BL-2\" data-e-action-hash=\"#elementor-action%3Aaction%3Dlightbox%26settings%3DeyJpZCI6Mzk1OSwidXJsIjoiaHR0cHM6XC9cL3d3dy5ucHN1bWF2YS5jelwvd3AtY29udGVudFwvdXBsb2Fkc1wvMjAxOVwvMDhcL2xpaGVuLWJsLTIuanBnIiwic2xpZGVzaG93IjoiN2UyMGMwOTAifQ%3D%3D\" href=\"https:\/\/www.npsumava.cz\/wp-content\/uploads\/2019\/08\/lihen-bl-2.jpg\"><figure class=\"swiper-slide-inner\"><img class=\"swiper-slide-image\" src=\"https:\/\/www.npsumava.cz\/wp-content\/uploads\/elementor\/thumbs\/lihen-bl-2-odk11x82nf5cxgs93hchbl3o9c6yrec2waujayte1e.jpg\" alt=\"Lihen-BL-2\" \/><\/figure><\/a><\/div><div class=\"swiper-slide\" role=\"group\" aria-roledescription=\"slide\" aria-label=\"9 of 9\"><a data-elementor-open-lightbox=\"yes\" data-elementor-lightbox-slideshow=\"7e20c090\" data-elementor-lightbox-title=\"Lihen BL 6\" data-e-action-hash=\"#elementor-action%3Aaction%3Dlightbox%26settings%3DeyJpZCI6Mzk1NywidXJsIjoiaHR0cHM6XC9cL3d3dy5ucHN1bWF2YS5jelwvd3AtY29udGVudFwvdXBsb2Fkc1wvMjAxOVwvMDhcL2xpaGVuLWJsLTYucG5nIiwic2xpZGVzaG93IjoiN2UyMGMwOTAifQ%3D%3D\" href=\"https:\/\/www.npsumava.cz\/wp-content\/uploads\/2019\/08\/lihen-bl-6.png\"><figure class=\"swiper-slide-inner\"><img class=\"swiper-slide-image\" src=\"https:\/\/www.npsumava.cz\/wp-content\/uploads\/elementor\/thumbs\/lihen-bl-6-odk11wa8gl42lutm8yxur3c7nybljp8ck671tous7m.png\" alt=\"Lihen BL 6\" \/><\/figure><\/a><\/div>\t\t\t<\/div>\n\t\t\t\t\t\t\t\t\t\t\t\t<div class=\"elementor-swiper-button elementor-swiper-button-prev\" role=\"button\" tabindex=\"0\">\n\t\t\t\t\t\t<i aria-hidden=\"true\" class=\"eicon-chevron-left\"><\/i>\t\t\t\t\t<\/div>\n\t\t\t\t\t<div class=\"elementor-swiper-button elementor-swiper-button-next\" role=\"button\" tabindex=\"0\">\n\t\t\t\t\t\t<i aria-hidden=\"true\" class=\"eicon-chevron-right\"><\/i>\t\t\t\t\t<\/div>\n\t\t\t\t\n\t\t\t\t\t\t\t\t\t<div class=\"swiper-pagination\"><\/div>\n\t\t\t\t\t\t\t\t\t<\/div>\n\t\t\t\t<\/div>\n\t\t\t\t<\/div>\n\t\t\t\t\t<\/div>\n\t\t<\/div>\n\t\t\t\t<div class=\"elementor-column elementor-col-50 elementor-top-column elementor-element elementor-element-3bb3bbb0\" data-id=\"3bb3bbb0\" data-element_type=\"column\">\n\t\t\t<div class=\"elementor-widget-wrap elementor-element-populated\">\n\t\t\t\t\t\t<section class=\"elementor-section elementor-inner-section elementor-element elementor-element-6d860a31 elementor-section-boxed elementor-section-height-default elementor-section-height-default\" data-id=\"6d860a31\" data-element_type=\"section\">\n\t\t\t\t\t\t<div class=\"elementor-container elementor-column-gap-default\">\n\t\t\t\t\t<div class=\"elementor-column elementor-col-50 elementor-inner-column elementor-element elementor-element-4ae0dbe6\" data-id=\"4ae0dbe6\" data-element_type=\"column\">\n\t\t\t<div class=\"elementor-widget-wrap elementor-element-populated\">\n\t\t\t\t\t\t<div class=\"elementor-element elementor-element-2e4f768 elementor-widget elementor-widget-heading\" data-id=\"2e4f768\" data-element_type=\"widget\" data-widget_type=\"heading.default\">\n\t\t\t\t<div class=\"elementor-widget-container\">\n\t\t\t<h3 class=\"elementor-heading-title elementor-size-default\">Contact<\/h3>\t\t<\/div>\n\t\t\t\t<\/div>\n\t\t\t\t<div class=\"elementor-element elementor-element-4ed3ab01 eael-infobox-icon-bg-shape-circle linkhover eael-infobox-icon-hover-bg-shape-none elementor-widget elementor-widget-eael-info-box\" data-id=\"4ed3ab01\" data-element_type=\"widget\" data-widget_type=\"eael-info-box.default\">\n\t\t\t\t<div class=\"elementor-widget-container\">\n\t\t\t        <a href=\"tel:+420%20731%20530%20228\"  >            <div class=\"eael-infobox icon-on-left\">\n                    <div class=\"infobox-icon eael-icon-only\">\n\n            \n                            <div class=\"infobox-icon-wrap\">\n                    <i class=\"eci fontello-09bd47b32-tel\"><\/i>                <\/div>\n            \n            \n        <\/div>\n            <div class=\"infobox-content eael-icon-only\">\n                            <h4 class=\"title\">+420 731 530 228<\/h4>\n                    <\/div>\n    <\/div><\/a>\t\t<\/div>\n\t\t\t\t<\/div>\n\t\t\t\t\t<\/div>\n\t\t<\/div>\n\t\t\t\t<div class=\"elementor-column elementor-col-50 elementor-inner-column elementor-element elementor-element-11205a9b\" data-id=\"11205a9b\" data-element_type=\"column\">\n\t\t\t<div class=\"elementor-widget-wrap elementor-element-populated\">\n\t\t\t\t\t\t<div class=\"elementor-element elementor-element-8ff67b7 elementor-widget elementor-widget-heading\" data-id=\"8ff67b7\" data-element_type=\"widget\" data-widget_type=\"heading.default\">\n\t\t\t\t<div class=\"elementor-widget-container\">\n\t\t\t<h3 class=\"elementor-heading-title elementor-size-default\">Opening hours:<\/h3>\t\t<\/div>\n\t\t\t\t<\/div>\n\t\t\t\t<div class=\"elementor-element elementor-element-f9d3d5d elementor-widget elementor-widget-text-editor\" data-id=\"f9d3d5d\" data-element_type=\"widget\" data-widget_type=\"text-editor.default\">\n\t\t\t\t<div class=\"elementor-widget-container\">\n\t\t\t\t\t\t\t<p>in the 2023 season the hatchery is open to the public:<\/p>\t\t\t\t\t\t<\/div>\n\t\t\t\t<\/div>\n\t\t\t\t<div class=\"elementor-element elementor-element-0f72839 elementor-widget elementor-widget-heading\" data-id=\"0f72839\" data-element_type=\"widget\" data-widget_type=\"heading.default\">\n\t\t\t\t<div class=\"elementor-widget-container\">\n\t\t\t<h4 class=\"elementor-heading-title elementor-size-default\">in July and August<\/h4>\t\t<\/div>\n\t\t\t\t<\/div>\n\t\t\t\t\t<\/div>\n\t\t<\/div>\n\t\t\t\t\t<\/div>\n\t\t<\/section>\n\t\t\t\t<section class=\"elementor-section elementor-inner-section elementor-element elementor-element-c06e241 elementor-section-boxed elementor-section-height-default elementor-section-height-default\" data-id=\"c06e241\" data-element_type=\"section\">\n\t\t\t\t\t\t<div class=\"elementor-container elementor-column-gap-default\">\n\t\t\t\t\t<div class=\"elementor-column elementor-col-50 elementor-inner-column elementor-element elementor-element-c9253d4\" data-id=\"c9253d4\" data-element_type=\"column\">\n\t\t\t<div class=\"elementor-widget-wrap elementor-element-populated\">\n\t\t\t\t\t\t<div class=\"elementor-element elementor-element-f2086cd elementor-widget elementor-widget-heading\" data-id=\"f2086cd\" data-element_type=\"widget\" data-widget_type=\"heading.default\">\n\t\t\t\t<div class=\"elementor-widget-container\">\n\t\t\t<h3 class=\"elementor-heading-title elementor-size-default\">Where to find us:<\/h3>\t\t<\/div>\n\t\t\t\t<\/div>\n\t\t\t\t<div class=\"elementor-element elementor-element-657571a elementor-widget elementor-widget-text-editor\" data-id=\"657571a\" data-element_type=\"widget\" data-widget_type=\"text-editor.default\">\n\t\t\t\t<div class=\"elementor-widget-container\">\n\t\t\t\t\t\t\t<p>about 1 km from the central parking in Borov\u00e1 Lada<\/p>\t\t\t\t\t\t<\/div>\n\t\t\t\t<\/div>\n\t\t\t\t<div class=\"elementor-element elementor-element-d80f434 elementor-widget elementor-widget-text-editor\" data-id=\"d80f434\" data-element_type=\"widget\" data-widget_type=\"text-editor.default\">\n\t\t\t\t<div class=\"elementor-widget-container\">\n\t\t\t\t\t\t\t<p><a href=\"https:\/\/mapy.cz\/s\/pekemufara\">GPS: 48.9831839N, 13.6602847E<\/a><\/p>\t\t\t\t\t\t<\/div>\n\t\t\t\t<\/div>\n\t\t\t\t\t<\/div>\n\t\t<\/div>\n\t\t\t\t<div class=\"elementor-column elementor-col-50 elementor-inner-column elementor-element elementor-element-22378f8\" data-id=\"22378f8\" data-element_type=\"column\">\n\t\t\t<div class=\"elementor-widget-wrap elementor-element-populated\">\n\t\t\t\t\t\t<div class=\"elementor-element elementor-element-4705ef1 elementor-widget elementor-widget-text-editor\" data-id=\"4705ef1\" data-element_type=\"widget\" data-widget_type=\"text-editor.default\">\n\t\t\t\t<div class=\"elementor-widget-container\">\n\t\t\t\t\t\t\t<p>every Tuesday from 10:00 a.m<\/p><p>Every holiday Tuesday there is always one tour from 10:00 a.m. accompanied by a hatchery worker.<\/p>\t\t\t\t\t\t<\/div>\n\t\t\t\t<\/div>\n\t\t\t\t\t<\/div>\n\t\t<\/div>\n\t\t\t\t\t<\/div>\n\t\t<\/section>\n\t\t\t\t\t<\/div>\n\t\t<\/div>\n\t\t\t\t\t<\/div>\n\t\t<\/section>\n\t\t\t\t<section class=\"elementor-section elementor-top-section elementor-element elementor-element-7c0dd94b elementor-section-boxed elementor-section-height-default elementor-section-height-default\" data-id=\"7c0dd94b\" data-element_type=\"section\">\n\t\t\t\t\t\t<div class=\"elementor-container elementor-column-gap-default\">\n\t\t\t\t\t<div class=\"elementor-column elementor-col-100 elementor-top-column elementor-element elementor-element-60037ae8\" data-id=\"60037ae8\" data-element_type=\"column\">\n\t\t\t<div class=\"elementor-widget-wrap elementor-element-populated\">\n\t\t\t\t\t\t<div class=\"elementor-element elementor-element-460d9022 elementor-widget elementor-widget-heading\" data-id=\"460d9022\" data-element_type=\"widget\" data-widget_type=\"heading.default\">\n\t\t\t\t<div class=\"elementor-widget-container\">\n\t\t\t<h2 class=\"elementor-heading-title elementor-size-default\">About the center<\/h2>\t\t<\/div>\n\t\t\t\t<\/div>\n\t\t\t\t<div class=\"elementor-element elementor-element-3e83e9e3 elementor-widget elementor-widget-text-editor\" data-id=\"3e83e9e3\" data-element_type=\"widget\" data-widget_type=\"text-editor.default\">\n\t\t\t\t<div class=\"elementor-widget-container\">\n\t\t\t\t\t\t\t<p>The breeding facility for fish has been operated by the \u0160umava National Park Administration for more than ten years. The activity is dedicated to breeding genetically native species of fish and strengthening their populations.<\/p><p>Based in Borov\u00e1 Lada, the primary activities of the fish hatchery are maintaining and breeding fish species that are native to and desirable for \u0160umava ecosystems.<\/p><p>This ensures that the fish communities are kept balanced in terms of species and age.<\/p>\t\t\t\t\t\t<\/div>\n\t\t\t\t<\/div>\n\t\t\t\t<div class=\"elementor-element elementor-element-93753b7 elementor-widget elementor-widget-heading\" data-id=\"93753b7\" data-element_type=\"widget\" data-widget_type=\"heading.default\">\n\t\t\t\t<div class=\"elementor-widget-container\">\n\t\t\t<h2 class=\"elementor-heading-title elementor-size-default\">\u0160umava National Park watercourses contain the following species of fish:<\/h2>\t\t<\/div>\n\t\t\t\t<\/div>\n\t\t\t\t<div class=\"elementor-element elementor-element-1c082b6 elementor-align-left elementor-icon-list--layout-traditional elementor-list-item-link-full_width elementor-widget elementor-widget-icon-list\" data-id=\"1c082b6\" data-element_type=\"widget\" data-widget_type=\"icon-list.default\">\n\t\t\t\t<div class=\"elementor-widget-container\">\n\t\t\t\t\t<ul class=\"elementor-icon-list-items\">\n\t\t\t\t\t\t\t<li class=\"elementor-icon-list-item\">\n\t\t\t\t\t\t\t\t\t\t\t<span class=\"elementor-icon-list-icon\">\n\t\t\t\t\t\t\t<i aria-hidden=\"true\" class=\"fas fa-circle\"><\/i>\t\t\t\t\t\t<\/span>\n\t\t\t\t\t\t\t\t\t\t<span class=\"elementor-icon-list-text\">brown trout <\/span>\n\t\t\t\t\t\t\t\t\t<\/li>\n\t\t\t\t\t\t\t\t<li class=\"elementor-icon-list-item\">\n\t\t\t\t\t\t\t\t\t\t\t<span class=\"elementor-icon-list-icon\">\n\t\t\t\t\t\t\t<i aria-hidden=\"true\" class=\"fas fa-circle\"><\/i>\t\t\t\t\t\t<\/span>\n\t\t\t\t\t\t\t\t\t\t<span class=\"elementor-icon-list-text\">grayling<\/span>\n\t\t\t\t\t\t\t\t\t<\/li>\n\t\t\t\t\t\t\t\t<li class=\"elementor-icon-list-item\">\n\t\t\t\t\t\t\t\t\t\t\t<span class=\"elementor-icon-list-icon\">\n\t\t\t\t\t\t\t<i aria-hidden=\"true\" class=\"fas fa-circle\"><\/i>\t\t\t\t\t\t<\/span>\n\t\t\t\t\t\t\t\t\t\t<span class=\"elementor-icon-list-text\">burbot<\/span>\n\t\t\t\t\t\t\t\t\t<\/li>\n\t\t\t\t\t\t\t\t<li class=\"elementor-icon-list-item\">\n\t\t\t\t\t\t\t\t\t\t\t<span class=\"elementor-icon-list-icon\">\n\t\t\t\t\t\t\t<i aria-hidden=\"true\" class=\"fas fa-circle\"><\/i>\t\t\t\t\t\t<\/span>\n\t\t\t\t\t\t\t\t\t\t<span class=\"elementor-icon-list-text\">minnow<\/span>\n\t\t\t\t\t\t\t\t\t<\/li>\n\t\t\t\t\t\t\t\t<li class=\"elementor-icon-list-item\">\n\t\t\t\t\t\t\t\t\t\t\t<span class=\"elementor-icon-list-icon\">\n\t\t\t\t\t\t\t<i aria-hidden=\"true\" class=\"fas fa-circle\"><\/i>\t\t\t\t\t\t<\/span>\n\t\t\t\t\t\t\t\t\t\t<span class=\"elementor-icon-list-text\">freshwater sculpin<\/span>\n\t\t\t\t\t\t\t\t\t<\/li>\n\t\t\t\t\t\t\t\t<li class=\"elementor-icon-list-item\">\n\t\t\t\t\t\t\t\t\t\t\t<span class=\"elementor-icon-list-icon\">\n\t\t\t\t\t\t\t<i aria-hidden=\"true\" class=\"fas fa-circle\"><\/i>\t\t\t\t\t\t<\/span>\n\t\t\t\t\t\t\t\t\t\t<span class=\"elementor-icon-list-text\">brook lamprey<\/span>\n\t\t\t\t\t\t\t\t\t<\/li>\n\t\t\t\t\t\t<\/ul>\n\t\t\t\t<\/div>\n\t\t\t\t<\/div>\n\t\t\t\t\t<\/div>\n\t\t<\/div>\n\t\t\t\t\t<\/div>\n\t\t<\/section>\n\t\t\t\t<section class=\"elementor-section elementor-top-section elementor-element elementor-element-7d040bd elementor-section-boxed elementor-section-height-default elementor-section-height-default\" data-id=\"7d040bd\" data-element_type=\"section\">\n\t\t\t\t\t\t<div class=\"elementor-container elementor-column-gap-default\">\n\t\t\t\t\t<div class=\"elementor-column elementor-col-100 elementor-top-column elementor-element elementor-element-997ada9\" data-id=\"997ada9\" data-element_type=\"column\">\n\t\t\t<div class=\"elementor-widget-wrap elementor-element-populated\">\n\t\t\t\t\t\t<div class=\"elementor-element elementor-element-94482c7 elementor-position-left elementor-vertical-align-top elementor-widget elementor-widget-image-box\" data-id=\"94482c7\" data-element_type=\"widget\" data-widget_type=\"image-box.default\">\n\t\t\t\t<div class=\"elementor-widget-container\">\n\t\t\t<div class=\"elementor-image-box-wrapper\"><figure class=\"elementor-image-box-img\"><a href=\"https:\/\/www.npsumava.cz\/wp-content\/uploads\/2019\/08\/pstruh-potocni-pludek.jpg\" tabindex=\"-1\"><img fetchpriority=\"high\" width=\"1024\" height=\"682\" src=\"https:\/\/www.npsumava.cz\/wp-content\/uploads\/2019\/08\/pstruh-potocni-pludek-1024x682.jpg\" class=\"attachment-large size-large wp-image-3984\" alt=\"pstruh-poto\u010dn\u00ed-pludek\" srcset=\"https:\/\/www.npsumava.cz\/wp-content\/uploads\/2019\/08\/pstruh-potocni-pludek-1024x682.jpg 1024w, https:\/\/www.npsumava.cz\/wp-content\/uploads\/2019\/08\/pstruh-potocni-pludek-300x200.jpg 300w, https:\/\/www.npsumava.cz\/wp-content\/uploads\/2019\/08\/pstruh-potocni-pludek-768x511.jpg 768w, https:\/\/www.npsumava.cz\/wp-content\/uploads\/2019\/08\/pstruh-potocni-pludek.jpg 1200w\" sizes=\"(max-width: 1024px) 100vw, 1024px\" \/><\/a><\/figure><div class=\"elementor-image-box-content\"><h3 class=\"elementor-image-box-title\"><a href=\"https:\/\/www.npsumava.cz\/wp-content\/uploads\/2019\/08\/pstruh-potocni-pludek.jpg\">We can be proud<\/a><\/h3><p class=\"elementor-image-box-description\">The administration of the national park is dedicated to maintaining and breeding the native \u0160umava population of brown trouts, specifically the brook form (Salmo trutta morpha fario), and it has been included in the national programme as the owner of genetic resources for two years already.<\/p><\/div><\/div>\t\t<\/div>\n\t\t\t\t<\/div>\n\t\t\t\t\t<\/div>\n\t\t<\/div>\n\t\t\t\t\t<\/div>\n\t\t<\/section>\n\t\t\t\t<\/div>\n\t\t","protected":false},"excerpt":{"rendered":"<p>P\u0159edchoz\u00ed Dal\u0161\u00ed Contact +420 731 530 228 Opening hours: in the 2023 season the hatchery is open to the public: in July and August Where to find us: about 1 km from the central parking in Borov\u00e1 Lada GPS: 48.9831839N, 13.6602847E every Tuesday from 10:00 a.m Every holiday Tuesday there is always one tour from&#8230;<\/p>\n","protected":false},"author":2,"featured_media":24838,"parent":16835,"menu_order":448,"comment_status":"closed","ping_status":"closed","template":"","meta":[],"acf":[],"_links":{"self":[{"href":"https:\/\/www.npsumava.cz\/en\/wp-json\/wp\/v2\/pages\/16913"}],"collection":[{"href":"https:\/\/www.npsumava.cz\/en\/wp-json\/wp\/v2\/pages"}],"about":[{"href":"https:\/\/www.npsumava.cz\/en\/wp-json\/wp\/v2\/types\/page"}],"author":[{"embeddable":true,"href":"https:\/\/www.npsumava.cz\/en\/wp-json\/wp\/v2\/users\/2"}],"replies":[{"embeddable":true,"href":"https:\/\/www.npsumava.cz\/en\/wp-json\/wp\/v2\/comments?post=16913"}],"version-history":[{"count":0,"href":"https:\/\/www.npsumava.cz\/en\/wp-json\/wp\/v2\/pages\/16913\/revisions"}],"up":[{"embeddable":true,"href":"https:\/\/www.npsumava.cz\/en\/wp-json\/wp\/v2\/pages\/16835"}],"wp:featuredmedia":[{"embeddable":true,"href":"https:\/\/www.npsumava.cz\/en\/wp-json\/wp\/v2\/media\/24838"}],"wp:attachment":[{"href":"https:\/\/www.npsumava.cz\/en\/wp-json\/wp\/v2\/media?parent=16913"}],"curies":[{"name":"wp","href":"https:\/\/api.w.org\/{rel}","templated":true}]}}