{"id":16906,"date":"2020-06-24T14:53:39","date_gmt":"2020-06-24T12:53:39","guid":{"rendered":"https:\/\/www.npsumava.cz\/?page_id=16906"},"modified":"2020-08-05T12:35:25","modified_gmt":"2020-08-05T10:35:25","slug":"station-for-handicapped-animals","status":"publish","type":"page","link":"https:\/\/www.npsumava.cz\/en\/visit-sumava\/visitor-centers\/station-for-handicapped-animals\/","title":{"rendered":"Wildlife rescue centre"},"content":{"rendered":"\t\t<div data-elementor-type=\"wp-post\" data-elementor-id=\"16906\" class=\"elementor elementor-16906 elementor-2087\" data-elementor-post-type=\"page\">\n\t\t\t\t\t\t<section class=\"elementor-section elementor-top-section elementor-element elementor-element-78421907 elementor-section-boxed elementor-section-height-default elementor-section-height-default\" data-id=\"78421907\" data-element_type=\"section\">\n\t\t\t\t\t\t<div class=\"elementor-container elementor-column-gap-default\">\n\t\t\t\t\t<div class=\"elementor-column elementor-col-50 elementor-top-column elementor-element elementor-element-7ff79bca\" data-id=\"7ff79bca\" data-element_type=\"column\">\n\t\t\t<div class=\"elementor-widget-wrap elementor-element-populated\">\n\t\t\t\t\t\t<div class=\"elementor-element elementor-element-5a94b84c elementor-arrows-position-inside elementor-pagination-position-outside elementor-widget elementor-widget-image-carousel\" data-id=\"5a94b84c\" data-element_type=\"widget\" data-settings=\"{&quot;slides_to_show&quot;:&quot;1&quot;,&quot;navigation&quot;:&quot;both&quot;,&quot;autoplay&quot;:&quot;yes&quot;,&quot;pause_on_hover&quot;:&quot;yes&quot;,&quot;pause_on_interaction&quot;:&quot;yes&quot;,&quot;autoplay_speed&quot;:5000,&quot;infinite&quot;:&quot;yes&quot;,&quot;effect&quot;:&quot;slide&quot;,&quot;speed&quot;:500}\" data-widget_type=\"image-carousel.default\">\n\t\t\t\t<div class=\"elementor-widget-container\">\n\t\t\t\t\t<div class=\"elementor-image-carousel-wrapper swiper-container\" dir=\"ltr\">\n\t\t\t<div class=\"elementor-image-carousel swiper-wrapper\" aria-live=\"off\">\n\t\t\t\t\t\t\t\t<div class=\"swiper-slide\" role=\"group\" aria-roledescription=\"slide\" aria-label=\"1 of 6\"><a data-elementor-open-lightbox=\"yes\" data-elementor-lightbox-slideshow=\"5a94b84c\" data-elementor-lightbox-title=\"Klasterec-1\" data-e-action-hash=\"#elementor-action%3Aaction%3Dlightbox%26settings%3DeyJpZCI6MzkxNiwidXJsIjoiaHR0cHM6XC9cL3d3dy5ucHN1bWF2YS5jelwvd3AtY29udGVudFwvdXBsb2Fkc1wvMjAxOVwvMDhcL2tsYXN0ZXJlYy0xLmpwZyIsInNsaWRlc2hvdyI6IjVhOTRiODRjIn0%3D\" href=\"https:\/\/www.npsumava.cz\/wp-content\/uploads\/2019\/08\/klasterec-1.jpg\"><figure class=\"swiper-slide-inner\"><img class=\"swiper-slide-image\" src=\"https:\/\/www.npsumava.cz\/wp-content\/uploads\/elementor\/thumbs\/klasterec-1-pklneho3c26cmgjdlwqhxwx4fqw0cg510t1vgfomdu.jpg\" alt=\"Klasterec-1\" \/><\/figure><\/a><\/div><div class=\"swiper-slide\" role=\"group\" aria-roledescription=\"slide\" aria-label=\"2 of 6\"><a data-elementor-open-lightbox=\"yes\" data-elementor-lightbox-slideshow=\"5a94b84c\" data-elementor-lightbox-title=\"Klasterec-3\" data-e-action-hash=\"#elementor-action%3Aaction%3Dlightbox%26settings%3DeyJpZCI6MzkxOCwidXJsIjoiaHR0cHM6XC9cL3d3dy5ucHN1bWF2YS5jelwvd3AtY29udGVudFwvdXBsb2Fkc1wvMjAxOVwvMDhcL2tsYXN0ZXJlYy0zLmpwZyIsInNsaWRlc2hvdyI6IjVhOTRiODRjIn0%3D\" href=\"https:\/\/www.npsumava.cz\/wp-content\/uploads\/2019\/08\/klasterec-3.jpg\"><figure class=\"swiper-slide-inner\"><img class=\"swiper-slide-image\" src=\"https:\/\/www.npsumava.cz\/wp-content\/uploads\/elementor\/thumbs\/klasterec-3-odk11wa8gl42lutm8yxur3c7nybljp8ck671tous7m.jpg\" alt=\"Klasterec-3\" \/><\/figure><\/a><\/div><div class=\"swiper-slide\" role=\"group\" aria-roledescription=\"slide\" aria-label=\"3 of 6\"><a data-elementor-open-lightbox=\"yes\" data-elementor-lightbox-slideshow=\"5a94b84c\" data-elementor-lightbox-title=\"Klasterec-6\" data-e-action-hash=\"#elementor-action%3Aaction%3Dlightbox%26settings%3DeyJpZCI6MzkyMSwidXJsIjoiaHR0cHM6XC9cL3d3dy5ucHN1bWF2YS5jelwvd3AtY29udGVudFwvdXBsb2Fkc1wvMjAxOVwvMDhcL2tsYXN0ZXJlYy02LmpwZyIsInNsaWRlc2hvdyI6IjVhOTRiODRjIn0%3D\" href=\"https:\/\/www.npsumava.cz\/wp-content\/uploads\/2019\/08\/klasterec-6.jpg\"><figure class=\"swiper-slide-inner\"><img class=\"swiper-slide-image\" src=\"https:\/\/www.npsumava.cz\/wp-content\/uploads\/elementor\/thumbs\/klasterec-6-pklncl1vh5kf2xb1ql2qdw8h2ma7qjkmfdfff8id02.jpg\" alt=\"Klasterec-6\" \/><\/figure><\/a><\/div><div class=\"swiper-slide\" role=\"group\" aria-roledescription=\"slide\" aria-label=\"4 of 6\"><a data-elementor-open-lightbox=\"yes\" data-elementor-lightbox-slideshow=\"5a94b84c\" data-elementor-lightbox-title=\"Klasterec-5\" data-e-action-hash=\"#elementor-action%3Aaction%3Dlightbox%26settings%3DeyJpZCI6MzkyMCwidXJsIjoiaHR0cHM6XC9cL3d3dy5ucHN1bWF2YS5jelwvd3AtY29udGVudFwvdXBsb2Fkc1wvMjAxOVwvMDhcL2tsYXN0ZXJlYy01LmpwZyIsInNsaWRlc2hvdyI6IjVhOTRiODRjIn0%3D\" href=\"https:\/\/www.npsumava.cz\/wp-content\/uploads\/2019\/08\/klasterec-5.jpg\"><figure class=\"swiper-slide-inner\"><img class=\"swiper-slide-image\" src=\"https:\/\/www.npsumava.cz\/wp-content\/uploads\/elementor\/thumbs\/klasterec-5-pkk3k0ndgxzo00v1cvdct90bmk94mip9xw2aicmr0y.jpg\" alt=\"Kl\u00e1\u0161terec\" \/><\/figure><\/a><\/div><div class=\"swiper-slide\" role=\"group\" aria-roledescription=\"slide\" aria-label=\"5 of 6\"><a data-elementor-open-lightbox=\"yes\" data-elementor-lightbox-slideshow=\"5a94b84c\" data-elementor-lightbox-title=\"Klasterec-4\" data-e-action-hash=\"#elementor-action%3Aaction%3Dlightbox%26settings%3DeyJpZCI6MzkxOSwidXJsIjoiaHR0cHM6XC9cL3d3dy5ucHN1bWF2YS5jelwvd3AtY29udGVudFwvdXBsb2Fkc1wvMjAxOVwvMDhcL2tsYXN0ZXJlYy00LmpwZyIsInNsaWRlc2hvdyI6IjVhOTRiODRjIn0%3D\" href=\"https:\/\/www.npsumava.cz\/wp-content\/uploads\/2019\/08\/klasterec-4.jpg\"><figure class=\"swiper-slide-inner\"><img class=\"swiper-slide-image\" src=\"https:\/\/www.npsumava.cz\/wp-content\/uploads\/elementor\/thumbs\/klasterec-4-odk11wa8gl42lutm8yxur3c7nybljp8ck671tous7m.jpg\" alt=\"Klasterec-4\" \/><\/figure><\/a><\/div><div class=\"swiper-slide\" role=\"group\" aria-roledescription=\"slide\" aria-label=\"6 of 6\"><a data-elementor-open-lightbox=\"yes\" data-elementor-lightbox-slideshow=\"5a94b84c\" data-elementor-lightbox-title=\"Klasterec-2\" data-e-action-hash=\"#elementor-action%3Aaction%3Dlightbox%26settings%3DeyJpZCI6MzkxNywidXJsIjoiaHR0cHM6XC9cL3d3dy5ucHN1bWF2YS5jelwvd3AtY29udGVudFwvdXBsb2Fkc1wvMjAxOVwvMDhcL2tsYXN0ZXJlYy0yLmpwZyIsInNsaWRlc2hvdyI6IjVhOTRiODRjIn0%3D\" href=\"https:\/\/www.npsumava.cz\/wp-content\/uploads\/2019\/08\/klasterec-2.jpg\"><figure class=\"swiper-slide-inner\"><img class=\"swiper-slide-image\" src=\"https:\/\/www.npsumava.cz\/wp-content\/uploads\/elementor\/thumbs\/klasterec-2-odk11x82nf5cxgs93hchbl3o9c6yrec2waujayte1e.jpg\" alt=\"Klasterec-2\" \/><\/figure><\/a><\/div>\t\t\t<\/div>\n\t\t\t\t\t\t\t\t\t\t\t\t<div class=\"elementor-swiper-button elementor-swiper-button-prev\" role=\"button\" tabindex=\"0\">\n\t\t\t\t\t\t<i aria-hidden=\"true\" class=\"eicon-chevron-left\"><\/i>\t\t\t\t\t<\/div>\n\t\t\t\t\t<div class=\"elementor-swiper-button elementor-swiper-button-next\" role=\"button\" tabindex=\"0\">\n\t\t\t\t\t\t<i aria-hidden=\"true\" class=\"eicon-chevron-right\"><\/i>\t\t\t\t\t<\/div>\n\t\t\t\t\n\t\t\t\t\t\t\t\t\t<div class=\"swiper-pagination\"><\/div>\n\t\t\t\t\t\t\t\t\t<\/div>\n\t\t\t\t<\/div>\n\t\t\t\t<\/div>\n\t\t\t\t\t<\/div>\n\t\t<\/div>\n\t\t\t\t<div class=\"elementor-column elementor-col-50 elementor-top-column elementor-element elementor-element-612b3565\" data-id=\"612b3565\" data-element_type=\"column\">\n\t\t\t<div class=\"elementor-widget-wrap elementor-element-populated\">\n\t\t\t\t\t\t<section class=\"elementor-section elementor-inner-section elementor-element elementor-element-2de1a35e elementor-section-boxed elementor-section-height-default elementor-section-height-default\" data-id=\"2de1a35e\" data-element_type=\"section\">\n\t\t\t\t\t\t<div class=\"elementor-container elementor-column-gap-default\">\n\t\t\t\t\t<div class=\"elementor-column elementor-col-50 elementor-inner-column elementor-element elementor-element-255921cb\" data-id=\"255921cb\" data-element_type=\"column\">\n\t\t\t<div class=\"elementor-widget-wrap elementor-element-populated\">\n\t\t\t\t\t\t<div class=\"elementor-element elementor-element-30a80a85 elementor-widget elementor-widget-heading\" data-id=\"30a80a85\" data-element_type=\"widget\" data-widget_type=\"heading.default\">\n\t\t\t\t<div class=\"elementor-widget-container\">\n\t\t\t<h3 class=\"elementor-heading-title elementor-size-default\">If you find an injured animal, call:<\/h3>\t\t<\/div>\n\t\t\t\t<\/div>\n\t\t\t\t<div class=\"elementor-element elementor-element-65e613d6 eael-infobox-icon-bg-shape-circle linkhover eael-infobox-icon-hover-bg-shape-none elementor-widget elementor-widget-eael-info-box\" data-id=\"65e613d6\" data-element_type=\"widget\" data-widget_type=\"eael-info-box.default\">\n\t\t\t\t<div class=\"elementor-widget-container\">\n\t\t\t        <a href=\"tel:+420%20731%20530%20223\"  >            <div class=\"eael-infobox icon-on-left\">\n                    <div class=\"infobox-icon eael-icon-only\">\n\n            \n                            <div class=\"infobox-icon-wrap\">\n                    <i class=\"eci fontello-09bd47b32-tel\"><\/i>                <\/div>\n            \n            \n        <\/div>\n            <div class=\"infobox-content eael-icon-only\">\n                            <h4 class=\"title\">+420 731 530 223<\/h4>\n                    <\/div>\n    <\/div><\/a>\t\t<\/div>\n\t\t\t\t<\/div>\n\t\t\t\t<div class=\"elementor-element elementor-element-7c31795 eael-infobox-icon-bg-shape-circle linkhover eael-infobox-icon-hover-bg-shape-none elementor-widget elementor-widget-eael-info-box\" data-id=\"7c31795\" data-element_type=\"widget\" data-widget_type=\"eael-info-box.default\">\n\t\t\t\t<div class=\"elementor-widget-container\">\n\t\t\t        <a href=\"tel:+420%20731%20530%20325\"  >            <div class=\"eael-infobox icon-on-left\">\n                    <div class=\"infobox-icon eael-icon-only\">\n\n            \n                            <div class=\"infobox-icon-wrap\">\n                    <i class=\"eci fontello-09bd47b32-tel\"><\/i>                <\/div>\n            \n            \n        <\/div>\n            <div class=\"infobox-content eael-icon-only\">\n                            <h4 class=\"title\">+420 731 530 325<\/h4>\n                    <\/div>\n    <\/div><\/a>\t\t<\/div>\n\t\t\t\t<\/div>\n\t\t\t\t<div class=\"elementor-element elementor-element-1163e04 elementor-widget elementor-widget-heading\" data-id=\"1163e04\" data-element_type=\"widget\" data-widget_type=\"heading.default\">\n\t\t\t\t<div class=\"elementor-widget-container\">\n\t\t\t<h3 class=\"elementor-heading-title elementor-size-default\">Centre Manager Ing. Jan Mokr\u00fd<\/h3>\t\t<\/div>\n\t\t\t\t<\/div>\n\t\t\t\t<div class=\"elementor-element elementor-element-6b85d2e eael-infobox-icon-bg-shape-circle linkhover eael-infobox-icon-hover-bg-shape-none elementor-widget elementor-widget-eael-info-box\" data-id=\"6b85d2e\" data-element_type=\"widget\" data-widget_type=\"eael-info-box.default\">\n\t\t\t\t<div class=\"elementor-widget-container\">\n\t\t\t        <a href=\"tel:+420%20731%20530%20472\"  >            <div class=\"eael-infobox icon-on-left\">\n                    <div class=\"infobox-icon eael-icon-only\">\n\n            \n                            <div class=\"infobox-icon-wrap\">\n                    <i class=\"eci fontello-09bd47b32-tel\"><\/i>                <\/div>\n            \n            \n        <\/div>\n            <div class=\"infobox-content eael-icon-only\">\n                            <h4 class=\"title\">+420 731 530 472<\/h4>\n                    <\/div>\n    <\/div><\/a>\t\t<\/div>\n\t\t\t\t<\/div>\n\t\t\t\t<div class=\"elementor-element elementor-element-6e69d4ff elementor-widget elementor-widget-heading\" data-id=\"6e69d4ff\" data-element_type=\"widget\" data-widget_type=\"heading.default\">\n\t\t\t\t<div class=\"elementor-widget-container\">\n\t\t\t<h3 class=\"elementor-heading-title elementor-size-default\">Parking:<\/h3>\t\t<\/div>\n\t\t\t\t<\/div>\n\t\t\t\t<div class=\"elementor-element elementor-element-f7ea035 elementor-widget elementor-widget-text-editor\" data-id=\"f7ea035\" data-element_type=\"widget\" data-widget_type=\"text-editor.default\">\n\t\t\t\t<div class=\"elementor-widget-container\">\n\t\t\t\t\t\t\t<p>in the area (49136.493N, 134512.119E)<\/p>\t\t\t\t\t\t<\/div>\n\t\t\t\t<\/div>\n\t\t\t\t\t<\/div>\n\t\t<\/div>\n\t\t\t\t<div class=\"elementor-column elementor-col-50 elementor-inner-column elementor-element elementor-element-4268d285\" data-id=\"4268d285\" data-element_type=\"column\">\n\t\t\t<div class=\"elementor-widget-wrap elementor-element-populated\">\n\t\t\t\t\t\t<div class=\"elementor-element elementor-element-6de08264 elementor-widget elementor-widget-heading\" data-id=\"6de08264\" data-element_type=\"widget\" data-widget_type=\"heading.default\">\n\t\t\t\t<div class=\"elementor-widget-container\">\n\t\t\t<h3 class=\"elementor-heading-title elementor-size-default\">Opening hours:<\/h3>\t\t<\/div>\n\t\t\t\t<\/div>\n\t\t\t\t<div class=\"elementor-element elementor-element-9df563b elementor-widget elementor-widget-heading\" data-id=\"9df563b\" data-element_type=\"widget\" data-widget_type=\"heading.default\">\n\t\t\t\t<div class=\"elementor-widget-container\">\n\t\t\t<h3 class=\"elementor-heading-title elementor-size-default\">June \u2013 October<\/h3>\t\t<\/div>\n\t\t\t\t<\/div>\n\t\t\t\t<div class=\"elementor-element elementor-element-ef9e4b5 elementor-widget elementor-widget-tabulka\" data-id=\"ef9e4b5\" data-element_type=\"widget\" data-widget_type=\"tabulka.default\">\n\t\t\t\t<div class=\"elementor-widget-container\">\n\t\t\t<table class=\"ant-elementor-table table--noBorder\"><tr class=\"\"><td>Inspections are possible only accompanied by an employee of the rescue station:<\/td><td><\/td><\/tr><\/table>\t\t<\/div>\n\t\t\t\t<\/div>\n\t\t\t\t<div class=\"elementor-element elementor-element-805c740 elementor-widget elementor-widget-heading\" data-id=\"805c740\" data-element_type=\"widget\" data-widget_type=\"heading.default\">\n\t\t\t\t<div class=\"elementor-widget-container\">\n\t\t\t<h3 class=\"elementor-heading-title elementor-size-default\">every Wednesday<\/h3>\t\t<\/div>\n\t\t\t\t<\/div>\n\t\t\t\t<div class=\"elementor-element elementor-element-258bd52 elementor-widget elementor-widget-heading\" data-id=\"258bd52\" data-element_type=\"widget\" data-widget_type=\"heading.default\">\n\t\t\t\t<div class=\"elementor-widget-container\">\n\t\t\t<h3 class=\"elementor-heading-title elementor-size-default\">at 11 and at 13 o'clock <\/h3>\t\t<\/div>\n\t\t\t\t<\/div>\n\t\t\t\t<div class=\"elementor-element elementor-element-4031b9e elementor-widget elementor-widget-tabulka\" data-id=\"4031b9e\" data-element_type=\"widget\" data-widget_type=\"tabulka.default\">\n\t\t\t\t<div class=\"elementor-widget-container\">\n\t\t\t<table class=\"ant-elementor-table table--noBorder\"><tr class=\"\"><td>(except holidays)  <\/td><td><\/td><\/tr><\/table>\t\t<\/div>\n\t\t\t\t<\/div>\n\t\t\t\t<div class=\"elementor-element elementor-element-6d59dee6 eael-infobox-icon-bg-shape-none eael-infobox-icon-hover-bg-shape-none elementor-widget elementor-widget-eael-info-box\" data-id=\"6d59dee6\" data-element_type=\"widget\" data-widget_type=\"eael-info-box.default\">\n\t\t\t\t<div class=\"elementor-widget-container\">\n\t\t\t                    <div class=\"eael-infobox icon-on-left\">\n                    <div class=\"infobox-icon eael-icon-only\">\n\n            \n                            <div class=\"infobox-icon-wrap\">\n                    <i class=\"fas fa-info-circle\"><\/i>                <\/div>\n            \n            \n        <\/div>\n            <div class=\"infobox-content eael-icon-only\">\n                                                                        <p><p><strong>Max 20 people<\/strong><\/p><\/p>\n                                                                            <\/div>\n    <\/div>\t\t<\/div>\n\t\t\t\t<\/div>\n\t\t\t\t\t<\/div>\n\t\t<\/div>\n\t\t\t\t\t<\/div>\n\t\t<\/section>\n\t\t\t\t\t<\/div>\n\t\t<\/div>\n\t\t\t\t\t<\/div>\n\t\t<\/section>\n\t\t\t\t<section class=\"elementor-section elementor-top-section elementor-element elementor-element-1a8bb898 elementor-section-boxed elementor-section-height-default elementor-section-height-default\" data-id=\"1a8bb898\" data-element_type=\"section\">\n\t\t\t\t\t\t<div class=\"elementor-container elementor-column-gap-default\">\n\t\t\t\t\t<div class=\"elementor-column elementor-col-100 elementor-top-column elementor-element elementor-element-5f03c714\" data-id=\"5f03c714\" data-element_type=\"column\">\n\t\t\t<div class=\"elementor-widget-wrap elementor-element-populated\">\n\t\t\t\t\t\t<div class=\"elementor-element elementor-element-3675a7e6 elementor-widget elementor-widget-heading\" data-id=\"3675a7e6\" data-element_type=\"widget\" data-widget_type=\"heading.default\">\n\t\t\t\t<div class=\"elementor-widget-container\">\n\t\t\t<h2 class=\"elementor-heading-title elementor-size-default\">About the center<\/h2>\t\t<\/div>\n\t\t\t\t<\/div>\n\t\t\t\t<div class=\"elementor-element elementor-element-2647ff22 elementor-widget elementor-widget-text-editor\" data-id=\"2647ff22\" data-element_type=\"widget\" data-widget_type=\"text-editor.default\">\n\t\t\t\t<div class=\"elementor-widget-container\">\n\t\t\t\t\t\t\t<p>Center has been built for wide use in the rescue of disabled wildlife and the environmental education of visitors. <\/p><p>The way the pens, enclosures, and aviaries are furnished enables high-quality care for every wild animal affected.<\/p><p>The centre runs on renewable energy and the behind-the-scenes facility is a low-energy building. In this way, the project combines the use of the latest technology, conservation, and management of disabled wildlife.\u00a0 \u00a0<\/p><p>The site was chosen due to the favourable location of the central point in response to veterinary services with full-range equipment.<\/p>\t\t\t\t\t\t<\/div>\n\t\t\t\t<\/div>\n\t\t\t\t<div class=\"elementor-element elementor-element-1efc250 elementor-widget elementor-widget-heading\" data-id=\"1efc250\" data-element_type=\"widget\" data-widget_type=\"heading.default\">\n\t\t\t\t<div class=\"elementor-widget-container\">\n\t\t\t<h2 class=\"elementor-heading-title elementor-size-default\">What the centre offers<\/h2>\t\t<\/div>\n\t\t\t\t<\/div>\n\t\t\t\t<div class=\"elementor-element elementor-element-9de30df elementor-align-left elementor-icon-list--layout-traditional elementor-list-item-link-full_width elementor-widget elementor-widget-icon-list\" data-id=\"9de30df\" data-element_type=\"widget\" data-widget_type=\"icon-list.default\">\n\t\t\t\t<div class=\"elementor-widget-container\">\n\t\t\t\t\t<ul class=\"elementor-icon-list-items\">\n\t\t\t\t\t\t\t<li class=\"elementor-icon-list-item\">\n\t\t\t\t\t\t\t\t\t\t\t<span class=\"elementor-icon-list-icon\">\n\t\t\t\t\t\t\t<i aria-hidden=\"true\" class=\"fas fa-circle\"><\/i>\t\t\t\t\t\t<\/span>\n\t\t\t\t\t\t\t\t\t\t<span class=\"elementor-icon-list-text\">The base building with aviaries with a screening room for environmental education, a quarantine facility, and a feed mice breeding area;<\/span>\n\t\t\t\t\t\t\t\t\t<\/li>\n\t\t\t\t\t\t\t\t<li class=\"elementor-icon-list-item\">\n\t\t\t\t\t\t\t\t\t\t\t<span class=\"elementor-icon-list-icon\">\n\t\t\t\t\t\t\t<i aria-hidden=\"true\" class=\"fas fa-circle\"><\/i>\t\t\t\t\t\t<\/span>\n\t\t\t\t\t\t\t\t\t\t<span class=\"elementor-icon-list-text\">Out-of-scene facility with a veterinary room, feed preparation room and stores, office, and a social room;<\/span>\n\t\t\t\t\t\t\t\t\t<\/li>\n\t\t\t\t\t\t\t\t<li class=\"elementor-icon-list-item\">\n\t\t\t\t\t\t\t\t\t\t\t<span class=\"elementor-icon-list-icon\">\n\t\t\t\t\t\t\t<i aria-hidden=\"true\" class=\"fas fa-circle\"><\/i>\t\t\t\t\t\t<\/span>\n\t\t\t\t\t\t\t\t\t\t<span class=\"elementor-icon-list-text\">Rehabilitation & flight-training aviary, which is used to increase the fitness of the treated animals before releasing them into the wild.<\/span>\n\t\t\t\t\t\t\t\t\t<\/li>\n\t\t\t\t\t\t\t\t<li class=\"elementor-icon-list-item\">\n\t\t\t\t\t\t\t\t\t\t\t<span class=\"elementor-icon-list-icon\">\n\t\t\t\t\t\t\t<i aria-hidden=\"true\" class=\"fas fa-circle\"><\/i>\t\t\t\t\t\t<\/span>\n\t\t\t\t\t\t\t\t\t\t<span class=\"elementor-icon-list-text\">The fenced area (about 7 ha) in Kl\u00e1\u0161terec where the centre is located enables further use and development stemming from the operation of this type of facility.<\/span>\n\t\t\t\t\t\t\t\t\t<\/li>\n\t\t\t\t\t\t<\/ul>\n\t\t\t\t<\/div>\n\t\t\t\t<\/div>\n\t\t\t\t\t<\/div>\n\t\t<\/div>\n\t\t\t\t\t<\/div>\n\t\t<\/section>\n\t\t\t\t<\/div>\n\t\t","protected":false},"excerpt":{"rendered":"<p>P\u0159edchoz\u00ed Dal\u0161\u00ed If you find an injured animal, call: +420 731 530 223 +420 731 530 325 Centre Manager Ing. Jan Mokr\u00fd +420 731 530 472 Parking: in the area (49136.493N, 134512.119E) Opening hours: June \u2013 October Inspections are possible only accompanied by an employee of the rescue station: every Wednesday at 11 and at&#8230;<\/p>\n","protected":false},"author":2,"featured_media":24838,"parent":16835,"menu_order":449,"comment_status":"closed","ping_status":"closed","template":"","meta":[],"acf":[],"_links":{"self":[{"href":"https:\/\/www.npsumava.cz\/en\/wp-json\/wp\/v2\/pages\/16906"}],"collection":[{"href":"https:\/\/www.npsumava.cz\/en\/wp-json\/wp\/v2\/pages"}],"about":[{"href":"https:\/\/www.npsumava.cz\/en\/wp-json\/wp\/v2\/types\/page"}],"author":[{"embeddable":true,"href":"https:\/\/www.npsumava.cz\/en\/wp-json\/wp\/v2\/users\/2"}],"replies":[{"embeddable":true,"href":"https:\/\/www.npsumava.cz\/en\/wp-json\/wp\/v2\/comments?post=16906"}],"version-history":[{"count":0,"href":"https:\/\/www.npsumava.cz\/en\/wp-json\/wp\/v2\/pages\/16906\/revisions"}],"up":[{"embeddable":true,"href":"https:\/\/www.npsumava.cz\/en\/wp-json\/wp\/v2\/pages\/16835"}],"wp:featuredmedia":[{"embeddable":true,"href":"https:\/\/www.npsumava.cz\/en\/wp-json\/wp\/v2\/media\/24838"}],"wp:attachment":[{"href":"https:\/\/www.npsumava.cz\/en\/wp-json\/wp\/v2\/media?parent=16906"}],"curies":[{"name":"wp","href":"https:\/\/api.w.org\/{rel}","templated":true}]}}