{"id":16872,"date":"2020-06-24T14:31:50","date_gmt":"2020-06-24T12:31:50","guid":{"rendered":"https:\/\/www.npsumava.cz\/?page_id=16872"},"modified":"2026-04-27T13:43:33","modified_gmt":"2026-04-27T11:43:33","slug":"polednik-information-centre","status":"publish","type":"page","link":"https:\/\/www.npsumava.cz\/en\/visit-sumava\/visitor-centers\/polednik-information-centre\/","title":{"rendered":"Poledn\u00edk Information Centre"},"content":{"rendered":"\t\t<div data-elementor-type=\"wp-post\" data-elementor-id=\"16872\" class=\"elementor elementor-16872 elementor-1723\" data-elementor-post-type=\"page\">\n\t\t\t\t\t\t<section class=\"elementor-section elementor-top-section elementor-element elementor-element-f705daa elementor-section-boxed elementor-section-height-default elementor-section-height-default\" data-id=\"f705daa\" data-element_type=\"section\">\n\t\t\t\t\t\t<div class=\"elementor-container elementor-column-gap-default\">\n\t\t\t\t\t<div class=\"elementor-column elementor-col-50 elementor-top-column elementor-element elementor-element-5fb8aa02\" data-id=\"5fb8aa02\" data-element_type=\"column\">\n\t\t\t<div class=\"elementor-widget-wrap elementor-element-populated\">\n\t\t\t\t\t\t<div class=\"elementor-element elementor-element-15d53dfd elementor-arrows-position-inside elementor-pagination-position-outside elementor-widget elementor-widget-image-carousel\" data-id=\"15d53dfd\" data-element_type=\"widget\" data-settings=\"{&quot;slides_to_show&quot;:&quot;1&quot;,&quot;navigation&quot;:&quot;both&quot;,&quot;autoplay&quot;:&quot;yes&quot;,&quot;pause_on_hover&quot;:&quot;yes&quot;,&quot;pause_on_interaction&quot;:&quot;yes&quot;,&quot;autoplay_speed&quot;:5000,&quot;infinite&quot;:&quot;yes&quot;,&quot;effect&quot;:&quot;slide&quot;,&quot;speed&quot;:500}\" data-widget_type=\"image-carousel.default\">\n\t\t\t\t<div class=\"elementor-widget-container\">\n\t\t\t\t\t<div class=\"elementor-image-carousel-wrapper swiper-container\" dir=\"ltr\">\n\t\t\t<div class=\"elementor-image-carousel swiper-wrapper\" aria-live=\"off\">\n\t\t\t\t\t\t\t\t<div class=\"swiper-slide\" role=\"group\" aria-roledescription=\"slide\" aria-label=\"1 of 10\"><a data-elementor-open-lightbox=\"yes\" data-elementor-lightbox-slideshow=\"15d53dfd\" data-elementor-lightbox-title=\"Polednik-3\" data-e-action-hash=\"#elementor-action%3Aaction%3Dlightbox%26settings%3DeyJpZCI6Mjg1NjEsInVybCI6Imh0dHBzOlwvXC93d3cubnBzdW1hdmEuY3pcL3dwLWNvbnRlbnRcL3VwbG9hZHNcLzIwMjFcLzEwXC9wb2xlZG5pay0zLmpwZyIsInNsaWRlc2hvdyI6IjE1ZDUzZGZkIn0%3D\" href=\"https:\/\/www.npsumava.cz\/wp-content\/uploads\/2021\/10\/polednik-3.jpg\"><figure class=\"swiper-slide-inner\"><img class=\"swiper-slide-image\" src=\"https:\/\/www.npsumava.cz\/wp-content\/uploads\/elementor\/thumbs\/polednik-3-pe9628qsw6tym83l5reckt46hegv8f1hd989089k5u.jpg\" alt=\"Poledn\u00edk v podzimn\u00ed mlze\" \/><\/figure><\/a><\/div><div class=\"swiper-slide\" role=\"group\" aria-roledescription=\"slide\" aria-label=\"2 of 10\"><a data-elementor-open-lightbox=\"yes\" data-elementor-lightbox-slideshow=\"15d53dfd\" data-elementor-lightbox-title=\"Turnikety\" data-e-action-hash=\"#elementor-action%3Aaction%3Dlightbox%26settings%3DeyJpZCI6Mjg1NjcsInVybCI6Imh0dHBzOlwvXC93d3cubnBzdW1hdmEuY3pcL3dwLWNvbnRlbnRcL3VwbG9hZHNcLzIwMjFcLzEwXC90dXJuaWtldHkuanBnIiwic2xpZGVzaG93IjoiMTVkNTNkZmQifQ%3D%3D\" href=\"https:\/\/www.npsumava.cz\/wp-content\/uploads\/2021\/10\/turnikety.jpg\"><figure class=\"swiper-slide-inner\"><img class=\"swiper-slide-image\" src=\"https:\/\/www.npsumava.cz\/wp-content\/uploads\/elementor\/thumbs\/turnikety-pe962bkbgoxtl1zhpam8aaek9k2yvicodn6pg25dn6.jpg\" alt=\"Turnikety jsou um\u00edst\u011bny p\u0159ed vchodem do v\u011b\u017ee, kam m\u016f\u017ee najednou vstoupit max. 50 osob a tak\u00e9 p\u0159ed vchodem na vyhl\u00eddku, kam z bezpe\u010dnostn\u00edch d\u016fvod\u016f m\u016f\u017ee najednou p\u0159ij\u00edt max. 10 osob\" \/><\/figure><\/a><\/div><div class=\"swiper-slide\" role=\"group\" aria-roledescription=\"slide\" aria-label=\"3 of 10\"><a data-elementor-open-lightbox=\"yes\" data-elementor-lightbox-slideshow=\"15d53dfd\" data-elementor-lightbox-title=\"Nov\u00e9-schody-v-posledn\u00edm-patre\" data-e-action-hash=\"#elementor-action%3Aaction%3Dlightbox%26settings%3DeyJpZCI6Mjg1NDksInVybCI6Imh0dHBzOlwvXC93d3cubnBzdW1hdmEuY3pcL3dwLWNvbnRlbnRcL3VwbG9hZHNcLzIwMjFcLzEwXC9ub3ZlLXNjaG9keS12LXBvc2xlZG5pbS1wYXRyZS5qcGciLCJzbGlkZXNob3ciOiIxNWQ1M2RmZCJ9\" href=\"https:\/\/www.npsumava.cz\/wp-content\/uploads\/2021\/10\/nove-schody-v-poslednim-patre.jpg\"><figure class=\"swiper-slide-inner\"><img class=\"swiper-slide-image\" src=\"https:\/\/www.npsumava.cz\/wp-content\/uploads\/elementor\/thumbs\/nove-schody-v-poslednim-patre-pe96241ly0nj06aex7d7qcavih415xitolytlugj0y.jpg\" alt=\"Nov\u00e9 schody v posledn\u00edm pat\u0159e p\u0159ed vchodem na vyhl\u00eddku, kde m\u016f\u017ee b\u00fdt v jednu chv\u00edli max. 10 osob\" \/><\/figure><\/a><\/div><div class=\"swiper-slide\" role=\"group\" aria-roledescription=\"slide\" aria-label=\"4 of 10\"><a data-elementor-open-lightbox=\"yes\" data-elementor-lightbox-slideshow=\"15d53dfd\" data-elementor-lightbox-title=\"Nov\u00fd-vchod-do-infocentra\" data-e-action-hash=\"#elementor-action%3Aaction%3Dlightbox%26settings%3DeyJpZCI6Mjg1NTIsInVybCI6Imh0dHBzOlwvXC93d3cubnBzdW1hdmEuY3pcL3dwLWNvbnRlbnRcL3VwbG9hZHNcLzIwMjFcLzEwXC9ub3Z5LXZjaG9kLWRvLWluZm9jZW50cmEuanBnIiwic2xpZGVzaG93IjoiMTVkNTNkZmQifQ%3D%3D\" href=\"https:\/\/www.npsumava.cz\/wp-content\/uploads\/2021\/10\/novy-vchod-do-infocentra.jpg\"><figure class=\"swiper-slide-inner\"><img class=\"swiper-slide-image\" src=\"https:\/\/www.npsumava.cz\/wp-content\/uploads\/elementor\/thumbs\/novy-vchod-do-infocentra-pe9624zg4uotbs91rpruau2c3uzedmmk0qmb34f4uq.jpg\" alt=\"Nov\u00fd vchod do infocentra a n\u00e1sledn\u011b do v\u011b\u017ee\" \/><\/figure><\/a><\/div><div class=\"swiper-slide\" role=\"group\" aria-roledescription=\"slide\" aria-label=\"5 of 10\"><a data-elementor-open-lightbox=\"yes\" data-elementor-lightbox-slideshow=\"15d53dfd\" data-elementor-lightbox-title=\"P\u016fvodn\u00ed-vchod-do-rozhledny\" data-e-action-hash=\"#elementor-action%3Aaction%3Dlightbox%26settings%3DeyJpZCI6Mjg1NjQsInVybCI6Imh0dHBzOlwvXC93d3cubnBzdW1hdmEuY3pcL3dwLWNvbnRlbnRcL3VwbG9hZHNcLzIwMjFcLzEwXC9wdXZvZG5pLXZjaG9kLWRvLXJvemhsZWRueS5qcGciLCJzbGlkZXNob3ciOiIxNWQ1M2RmZCJ9\" href=\"https:\/\/www.npsumava.cz\/wp-content\/uploads\/2021\/10\/puvodni-vchod-do-rozhledny.jpg\"><figure class=\"swiper-slide-inner\"><img class=\"swiper-slide-image\" src=\"https:\/\/www.npsumava.cz\/wp-content\/uploads\/elementor\/thumbs\/puvodni-vchod-do-rozhledny-pe962amh9uwj9g0uus7lpsn3o67lnt8y1ij7ys6rte.jpg\" alt=\"P\u016fvodn\u00ed vchod do rozhledny u\u017e slou\u017e\u00ed pouze jako evakua\u010dn\u00ed\" \/><\/figure><\/a><\/div><div class=\"swiper-slide\" role=\"group\" aria-roledescription=\"slide\" aria-label=\"6 of 10\"><a data-elementor-open-lightbox=\"yes\" data-elementor-lightbox-slideshow=\"15d53dfd\" data-elementor-lightbox-title=\"polednik-8\" data-e-action-hash=\"#elementor-action%3Aaction%3Dlightbox%26settings%3DeyJpZCI6MzczNSwidXJsIjoiaHR0cHM6XC9cL3d3dy5ucHN1bWF2YS5jelwvd3AtY29udGVudFwvdXBsb2Fkc1wvMjAxOVwvMDhcL3BvbGVkbmlrLTguanBnIiwic2xpZGVzaG93IjoiMTVkNTNkZmQifQ%3D%3D\" href=\"https:\/\/www.npsumava.cz\/wp-content\/uploads\/2019\/08\/polednik-8.jpg\"><figure class=\"swiper-slide-inner\"><img class=\"swiper-slide-image\" src=\"https:\/\/www.npsumava.cz\/wp-content\/uploads\/elementor\/thumbs\/polednik-8-odk11wa8gl42lutm8yxur3c7nybljp8ck671tous7m.jpg\" alt=\"polednik-8\" \/><\/figure><\/a><\/div><div class=\"swiper-slide\" role=\"group\" aria-roledescription=\"slide\" aria-label=\"7 of 10\"><a data-elementor-open-lightbox=\"yes\" data-elementor-lightbox-slideshow=\"15d53dfd\" data-elementor-lightbox-title=\"polednik-2\" data-e-action-hash=\"#elementor-action%3Aaction%3Dlightbox%26settings%3DeyJpZCI6MzczMCwidXJsIjoiaHR0cHM6XC9cL3d3dy5ucHN1bWF2YS5jelwvd3AtY29udGVudFwvdXBsb2Fkc1wvMjAxOVwvMDhcL3BvbGVkbmlrLTIuanBnIiwic2xpZGVzaG93IjoiMTVkNTNkZmQifQ%3D%3D\" href=\"https:\/\/www.npsumava.cz\/wp-content\/uploads\/2019\/08\/polednik-2.jpg\"><figure class=\"swiper-slide-inner\"><img class=\"swiper-slide-image\" src=\"https:\/\/www.npsumava.cz\/wp-content\/uploads\/elementor\/thumbs\/polednik-2-odk11wa8gl42lutm8yxur3c7nybljp8ck671tous7m.jpg\" alt=\"polednik-2\" \/><\/figure><\/a><\/div><div class=\"swiper-slide\" role=\"group\" aria-roledescription=\"slide\" aria-label=\"8 of 10\"><a data-elementor-open-lightbox=\"yes\" data-elementor-lightbox-slideshow=\"15d53dfd\" data-elementor-lightbox-title=\"polednik-3\" data-elementor-lightbox-description=\"polednik-3\" data-e-action-hash=\"#elementor-action%3Aaction%3Dlightbox%26settings%3DeyJpZCI6MzczMSwidXJsIjoiaHR0cHM6XC9cL3d3dy5ucHN1bWF2YS5jelwvd3AtY29udGVudFwvdXBsb2Fkc1wvMjAxOVwvMDhcL3BvbGVkbmlrLTMuanBnIiwic2xpZGVzaG93IjoiMTVkNTNkZmQifQ%3D%3D\" href=\"https:\/\/www.npsumava.cz\/wp-content\/uploads\/2019\/08\/polednik-3.jpg\"><figure class=\"swiper-slide-inner\"><img class=\"swiper-slide-image\" src=\"https:\/\/www.npsumava.cz\/wp-content\/uploads\/elementor\/thumbs\/polednik-3-pkldxlj8r3iq1jpc6k1dnxr0p33ss6ti5jmhrt4mz6.jpg\" alt=\"polednik-3\" \/><\/figure><\/a><\/div><div class=\"swiper-slide\" role=\"group\" aria-roledescription=\"slide\" aria-label=\"9 of 10\"><a data-elementor-open-lightbox=\"yes\" data-elementor-lightbox-slideshow=\"15d53dfd\" data-elementor-lightbox-title=\"polednik-5\" data-e-action-hash=\"#elementor-action%3Aaction%3Dlightbox%26settings%3DeyJpZCI6MzczMywidXJsIjoiaHR0cHM6XC9cL3d3dy5ucHN1bWF2YS5jelwvd3AtY29udGVudFwvdXBsb2Fkc1wvMjAxOVwvMDhcL3BvbGVkbmlrLTUuanBnIiwic2xpZGVzaG93IjoiMTVkNTNkZmQifQ%3D%3D\" href=\"https:\/\/www.npsumava.cz\/wp-content\/uploads\/2019\/08\/polednik-5.jpg\"><figure class=\"swiper-slide-inner\"><img class=\"swiper-slide-image\" src=\"https:\/\/www.npsumava.cz\/wp-content\/uploads\/elementor\/thumbs\/polednik-5-pklnkt519ytqo3cypn27pbio6zqu3782k2xdlebck2.jpg\" alt=\"polednik-5\" \/><\/figure><\/a><\/div><div class=\"swiper-slide\" role=\"group\" aria-roledescription=\"slide\" aria-label=\"10 of 10\"><a data-elementor-open-lightbox=\"yes\" data-elementor-lightbox-slideshow=\"15d53dfd\" data-elementor-lightbox-title=\"polednik-4\" data-elementor-lightbox-description=\"polednik-4\" data-e-action-hash=\"#elementor-action%3Aaction%3Dlightbox%26settings%3DeyJpZCI6MzczMiwidXJsIjoiaHR0cHM6XC9cL3d3dy5ucHN1bWF2YS5jelwvd3AtY29udGVudFwvdXBsb2Fkc1wvMjAxOVwvMDhcL3BvbGVkbmlrLTQuanBnIiwic2xpZGVzaG93IjoiMTVkNTNkZmQifQ%3D%3D\" href=\"https:\/\/www.npsumava.cz\/wp-content\/uploads\/2019\/08\/polednik-4.jpg\"><figure class=\"swiper-slide-inner\"><img class=\"swiper-slide-image\" src=\"https:\/\/www.npsumava.cz\/wp-content\/uploads\/elementor\/thumbs\/polednik-4-odk11x82nf5cxgs93hchbl3o9c6yrec2waujayte1e.jpg\" alt=\"polednik-4\" \/><\/figure><\/a><\/div>\t\t\t<\/div>\n\t\t\t\t\t\t\t\t\t\t\t\t<div class=\"elementor-swiper-button elementor-swiper-button-prev\" role=\"button\" tabindex=\"0\">\n\t\t\t\t\t\t<i aria-hidden=\"true\" class=\"eicon-chevron-left\"><\/i>\t\t\t\t\t<\/div>\n\t\t\t\t\t<div class=\"elementor-swiper-button elementor-swiper-button-next\" role=\"button\" tabindex=\"0\">\n\t\t\t\t\t\t<i aria-hidden=\"true\" class=\"eicon-chevron-right\"><\/i>\t\t\t\t\t<\/div>\n\t\t\t\t\n\t\t\t\t\t\t\t\t\t<div class=\"swiper-pagination\"><\/div>\n\t\t\t\t\t\t\t\t\t<\/div>\n\t\t\t\t<\/div>\n\t\t\t\t<\/div>\n\t\t\t\t<div class=\"elementor-element elementor-element-5f00f93 elementor-widget elementor-widget-text-editor\" data-id=\"5f00f93\" data-element_type=\"widget\" data-widget_type=\"text-editor.default\">\n\t\t\t\t<div class=\"elementor-widget-container\">\n\t\t\t\t\t\t\t<p>Admission to Poledn\u00edk is <strong>30\/60 CZK<\/strong> for persons under 18 years, <strong>60\/120 CZK<\/strong> over 18 years.<\/p><p>According to the established fire regulations, there can be a maximum of <strong>50 people inside the tower<\/strong> at a time, and a <strong>maximum of 10 people<\/strong> at the lookout.<\/p><p>The exhibition spaces are still empty, so the biggest attraction for the coming days is the view from the tower.<\/p>\t\t\t\t\t\t<\/div>\n\t\t\t\t<\/div>\n\t\t\t\t\t<\/div>\n\t\t<\/div>\n\t\t\t\t<div class=\"elementor-column elementor-col-50 elementor-top-column elementor-element elementor-element-382a1188\" data-id=\"382a1188\" data-element_type=\"column\">\n\t\t\t<div class=\"elementor-widget-wrap elementor-element-populated\">\n\t\t\t\t\t\t<div class=\"elementor-element elementor-element-f533aeb elementor-widget elementor-widget-heading\" data-id=\"f533aeb\" data-element_type=\"widget\" data-widget_type=\"heading.default\">\n\t\t\t\t<div class=\"elementor-widget-container\">\n\t\t\t<h2 class=\"elementor-heading-title elementor-size-default\">Poledn\u00edk viewing tower \n\n<\/h2>\t\t<\/div>\n\t\t\t\t<\/div>\n\t\t\t\t<div class=\"elementor-element elementor-element-5b87ea9 elementor-widget elementor-widget-heading\" data-id=\"5b87ea9\" data-element_type=\"widget\" data-widget_type=\"heading.default\">\n\t\t\t\t<div class=\"elementor-widget-container\">\n\t\t\t<h3 class=\"elementor-heading-title elementor-size-default\">Poledn\u00edk ist kein klassischer Aussichtsturm.\n\n<\/h3>\t\t<\/div>\n\t\t\t\t<\/div>\n\t\t\t\t<div class=\"elementor-element elementor-element-276678c elementor-widget elementor-widget-heading\" data-id=\"276678c\" data-element_type=\"widget\" data-widget_type=\"heading.default\">\n\t\t\t\t<div class=\"elementor-widget-container\">\n\t\t\t<h3 class=\"elementor-heading-title elementor-size-default\">November - April closed\n\n<\/h3>\t\t<\/div>\n\t\t\t\t<\/div>\n\t\t\t\t<div class=\"elementor-element elementor-element-384953a elementor-widget elementor-widget-text-editor\" data-id=\"384953a\" data-element_type=\"widget\" data-widget_type=\"text-editor.default\">\n\t\t\t\t<div class=\"elementor-widget-container\">\n\t\t\t\t\t\t\t<p>Therefore, this originally military building does not offer the visitor comfort of ordinary lookout towers. In return, it offers views of the unique natural landscape of the Bohemian Forest.<\/p>\t\t\t\t\t\t<\/div>\n\t\t\t\t<\/div>\n\t\t\t\t<div class=\"elementor-element elementor-element-1f126c7 elementor-widget elementor-widget-text-editor\" data-id=\"1f126c7\" data-element_type=\"widget\" data-widget_type=\"text-editor.default\">\n\t\t\t\t<div class=\"elementor-widget-container\">\n\t\t\t\t\t\t\t<p><strong><span class=\"Y2IQFc\" lang=\"en\">Opening hours &#8211; daily<\/span><\/strong><\/p><table><tbody><tr><td><span class=\"Y2IQFc\" lang=\"en\">May<\/span><\/td><td>9:30 \u2013 16:00 (weekends only)<\/td><\/tr><tr><td><span class=\"Y2IQFc\" lang=\"en\">June<\/span><\/td><td>9:30 \u2013 16:30<\/td><\/tr><tr><td>July<\/td><td>9:30 \u2013 16:30<\/td><\/tr><tr><td>August<\/td><td>9:30 \u2013 16:30<\/td><\/tr><tr><td>September<\/td><td>9:30 \u2013 16:00<\/td><\/tr><tr><td>October<\/td><td>9:30 \u2013 16:00 (<span class=\"Y2IQFc\" lang=\"en\">to 29.10.2026)\u00a0<\/span><\/td><\/tr><tr><td>November<\/td><td><span class=\"Y2IQFc\" lang=\"en\">closed <br \/><\/span><\/td><\/tr><\/tbody><\/table>\t\t\t\t\t\t<\/div>\n\t\t\t\t<\/div>\n\t\t\t\t<div class=\"elementor-element elementor-element-92de121 eael-infobox-icon-bg-shape-none eael-infobox-icon-hover-bg-shape-none elementor-widget elementor-widget-eael-info-box\" data-id=\"92de121\" data-element_type=\"widget\" data-widget_type=\"eael-info-box.default\">\n\t\t\t\t<div class=\"elementor-widget-container\">\n\t\t\t                    <div class=\"eael-infobox icon-on-left\">\n                    <div class=\"infobox-icon eael-icon-only\">\n\n            \n                            <div class=\"infobox-icon-wrap\">\n                    <i class=\"fas fa-info-circle\"><\/i>                <\/div>\n            \n            \n        <\/div>\n            <div class=\"infobox-content eael-icon-only\">\n                                                                        <p><p>The Poledn\u00edk viewing tower is located at an elevation of 1,315 m, and is 37 m high.<\/p><\/p>\n                                                                            <\/div>\n    <\/div>\t\t<\/div>\n\t\t\t\t<\/div>\n\t\t\t\t\t<\/div>\n\t\t<\/div>\n\t\t\t\t\t<\/div>\n\t\t<\/section>\n\t\t\t\t<section class=\"elementor-section elementor-top-section elementor-element elementor-element-44a87e1b elementor-section-boxed elementor-section-height-default elementor-section-height-default\" data-id=\"44a87e1b\" data-element_type=\"section\">\n\t\t\t\t\t\t<div class=\"elementor-container elementor-column-gap-default\">\n\t\t\t\t\t<div class=\"elementor-column elementor-col-100 elementor-top-column elementor-element elementor-element-3c60d4e8\" data-id=\"3c60d4e8\" data-element_type=\"column\">\n\t\t\t<div class=\"elementor-widget-wrap elementor-element-populated\">\n\t\t\t\t\t\t<div class=\"elementor-element elementor-element-43ae84a2 elementor-widget elementor-widget-heading\" data-id=\"43ae84a2\" data-element_type=\"widget\" data-widget_type=\"heading.default\">\n\t\t\t\t<div class=\"elementor-widget-container\">\n\t\t\t<h2 class=\"elementor-heading-title elementor-size-default\">About the tower<\/h2>\t\t<\/div>\n\t\t\t\t<\/div>\n\t\t\t\t<div class=\"elementor-element elementor-element-24601d3e elementor-widget elementor-widget-text-editor\" data-id=\"24601d3e\" data-element_type=\"widget\" data-widget_type=\"text-editor.default\">\n\t\t\t\t<div class=\"elementor-widget-container\">\n\t\t\t\t\t\t\t<p>The highest peak around Pr\u00e1\u0161ily has always attracted many travellers. The Czech name [literally: meridian] probably came from local loggers who claimed that as soon as the sun rose over the top of this mountain, it was high noon and thus time for lunch. Although the peak was located near settlements with relatively high population density, such as Pr\u00e1\u0161ily, Slune\u010dn\u00e1, and Zelen\u00e1 Hora, no mention has been preserved of any viewing tower or platform. The forested mountain-top was not historically favourable for views over great distances. The forest was cut down in the area, but this was quickly followed by two world wars and the subsequent post-war order, especially in Eastern Europe, which closed the entire territory for almost fifty years. Only in the 1960s and 1970s was a use found for the peak of Mt Poledn\u00edk. Of course the army was involved.<\/p><p>The convenient location of the hill and the elevation made it a very suitable candidate for the location of a military post, the task of which was to electronically guard the western border. As a result, the structure then erected on the mountain-top was integrated into the network of electronic surveillance of the border with the Federal Republic of Germany (FRG), along with four other buildings &#8211; Dyle\u0148, Havran, Zvon, and \u010cerchov. With such structures and equipment placed inside, troops of the Warsaw Pact (the military pact of the time uniting the forces of individual countries of Eastern Europe) were capable of having an overview of the communication between NATO armies. The technology made it possible to monitor radio traffic on dry land as well as at sea, and even managed to capture radio broadcasts of both police and civil radio stations from as far away as Munich.<\/p><p>All these military installations were kept as closely-guarded secrets. Mt Poledn\u00edk had air cover from a squadron of helicopters based on nearby Zh\u016f\u0159\u00ed (1,140 m). The secrecy even went so far that most maps of those years had no indication of the mountain, and roads on the maps were deliberately misrepresented or missing altogether. Additionally, the relatively extensive region bounded by the flume of Vchynice-Tetov, K\u0159emeln\u00e1, Dobr\u00e1 Voda, Keple, the hill of Had\u00ed vrch, and the road from Javorn\u00e1 to \u017delezn\u00e1 Ruda was utilised by the army as a military training area and a shooting range (the military zone of Dobr\u00e1 Voda), thus making Poledn\u00edk\u2019s isolation from the world almost 100%.<\/p><p>This ended in 1989. The structure was left by the army that then sought to sell it. In 1997, the building was bought by the \u0160umava National Park Administration and an extensive refurbishment project was carried out. The neighbouring auxiliary structures were removed and the tower itself adapted for use by the public. Windows were installed in the fibre-glass extensions shaping the typical look of the tower and previously hosting the equipment for wiretapping and radars, and a new walkway was placed on the top of the building. The surrounding area was completely redesigned for resting and relaxation. The grand opening took place on 18 July 1998. Since then, the tower has served the public, becoming one of the most visited places in \u0160umava.<\/p>\t\t\t\t\t\t<\/div>\n\t\t\t\t<\/div>\n\t\t\t\t\t<\/div>\n\t\t<\/div>\n\t\t\t\t\t<\/div>\n\t\t<\/section>\n\t\t\t\t<\/div>\n\t\t","protected":false},"excerpt":{"rendered":"<p>Admission to Poledn\u00edk is 30\/60 CZK for persons under 18 years, 60\/120 CZK over 18 years. According to the established fire regulations, there can be a maximum of 50 people inside the tower at a time, and a maximum of 10 people at the lookout. The exhibition spaces are still empty, so the biggest attraction&#8230;<\/p>\n","protected":false},"author":2,"featured_media":24838,"parent":16835,"menu_order":470,"comment_status":"closed","ping_status":"closed","template":"","meta":[],"acf":[],"_links":{"self":[{"href":"https:\/\/www.npsumava.cz\/en\/wp-json\/wp\/v2\/pages\/16872"}],"collection":[{"href":"https:\/\/www.npsumava.cz\/en\/wp-json\/wp\/v2\/pages"}],"about":[{"href":"https:\/\/www.npsumava.cz\/en\/wp-json\/wp\/v2\/types\/page"}],"author":[{"embeddable":true,"href":"https:\/\/www.npsumava.cz\/en\/wp-json\/wp\/v2\/users\/2"}],"replies":[{"embeddable":true,"href":"https:\/\/www.npsumava.cz\/en\/wp-json\/wp\/v2\/comments?post=16872"}],"version-history":[{"count":0,"href":"https:\/\/www.npsumava.cz\/en\/wp-json\/wp\/v2\/pages\/16872\/revisions"}],"up":[{"embeddable":true,"href":"https:\/\/www.npsumava.cz\/en\/wp-json\/wp\/v2\/pages\/16835"}],"wp:featuredmedia":[{"embeddable":true,"href":"https:\/\/www.npsumava.cz\/en\/wp-json\/wp\/v2\/media\/24838"}],"wp:attachment":[{"href":"https:\/\/www.npsumava.cz\/en\/wp-json\/wp\/v2\/media?parent=16872"}],"curies":[{"name":"wp","href":"https:\/\/api.w.org\/{rel}","templated":true}]}}