{"id":16866,"date":"2020-06-24T14:29:44","date_gmt":"2020-06-24T12:29:44","guid":{"rendered":"https:\/\/www.npsumava.cz\/?page_id=16866"},"modified":"2026-04-20T13:53:40","modified_gmt":"2026-04-20T11:53:40","slug":"idina-pila-information-centre","status":"publish","type":"page","link":"https:\/\/www.npsumava.cz\/en\/visit-sumava\/visitor-centers\/idina-pila-information-centre\/","title":{"rendered":"Idina Pila Information Centre"},"content":{"rendered":"\t\t<div data-elementor-type=\"wp-post\" data-elementor-id=\"16866\" class=\"elementor elementor-16866 elementor-1719\" data-elementor-post-type=\"page\">\n\t\t\t\t\t\t<section class=\"elementor-section elementor-top-section elementor-element elementor-element-27702fe1 elementor-section-boxed elementor-section-height-default elementor-section-height-default\" data-id=\"27702fe1\" data-element_type=\"section\">\n\t\t\t\t\t\t<div class=\"elementor-container elementor-column-gap-default\">\n\t\t\t\t\t<div class=\"elementor-column elementor-col-50 elementor-top-column elementor-element elementor-element-236719db\" data-id=\"236719db\" data-element_type=\"column\">\n\t\t\t<div class=\"elementor-widget-wrap elementor-element-populated\">\n\t\t\t\t\t\t<div class=\"elementor-element elementor-element-1203643 elementor-arrows-position-inside elementor-pagination-position-outside elementor-widget elementor-widget-image-carousel\" data-id=\"1203643\" data-element_type=\"widget\" data-settings=\"{&quot;slides_to_show&quot;:&quot;1&quot;,&quot;navigation&quot;:&quot;both&quot;,&quot;autoplay&quot;:&quot;yes&quot;,&quot;pause_on_hover&quot;:&quot;yes&quot;,&quot;pause_on_interaction&quot;:&quot;yes&quot;,&quot;autoplay_speed&quot;:5000,&quot;infinite&quot;:&quot;yes&quot;,&quot;effect&quot;:&quot;slide&quot;,&quot;speed&quot;:500}\" data-widget_type=\"image-carousel.default\">\n\t\t\t\t<div class=\"elementor-widget-container\">\n\t\t\t\t\t<div class=\"elementor-image-carousel-wrapper swiper-container\" dir=\"ltr\">\n\t\t\t<div class=\"elementor-image-carousel swiper-wrapper\" aria-live=\"off\">\n\t\t\t\t\t\t\t\t<div class=\"swiper-slide\" role=\"group\" aria-roledescription=\"slide\" aria-label=\"1 of 5\"><a data-elementor-open-lightbox=\"yes\" data-elementor-lightbox-slideshow=\"1203643\" data-elementor-lightbox-title=\"IS-Idina-Pila-1\" data-e-action-hash=\"#elementor-action%3Aaction%3Dlightbox%26settings%3DeyJpZCI6MzY4MSwidXJsIjoiaHR0cHM6XC9cL3d3dy5ucHN1bWF2YS5jelwvd3AtY29udGVudFwvdXBsb2Fkc1wvMjAxOVwvMDhcL2lzLWlkaW5hLXBpbGEtMS5qcGciLCJzbGlkZXNob3ciOiIxMjAzNjQzIn0%3D\" href=\"https:\/\/www.npsumava.cz\/wp-content\/uploads\/2019\/08\/is-idina-pila-1.jpg\"><figure class=\"swiper-slide-inner\"><img class=\"swiper-slide-image\" src=\"https:\/\/www.npsumava.cz\/wp-content\/uploads\/elementor\/thumbs\/is-idina-pila-1-odk11wa8gl42lutm8yxur3c7nybljp8ck671tous7m.jpg\" alt=\"Idina Pila\" \/><\/figure><\/a><\/div><div class=\"swiper-slide\" role=\"group\" aria-roledescription=\"slide\" aria-label=\"2 of 5\"><a data-elementor-open-lightbox=\"yes\" data-elementor-lightbox-slideshow=\"1203643\" data-elementor-lightbox-title=\"IS-Idina-Pila-2\" data-e-action-hash=\"#elementor-action%3Aaction%3Dlightbox%26settings%3DeyJpZCI6MzY4MiwidXJsIjoiaHR0cHM6XC9cL3d3dy5ucHN1bWF2YS5jelwvd3AtY29udGVudFwvdXBsb2Fkc1wvMjAxOVwvMDhcL2lzLWlkaW5hLXBpbGEtMi5qcGciLCJzbGlkZXNob3ciOiIxMjAzNjQzIn0%3D\" href=\"https:\/\/www.npsumava.cz\/wp-content\/uploads\/2019\/08\/is-idina-pila-2.jpg\"><figure class=\"swiper-slide-inner\"><img class=\"swiper-slide-image\" src=\"https:\/\/www.npsumava.cz\/wp-content\/uploads\/elementor\/thumbs\/is-idina-pila-2-pklnogqfurtvti1td7xzeeb7cxq80tqhq69cs4w8cy.jpg\" alt=\"IS-Idina-Pila-2\" \/><\/figure><\/a><\/div><div class=\"swiper-slide\" role=\"group\" aria-roledescription=\"slide\" aria-label=\"3 of 5\"><a data-elementor-open-lightbox=\"yes\" data-elementor-lightbox-slideshow=\"1203643\" data-elementor-lightbox-title=\"IS-Idina-Pila-3\" data-e-action-hash=\"#elementor-action%3Aaction%3Dlightbox%26settings%3DeyJpZCI6MzY4MywidXJsIjoiaHR0cHM6XC9cL3d3dy5ucHN1bWF2YS5jelwvd3AtY29udGVudFwvdXBsb2Fkc1wvMjAxOVwvMDhcL2lzLWlkaW5hLXBpbGEtMy5qcGciLCJzbGlkZXNob3ciOiIxMjAzNjQzIn0%3D\" href=\"https:\/\/www.npsumava.cz\/wp-content\/uploads\/2019\/08\/is-idina-pila-3.jpg\"><figure class=\"swiper-slide-inner\"><img class=\"swiper-slide-image\" src=\"https:\/\/www.npsumava.cz\/wp-content\/uploads\/elementor\/thumbs\/is-idina-pila-3-odk11wa8gl42lutm8yxur3c7nybljp8ck671tous7m.jpg\" alt=\"IS-Idina-Pila-3\" \/><\/figure><\/a><\/div><div class=\"swiper-slide\" role=\"group\" aria-roledescription=\"slide\" aria-label=\"4 of 5\"><a data-elementor-open-lightbox=\"yes\" data-elementor-lightbox-slideshow=\"1203643\" data-elementor-lightbox-title=\"IS-Idina-Pila-4\" data-e-action-hash=\"#elementor-action%3Aaction%3Dlightbox%26settings%3DeyJpZCI6MzY4NCwidXJsIjoiaHR0cHM6XC9cL3d3dy5ucHN1bWF2YS5jelwvd3AtY29udGVudFwvdXBsb2Fkc1wvMjAxOVwvMDhcL2lzLWlkaW5hLXBpbGEtNC5qcGciLCJzbGlkZXNob3ciOiIxMjAzNjQzIn0%3D\" href=\"https:\/\/www.npsumava.cz\/wp-content\/uploads\/2019\/08\/is-idina-pila-4.jpg\"><figure class=\"swiper-slide-inner\"><img class=\"swiper-slide-image\" src=\"https:\/\/www.npsumava.cz\/wp-content\/uploads\/elementor\/thumbs\/is-idina-pila-4-odk11wa8gl42lutm8yxur3c7nybljp8ck671tous7m.jpg\" alt=\"IS-Idina-Pila-4\" \/><\/figure><\/a><\/div><div class=\"swiper-slide\" role=\"group\" aria-roledescription=\"slide\" aria-label=\"5 of 5\"><a data-elementor-open-lightbox=\"yes\" data-elementor-lightbox-slideshow=\"1203643\" data-elementor-lightbox-title=\"IS-Idina-Pila-5\" data-e-action-hash=\"#elementor-action%3Aaction%3Dlightbox%26settings%3DeyJpZCI6MzY4NSwidXJsIjoiaHR0cHM6XC9cL3d3dy5ucHN1bWF2YS5jelwvd3AtY29udGVudFwvdXBsb2Fkc1wvMjAxOVwvMDhcL2lzLWlkaW5hLXBpbGEtNS5qcGciLCJzbGlkZXNob3ciOiIxMjAzNjQzIn0%3D\" href=\"https:\/\/www.npsumava.cz\/wp-content\/uploads\/2019\/08\/is-idina-pila-5.jpg\"><figure class=\"swiper-slide-inner\"><img class=\"swiper-slide-image\" src=\"https:\/\/www.npsumava.cz\/wp-content\/uploads\/elementor\/thumbs\/is-idina-pila-5-odk11wa8gl42lutm8yxur3c7nybljp8ck671tous7m.jpg\" alt=\"IS-Idina-Pila-5\" \/><\/figure><\/a><\/div>\t\t\t<\/div>\n\t\t\t\t\t\t\t\t\t\t\t\t<div class=\"elementor-swiper-button elementor-swiper-button-prev\" role=\"button\" tabindex=\"0\">\n\t\t\t\t\t\t<i aria-hidden=\"true\" class=\"eicon-chevron-left\"><\/i>\t\t\t\t\t<\/div>\n\t\t\t\t\t<div class=\"elementor-swiper-button elementor-swiper-button-next\" role=\"button\" tabindex=\"0\">\n\t\t\t\t\t\t<i aria-hidden=\"true\" class=\"eicon-chevron-right\"><\/i>\t\t\t\t\t<\/div>\n\t\t\t\t\n\t\t\t\t\t\t\t\t\t<div class=\"swiper-pagination\"><\/div>\n\t\t\t\t\t\t\t\t\t<\/div>\n\t\t\t\t<\/div>\n\t\t\t\t<\/div>\n\t\t\t\t\t<\/div>\n\t\t<\/div>\n\t\t\t\t<div class=\"elementor-column elementor-col-50 elementor-top-column elementor-element elementor-element-62ab1af6\" data-id=\"62ab1af6\" data-element_type=\"column\">\n\t\t\t<div class=\"elementor-widget-wrap elementor-element-populated\">\n\t\t\t\t\t\t<section class=\"elementor-section elementor-inner-section elementor-element elementor-element-6b3e2633 elementor-section-boxed elementor-section-height-default elementor-section-height-default\" data-id=\"6b3e2633\" data-element_type=\"section\">\n\t\t\t\t\t\t<div class=\"elementor-container elementor-column-gap-default\">\n\t\t\t\t\t<div class=\"elementor-column elementor-col-50 elementor-inner-column elementor-element elementor-element-78c7dc07\" data-id=\"78c7dc07\" data-element_type=\"column\">\n\t\t\t<div class=\"elementor-widget-wrap elementor-element-populated\">\n\t\t\t\t\t\t<div class=\"elementor-element elementor-element-43086224 elementor-widget elementor-widget-heading\" data-id=\"43086224\" data-element_type=\"widget\" data-widget_type=\"heading.default\">\n\t\t\t\t<div class=\"elementor-widget-container\">\n\t\t\t<h3 class=\"elementor-heading-title elementor-size-default\">Contact<\/h3>\t\t<\/div>\n\t\t\t\t<\/div>\n\t\t\t\t<div class=\"elementor-element elementor-element-457701c9 eael-infobox-icon-bg-shape-circle linkhover eael-infobox-icon-hover-bg-shape-none elementor-widget elementor-widget-eael-info-box\" data-id=\"457701c9\" data-element_type=\"widget\" data-widget_type=\"eael-info-box.default\">\n\t\t\t\t<div class=\"elementor-widget-container\">\n\t\t\t        <a href=\"tel:+420%20388%20436%20216\"  >            <div class=\"eael-infobox icon-on-left\">\n                    <div class=\"infobox-icon eael-icon-only\">\n\n            \n                            <div class=\"infobox-icon-wrap\">\n                    <i class=\"eci  fontello-09bd47b32-tel\"><\/i>                <\/div>\n            \n            \n        <\/div>\n            <div class=\"infobox-content eael-icon-only\">\n                            <h4 class=\"title\">+420 388 436 216<\/h4>\n                    <\/div>\n    <\/div><\/a>\t\t<\/div>\n\t\t\t\t<\/div>\n\t\t\t\t<div class=\"elementor-element elementor-element-36e80132 eael-infobox-icon-bg-shape-circle linkhover eael-infobox-icon-hover-bg-shape-none elementor-widget elementor-widget-eael-info-box\" data-id=\"36e80132\" data-element_type=\"widget\" data-widget_type=\"eael-info-box.default\">\n\t\t\t\t<div class=\"elementor-widget-container\">\n\t\t\t        <a href=\"mailto:isidinapila@npsumava.cz\"  >            <div class=\"eael-infobox icon-on-left\">\n                    <div class=\"infobox-icon eael-icon-only\">\n\n            \n                            <div class=\"infobox-icon-wrap\">\n                    <i class=\"far fa-envelope\"><\/i>                <\/div>\n            \n            \n        <\/div>\n            <div class=\"infobox-content eael-icon-only\">\n                            <h4 class=\"title\">isidinapila@npsumava.cz<\/h4>\n                    <\/div>\n    <\/div><\/a>\t\t<\/div>\n\t\t\t\t<\/div>\n\t\t\t\t<div class=\"elementor-element elementor-element-35b75d99 elementor-widget elementor-widget-heading\" data-id=\"35b75d99\" data-element_type=\"widget\" data-widget_type=\"heading.default\">\n\t\t\t\t<div class=\"elementor-widget-container\">\n\t\t\t<h3 class=\"elementor-heading-title elementor-size-default\">Parking<\/h3>\t\t<\/div>\n\t\t\t\t<\/div>\n\t\t\t\t<div class=\"elementor-element elementor-element-3aaf4106 elementor-widget elementor-widget-ANTParkoviste\" data-id=\"3aaf4106\" data-element_type=\"widget\" data-widget_type=\"ANTParkoviste.default\">\n\t\t\t\t<div class=\"elementor-widget-container\">\n\t\t\t<script src=\"https:\/\/api4.mapy.cz\/loader.js\"><\/script>\n    <a href=\"#popupParkMap\" id=\"popupMapButton\">The nearest parking lot on the map<\/a>\n    <div id=\"popupParkMap\" class=\"modal\" style=\"display: none;\">\n        <div class=\"modal-content\">\n            <span class=\"close\">&times;<\/span>\n            <div class=\"modal-body\">\n                <div id=\"parkovisteMapa\" class=\"mapycz parkovisteMapa\" style=\"height:380px;\"><\/div>\n            <\/div>\n        <\/div>\n    <\/div>\n    <script type=\"text\/javascript\">\n      \/\/ Get the modal\n      var modal = document.getElementById('popupParkMap')\n\n      \/\/ Get the button that opens the modal\n      var btn = document.getElementById('popupMapButton')\n\n      \/\/ Get the <span> element that closes the modal\n      var span = document.getElementsByClassName('close')[0]\n\n      \/\/ When the user clicks the button, open the modal\n      btn.onclick = function () {\n        modal.style.display = 'block'\n        Loader.async = true\n        Loader.load(null, null, createMap)\n      }\n\n      \/\/ When the user clicks on <span> (x), close the modal\n      span.onclick = function () {\n        modal.style.display = 'none'\n      }\n\n      \/\/ When the user clicks anywhere outside of the modal, close it\n      window.onclick = function (event) {\n        if (event.target == modal) {\n          modal.style.display = 'none'\n        }\n      }\n\n      window.createMap = function () {\n        var obrazek = \"https:\/\/www.npsumava.cz\/wp-content\/themes\/generatepress_child\/assets\/image\/parking.svg\"\n\n        var data = {\n\t\t\t          '9739': ['48.9582231N, 13.8262644E', 'Ly\u017ea\u0159sk\u00fd are\u00e1l Samoty', '<img src=\\\"https:\/\/www.npsumava.cz\/wp-content\/uploads\/2020\/12\/sample-post.png\\\" style=\\\"width:99%;\\\"><br><p class=\\\"cena\\\">Parking price: 100 K\u010d\/den<\/p>'],\n\t\t\t\n        }\n\n        var m = new SMap(JAK.gel('parkovisteMapa'))\n        m.addControl(new SMap.Control.Sync()) \/* Aby mapa reagovala na zm\u011bnu velikosti pr\u016fhledu *\/\n        m.addDefaultLayer(SMap.DEF_BASE).enable() \/* Turistick\u00fd podklad *\/\n        m.addDefaultLayer(SMap.DEF_BIKE).enable() \/* kola podklad *\/\n        m.addDefaultLayer(SMap.DEF_TRAIL).enable() \/* trasy podklad *\/\n        var mouse = new SMap.Control.Mouse(SMap.MOUSE_PAN) \/* Ovl\u00e1d\u00e1n\u00ed my\u0161\u00ed *\/\n        const zoomProps = { showZoomMenu: false }\n        const zoomControl = new SMap.Control.Zoom(null, zoomProps)\n        m.addControl(zoomControl, { right: '8px', top: '20px' })\n        m.addControl(mouse)\n\n        var znacky = []\n        var souradnice = []\n\n        for (var id in data) { \/* Vyrobit zna\u010dky *\/\n          var c = SMap.Coords.fromWGS84(data[id][0]) \/* Sou\u0159adnice zna\u010dky, z textov\u00e9ho form\u00e1tu sou\u0159adnic *\/\n\n          var card = new SMap.Card()\n          card.getHeader().innerHTML = '<strong>' + data[id][1] + '<\/strong>'\n          card.getBody().innerHTML = '<div class=\\'popis\\'>' + data[id][2] + '<\/div>'\n\n          var options = {\n            url: obrazek,\n            title: name,\n            anchor: { left: 10, bottom: 1 }  \/* Ukotven\u00ed zna\u010dky za bod uprost\u0159ed dole *\/\n          }\n\n          var znacka = new SMap.Marker(c, null, options)\n          souradnice.push(c)\n          znacka.decorate(SMap.Marker.Feature.Card, card)\n          znacky.push(znacka)\n        }\n\n        var vrstva = new SMap.Layer.Marker()     \/* Vrstva se zna\u010dkami *\/\n        var clusterer = new SMap.Marker.Clusterer(m)\n        vrstva.setClusterer(clusterer)\n\n        m.addLayer(vrstva)                          \/* P\u0159idat ji do mapy *\/\n        vrstva.enable()                         \/* A povolit *\/\n        for (var i = 0; i < znacky.length; i++) {\n          vrstva.addMarker(znacky[i])\n        }\n\n        var cz = m.computeCenterZoom(souradnice) \/* Spo\u010d\u00edtat pozici mapy tak, aby zna\u010dky byly vid\u011bt *\/\n        m.setCenterZoom(cz[0], cz[1])\n      }\n\n    <\/script>\n\t\t\t<\/div>\n\t\t\t\t<\/div>\n\t\t\t\t<div class=\"elementor-element elementor-element-b574a93 eael-infobox-icon-bg-shape-none eael-infobox-icon-hover-bg-shape-none elementor-widget elementor-widget-eael-info-box\" data-id=\"b574a93\" data-element_type=\"widget\" data-widget_type=\"eael-info-box.default\">\n\t\t\t\t<div class=\"elementor-widget-container\">\n\t\t\t                    <div class=\"eael-infobox icon-on-left\">\n                    <div class=\"infobox-icon eael-icon-only\">\n\n            \n                            <div class=\"infobox-icon-wrap\">\n                    <i class=\"fas fa-video\"><\/i>                <\/div>\n            \n            \n        <\/div>\n            <div class=\"infobox-content eael-icon-only\">\n                                                                        <p><p><em>A brief presentation of the centre is available <a href=\"http:\/\/www.youtube.com\/watch?v=UvgRNOxU31g&amp;\">on YouTube<\/a>.<\/em><\/p><\/p>\n                                                                            <\/div>\n    <\/div>\t\t<\/div>\n\t\t\t\t<\/div>\n\t\t\t\t\t<\/div>\n\t\t<\/div>\n\t\t\t\t<div class=\"elementor-column elementor-col-50 elementor-inner-column elementor-element elementor-element-69ced800\" data-id=\"69ced800\" data-element_type=\"column\">\n\t\t\t<div class=\"elementor-widget-wrap\">\n\t\t\t\t\t\t\t<\/div>\n\t\t<\/div>\n\t\t\t\t\t<\/div>\n\t\t<\/section>\n\t\t\t\t\t<\/div>\n\t\t<\/div>\n\t\t\t\t\t<\/div>\n\t\t<\/section>\n\t\t\t\t<section class=\"elementor-section elementor-top-section elementor-element elementor-element-82145fd elementor-section-boxed elementor-section-height-default elementor-section-height-default\" data-id=\"82145fd\" data-element_type=\"section\">\n\t\t\t\t\t\t<div class=\"elementor-container elementor-column-gap-default\">\n\t\t\t\t\t<div class=\"elementor-column elementor-col-50 elementor-top-column elementor-element elementor-element-22af316\" data-id=\"22af316\" data-element_type=\"column\">\n\t\t\t<div class=\"elementor-widget-wrap elementor-element-populated\">\n\t\t\t\t\t\t<div class=\"elementor-element elementor-element-f38e337 elementor-widget elementor-widget-heading\" data-id=\"f38e337\" data-element_type=\"widget\" data-widget_type=\"heading.default\">\n\t\t\t\t<div class=\"elementor-widget-container\">\n\t\t\t<h3 class=\"elementor-heading-title elementor-size-default\">Opening hours:<\/h3>\t\t<\/div>\n\t\t\t\t<\/div>\n\t\t\t\t<div class=\"elementor-element elementor-element-2d5ff630 elementor-widget elementor-widget-tabulka\" data-id=\"2d5ff630\" data-element_type=\"widget\" data-widget_type=\"tabulka.default\">\n\t\t\t\t<div class=\"elementor-widget-container\">\n\t\t\t<table class=\"ant-elementor-table table--noBorder\"><tr class=\"\"><td>January - May<\/td><td>closed<\/td><\/tr><tr class=\"\"><td>June<\/td><td>9:30 - 16:00 except Monday <\/td><\/tr><tr class=\"\"><td>July, August<\/td><td>9:30 - 16:30 daily <\/td><\/tr><tr class=\"\"><td>September<\/td><td>9:30 - 16:00 except Monday <\/td><\/tr><tr class=\"\"><td>October<\/td><td>9:30 - 16:00 weekends only + 28. - 30.10.<\/td><\/tr><tr class=\"\"><td>November - December<\/td><td>closed<\/td><\/tr><tr class=\"\"><td>(lunch break<\/td><td>12:00 - 13:00) <\/td><\/tr><\/table>\t\t<\/div>\n\t\t\t\t<\/div>\n\t\t\t\t\t<\/div>\n\t\t<\/div>\n\t\t\t\t<div class=\"elementor-column elementor-col-50 elementor-top-column elementor-element elementor-element-6b4e431\" data-id=\"6b4e431\" data-element_type=\"column\">\n\t\t\t<div class=\"elementor-widget-wrap elementor-element-populated\">\n\t\t\t\t\t\t\t<\/div>\n\t\t<\/div>\n\t\t\t\t\t<\/div>\n\t\t<\/section>\n\t\t\t\t<section class=\"elementor-section elementor-top-section elementor-element elementor-element-2aba5371 elementor-section-boxed elementor-section-height-default elementor-section-height-default\" data-id=\"2aba5371\" data-element_type=\"section\">\n\t\t\t\t\t\t<div class=\"elementor-container elementor-column-gap-default\">\n\t\t\t\t\t<div class=\"elementor-column elementor-col-100 elementor-top-column elementor-element elementor-element-1ee37a7\" data-id=\"1ee37a7\" data-element_type=\"column\">\n\t\t\t<div class=\"elementor-widget-wrap elementor-element-populated\">\n\t\t\t\t\t\t<div class=\"elementor-element elementor-element-4630445e elementor-widget elementor-widget-heading\" data-id=\"4630445e\" data-element_type=\"widget\" data-widget_type=\"heading.default\">\n\t\t\t\t<div class=\"elementor-widget-container\">\n\t\t\t<h2 class=\"elementor-heading-title elementor-size-default\">About the center<\/h2>\t\t<\/div>\n\t\t\t\t<\/div>\n\t\t\t\t<div class=\"elementor-element elementor-element-7b53fb38 elementor-widget elementor-widget-text-editor\" data-id=\"7b53fb38\" data-element_type=\"widget\" data-widget_type=\"text-editor.default\">\n\t\t\t\t<div class=\"elementor-widget-container\">\n\t\t\t\t\t\t\t<div class=\"perex \"><p>This seasonal visitor centre is located in the \u0160umava Protected Landscape Area near the village of Kaplice u Z\u00e1ton\u011b at the foot of Mt Boub\u00edn.<\/p><\/div><p>The <strong>exhibit <\/strong>focuses on the Boub\u00edn Mountains, the history of the Boub\u00edn region, the Boub\u00edn primary forest and other protected areas in the vicinity, the history of the timber industry in the Boub\u00edn area, the faunal and floral life of the region, and other interesting information.<\/p>\t\t\t\t\t\t<\/div>\n\t\t\t\t<\/div>\n\t\t\t\t<div class=\"elementor-element elementor-element-b51740e elementor-widget elementor-widget-heading\" data-id=\"b51740e\" data-element_type=\"widget\" data-widget_type=\"heading.default\">\n\t\t\t\t<div class=\"elementor-widget-container\">\n\t\t\t<h2 class=\"elementor-heading-title elementor-size-default\">What the centre offers<\/h2>\t\t<\/div>\n\t\t\t\t<\/div>\n\t\t\t\t<div class=\"elementor-element elementor-element-d3f019d elementor-align-left elementor-icon-list--layout-traditional elementor-list-item-link-full_width elementor-widget elementor-widget-icon-list\" data-id=\"d3f019d\" data-element_type=\"widget\" data-widget_type=\"icon-list.default\">\n\t\t\t\t<div class=\"elementor-widget-container\">\n\t\t\t\t\t<ul class=\"elementor-icon-list-items\">\n\t\t\t\t\t\t\t<li class=\"elementor-icon-list-item\">\n\t\t\t\t\t\t\t\t\t\t\t<span class=\"elementor-icon-list-icon\">\n\t\t\t\t\t\t\t<i aria-hidden=\"true\" class=\"fas fa-circle\"><\/i>\t\t\t\t\t\t<\/span>\n\t\t\t\t\t\t\t\t\t\t<span class=\"elementor-icon-list-text\">There is a display area focusing on the protected areas and surroundings of Mt Boub\u00edn.<\/span>\n\t\t\t\t\t\t\t\t\t<\/li>\n\t\t\t\t\t\t\t\t<li class=\"elementor-icon-list-item\">\n\t\t\t\t\t\t\t\t\t\t\t<span class=\"elementor-icon-list-icon\">\n\t\t\t\t\t\t\t<i aria-hidden=\"true\" class=\"fas fa-circle\"><\/i>\t\t\t\t\t\t<\/span>\n\t\t\t\t\t\t\t\t\t\t<span class=\"elementor-icon-list-text\">There are a number of learning and discovery opportunities, including the use of audiovisual equipment for watching selected videos or listening to tall tales associated with the region.<\/span>\n\t\t\t\t\t\t\t\t\t<\/li>\n\t\t\t\t\t\t\t\t<li class=\"elementor-icon-list-item\">\n\t\t\t\t\t\t\t\t\t\t\t<span class=\"elementor-icon-list-icon\">\n\t\t\t\t\t\t\t<i aria-hidden=\"true\" class=\"fas fa-circle\"><\/i>\t\t\t\t\t\t<\/span>\n\t\t\t\t\t\t\t\t\t\t<span class=\"elementor-icon-list-text\">Children will be surprised by figures of pixies.<\/span>\n\t\t\t\t\t\t\t\t\t<\/li>\n\t\t\t\t\t\t<\/ul>\n\t\t\t\t<\/div>\n\t\t\t\t<\/div>\n\t\t\t\t<div class=\"elementor-element elementor-element-700706cf elementor-widget elementor-widget-npinfobox\" data-id=\"700706cf\" data-element_type=\"widget\" data-widget_type=\"npinfobox.default\">\n\t\t\t\t<div class=\"elementor-widget-container\">\n\t\t\t<div class=\"infoBox green\"><span class=\"infoBox--icon eci fontello-09bd47b32-handicap\"><\/span><span class=\"infoBox--content\">The centre is wheelchair accessible, including the public toilet.<\/span><\/div>\t\t<\/div>\n\t\t\t\t<\/div>\n\t\t\t\t\t<\/div>\n\t\t<\/div>\n\t\t\t\t\t<\/div>\n\t\t<\/section>\n\t\t\t\t<section class=\"elementor-section elementor-top-section elementor-element elementor-element-27fe669 elementor-section-stretched elementor-section-full_width elementor-section-height-default elementor-section-height-default\" data-id=\"27fe669\" data-element_type=\"section\" data-settings=\"{&quot;stretch_section&quot;:&quot;section-stretched&quot;,&quot;background_background&quot;:&quot;classic&quot;}\">\n\t\t\t\t\t\t<div class=\"elementor-container elementor-column-gap-default\">\n\t\t\t\t\t<div class=\"elementor-column elementor-col-100 elementor-top-column elementor-element elementor-element-86f0bd6\" data-id=\"86f0bd6\" data-element_type=\"column\">\n\t\t\t<div class=\"elementor-widget-wrap elementor-element-populated\">\n\t\t\t\t\t\t<div class=\"elementor-element elementor-element-0962355 elementor-widget elementor-widget-heading\" data-id=\"0962355\" data-element_type=\"widget\" data-widget_type=\"heading.default\">\n\t\t\t\t<div class=\"elementor-widget-container\">\n\t\t\t<h2 class=\"elementor-heading-title elementor-size-default\">Pictures from our nature<\/h2>\t\t<\/div>\n\t\t\t\t<\/div>\n\t\t\t\t\t<\/div>\n\t\t<\/div>\n\t\t\t\t\t<\/div>\n\t\t<\/section>\n\t\t\t\t<\/div>\n\t\t","protected":false},"excerpt":{"rendered":"<p>Contact +420 388 436 216 isidinapila@npsumava.cz Parking Nejbli\u017e\u0161\u00ed parkovi\u0161t\u011b na map\u011b &times; A brief presentation of the centre is available on YouTube. Opening hours: January &#8211; May closed June 9:30 &#8211; 16:00 except Monday July, August 9:30 &#8211; 16:30 daily September 9:30 &#8211; 16:00 except Monday October 9:30 &#8211; 16:00 weekends only + 28. &#8211;&#8230;<\/p>\n","protected":false},"author":2,"featured_media":24838,"parent":16835,"menu_order":478,"comment_status":"closed","ping_status":"closed","template":"","meta":[],"acf":[],"_links":{"self":[{"href":"https:\/\/www.npsumava.cz\/en\/wp-json\/wp\/v2\/pages\/16866"}],"collection":[{"href":"https:\/\/www.npsumava.cz\/en\/wp-json\/wp\/v2\/pages"}],"about":[{"href":"https:\/\/www.npsumava.cz\/en\/wp-json\/wp\/v2\/types\/page"}],"author":[{"embeddable":true,"href":"https:\/\/www.npsumava.cz\/en\/wp-json\/wp\/v2\/users\/2"}],"replies":[{"embeddable":true,"href":"https:\/\/www.npsumava.cz\/en\/wp-json\/wp\/v2\/comments?post=16866"}],"version-history":[{"count":12,"href":"https:\/\/www.npsumava.cz\/en\/wp-json\/wp\/v2\/pages\/16866\/revisions"}],"predecessor-version":[{"id":62248,"href":"https:\/\/www.npsumava.cz\/en\/wp-json\/wp\/v2\/pages\/16866\/revisions\/62248"}],"up":[{"embeddable":true,"href":"https:\/\/www.npsumava.cz\/en\/wp-json\/wp\/v2\/pages\/16835"}],"wp:featuredmedia":[{"embeddable":true,"href":"https:\/\/www.npsumava.cz\/en\/wp-json\/wp\/v2\/media\/24838"}],"wp:attachment":[{"href":"https:\/\/www.npsumava.cz\/en\/wp-json\/wp\/v2\/media?parent=16866"}],"curies":[{"name":"wp","href":"https:\/\/api.w.org\/{rel}","templated":true}]}}