{"id":16864,"date":"2020-06-24T14:28:29","date_gmt":"2020-06-24T12:28:29","guid":{"rendered":"https:\/\/www.npsumava.cz\/?page_id=16864"},"modified":"2021-11-04T14:21:25","modified_gmt":"2021-11-04T13:21:25","slug":"breznik-information-centre","status":"publish","type":"page","link":"https:\/\/www.npsumava.cz\/en\/visit-sumava\/visitor-centers\/breznik-information-centre\/","title":{"rendered":"B\u0159ezn\u00edk Information Centre"},"content":{"rendered":"\t\t<div data-elementor-type=\"wp-post\" data-elementor-id=\"16864\" class=\"elementor elementor-16864 elementor-1721\" data-elementor-post-type=\"page\">\n\t\t\t\t\t\t<section class=\"elementor-section elementor-top-section elementor-element elementor-element-21d715e8 elementor-section-boxed elementor-section-height-default elementor-section-height-default\" data-id=\"21d715e8\" data-element_type=\"section\">\n\t\t\t\t\t\t<div class=\"elementor-container elementor-column-gap-default\">\n\t\t\t\t\t<div class=\"elementor-column elementor-col-50 elementor-top-column elementor-element elementor-element-33e10dd8\" data-id=\"33e10dd8\" data-element_type=\"column\">\n\t\t\t<div class=\"elementor-widget-wrap elementor-element-populated\">\n\t\t\t\t\t\t<div class=\"elementor-element elementor-element-15768540 elementor-arrows-position-inside elementor-pagination-position-outside elementor-widget elementor-widget-image-carousel\" data-id=\"15768540\" data-element_type=\"widget\" data-settings=\"{&quot;slides_to_show&quot;:&quot;1&quot;,&quot;navigation&quot;:&quot;both&quot;,&quot;autoplay&quot;:&quot;yes&quot;,&quot;pause_on_hover&quot;:&quot;yes&quot;,&quot;pause_on_interaction&quot;:&quot;yes&quot;,&quot;autoplay_speed&quot;:5000,&quot;infinite&quot;:&quot;yes&quot;,&quot;effect&quot;:&quot;slide&quot;,&quot;speed&quot;:500}\" data-widget_type=\"image-carousel.default\">\n\t\t\t\t<div class=\"elementor-widget-container\">\n\t\t\t\t\t<div class=\"elementor-image-carousel-wrapper swiper-container\" dir=\"ltr\">\n\t\t\t<div class=\"elementor-image-carousel swiper-wrapper\" aria-live=\"off\">\n\t\t\t\t\t\t\t\t<div class=\"swiper-slide\" role=\"group\" aria-roledescription=\"slide\" aria-label=\"1 of 4\"><a data-elementor-open-lightbox=\"yes\" data-elementor-lightbox-slideshow=\"15768540\" data-elementor-lightbox-title=\"is-breznik-2\" data-e-action-hash=\"#elementor-action%3Aaction%3Dlightbox%26settings%3DeyJpZCI6MzcwNiwidXJsIjoiaHR0cHM6XC9cL3d3dy5ucHN1bWF2YS5jelwvd3AtY29udGVudFwvdXBsb2Fkc1wvMjAxOVwvMDhcL2lzLWJyZXpuaWstMi5qcGciLCJzbGlkZXNob3ciOiIxNTc2ODU0MCJ9\" href=\"https:\/\/www.npsumava.cz\/wp-content\/uploads\/2019\/08\/is-breznik-2.jpg\"><figure class=\"swiper-slide-inner\"><img class=\"swiper-slide-image\" src=\"https:\/\/www.npsumava.cz\/wp-content\/uploads\/elementor\/thumbs\/is-breznik-2-odk11wa8gl42lutm8yxur3c7nybljp8ck671tous7m.jpg\" alt=\"h\u00e1jenka B\u0159ezn\u00edk\" \/><\/figure><\/a><\/div><div class=\"swiper-slide\" role=\"group\" aria-roledescription=\"slide\" aria-label=\"2 of 4\"><a data-elementor-open-lightbox=\"yes\" data-elementor-lightbox-slideshow=\"15768540\" data-elementor-lightbox-title=\"is-breznik-1\" data-e-action-hash=\"#elementor-action%3Aaction%3Dlightbox%26settings%3DeyJpZCI6MzcwNSwidXJsIjoiaHR0cHM6XC9cL3d3dy5ucHN1bWF2YS5jelwvd3AtY29udGVudFwvdXBsb2Fkc1wvMjAxOVwvMDhcL2lzLWJyZXpuaWstMS5qcGciLCJzbGlkZXNob3ciOiIxNTc2ODU0MCJ9\" href=\"https:\/\/www.npsumava.cz\/wp-content\/uploads\/2019\/08\/is-breznik-1.jpg\"><figure class=\"swiper-slide-inner\"><img class=\"swiper-slide-image\" src=\"https:\/\/www.npsumava.cz\/wp-content\/uploads\/elementor\/thumbs\/is-breznik-1-odk11wa8gl42lutm8yxur3c7nybljp8ck671tous7m.jpg\" alt=\"is-breznik-1\" \/><\/figure><\/a><\/div><div class=\"swiper-slide\" role=\"group\" aria-roledescription=\"slide\" aria-label=\"3 of 4\"><a data-elementor-open-lightbox=\"yes\" data-elementor-lightbox-slideshow=\"15768540\" data-elementor-lightbox-title=\"is-breznik-3\" data-e-action-hash=\"#elementor-action%3Aaction%3Dlightbox%26settings%3DeyJpZCI6MzcwNywidXJsIjoiaHR0cHM6XC9cL3d3dy5ucHN1bWF2YS5jelwvd3AtY29udGVudFwvdXBsb2Fkc1wvMjAxOVwvMDhcL2lzLWJyZXpuaWstMy5qcGciLCJzbGlkZXNob3ciOiIxNTc2ODU0MCJ9\" href=\"https:\/\/www.npsumava.cz\/wp-content\/uploads\/2019\/08\/is-breznik-3.jpg\"><figure class=\"swiper-slide-inner\"><img class=\"swiper-slide-image\" src=\"https:\/\/www.npsumava.cz\/wp-content\/uploads\/elementor\/thumbs\/is-breznik-3-odk11wa8gl42lutm8yxur3c7nybljp8ck671tous7m.jpg\" alt=\"is-breznik-3\" \/><\/figure><\/a><\/div><div class=\"swiper-slide\" role=\"group\" aria-roledescription=\"slide\" aria-label=\"4 of 4\"><a data-elementor-open-lightbox=\"yes\" data-elementor-lightbox-slideshow=\"15768540\" data-elementor-lightbox-title=\"is-breznik-4\" data-e-action-hash=\"#elementor-action%3Aaction%3Dlightbox%26settings%3DeyJpZCI6MzcwOCwidXJsIjoiaHR0cHM6XC9cL3d3dy5ucHN1bWF2YS5jelwvd3AtY29udGVudFwvdXBsb2Fkc1wvMjAxOVwvMDhcL2lzLWJyZXpuaWstNC5qcGciLCJzbGlkZXNob3ciOiIxNTc2ODU0MCJ9\" href=\"https:\/\/www.npsumava.cz\/wp-content\/uploads\/2019\/08\/is-breznik-4.jpg\"><figure class=\"swiper-slide-inner\"><img class=\"swiper-slide-image\" src=\"https:\/\/www.npsumava.cz\/wp-content\/uploads\/elementor\/thumbs\/is-breznik-4-odk11wa8gl42lutm8yxur3c7nybljp8ck671tous7m.jpg\" alt=\"is-breznik-4\" \/><\/figure><\/a><\/div>\t\t\t<\/div>\n\t\t\t\t\t\t\t\t\t\t\t\t<div class=\"elementor-swiper-button elementor-swiper-button-prev\" role=\"button\" tabindex=\"0\">\n\t\t\t\t\t\t<i aria-hidden=\"true\" class=\"eicon-chevron-left\"><\/i>\t\t\t\t\t<\/div>\n\t\t\t\t\t<div class=\"elementor-swiper-button elementor-swiper-button-next\" role=\"button\" tabindex=\"0\">\n\t\t\t\t\t\t<i aria-hidden=\"true\" class=\"eicon-chevron-right\"><\/i>\t\t\t\t\t<\/div>\n\t\t\t\t\n\t\t\t\t\t\t\t\t\t<div class=\"swiper-pagination\"><\/div>\n\t\t\t\t\t\t\t\t\t<\/div>\n\t\t\t\t<\/div>\n\t\t\t\t<\/div>\n\t\t\t\t\t<\/div>\n\t\t<\/div>\n\t\t\t\t<div class=\"elementor-column elementor-col-50 elementor-top-column elementor-element elementor-element-34a7c054\" data-id=\"34a7c054\" data-element_type=\"column\">\n\t\t\t<div class=\"elementor-widget-wrap elementor-element-populated\">\n\t\t\t\t\t\t<section class=\"elementor-section elementor-inner-section elementor-element elementor-element-7918b25f elementor-section-boxed elementor-section-height-default elementor-section-height-default\" data-id=\"7918b25f\" data-element_type=\"section\">\n\t\t\t\t\t\t<div class=\"elementor-container elementor-column-gap-default\">\n\t\t\t\t\t<div class=\"elementor-column elementor-col-50 elementor-inner-column elementor-element elementor-element-3ad44b84\" data-id=\"3ad44b84\" data-element_type=\"column\">\n\t\t\t<div class=\"elementor-widget-wrap elementor-element-populated\">\n\t\t\t\t\t\t<div class=\"elementor-element elementor-element-2e90df2c elementor-widget elementor-widget-heading\" data-id=\"2e90df2c\" data-element_type=\"widget\" data-widget_type=\"heading.default\">\n\t\t\t\t<div class=\"elementor-widget-container\">\n\t\t\t<h3 class=\"elementor-heading-title elementor-size-default\">Contakt<\/h3>\t\t<\/div>\n\t\t\t\t<\/div>\n\t\t\t\t<div class=\"elementor-element elementor-element-3a71b1ea eael-infobox-icon-bg-shape-circle linkhover eael-infobox-icon-hover-bg-shape-none elementor-widget elementor-widget-eael-info-box\" data-id=\"3a71b1ea\" data-element_type=\"widget\" data-widget_type=\"eael-info-box.default\">\n\t\t\t\t<div class=\"elementor-widget-container\">\n\t\t\t        <a href=\"tel:+420%20776%20888%20088\"  >            <div class=\"eael-infobox icon-on-left\">\n                    <div class=\"infobox-icon eael-icon-only\">\n\n            \n                            <div class=\"infobox-icon-wrap\">\n                    <i class=\"eci fontello-09bd47b32-tel\"><\/i>                <\/div>\n            \n            \n        <\/div>\n            <div class=\"infobox-content eael-icon-only\">\n                            <h4 class=\"title\">+420 776 888 088<\/h4>\n                    <\/div>\n    <\/div><\/a>\t\t<\/div>\n\t\t\t\t<\/div>\n\t\t\t\t<div class=\"elementor-element elementor-element-ff85ab3 eael-infobox-icon-bg-shape-circle linkhover eael-infobox-icon-hover-bg-shape-none elementor-widget elementor-widget-eael-info-box\" data-id=\"ff85ab3\" data-element_type=\"widget\" data-widget_type=\"eael-info-box.default\">\n\t\t\t\t<div class=\"elementor-widget-container\">\n\t\t\t        <a href=\"mailto:modrava@seznam.cz\"  >            <div class=\"eael-infobox icon-on-left\">\n                    <div class=\"infobox-icon eael-icon-only\">\n\n            \n                            <div class=\"infobox-icon-wrap\">\n                    <i class=\"far fa-envelope\"><\/i>                <\/div>\n            \n            \n        <\/div>\n            <div class=\"infobox-content eael-icon-only\">\n                            <h4 class=\"title\">modrava@seznam.cz<\/h4>\n                    <\/div>\n    <\/div><\/a>\t\t<\/div>\n\t\t\t\t<\/div>\n\t\t\t\t<div class=\"elementor-element elementor-element-5b592cdf elementor-widget elementor-widget-heading\" data-id=\"5b592cdf\" data-element_type=\"widget\" data-widget_type=\"heading.default\">\n\t\t\t\t<div class=\"elementor-widget-container\">\n\t\t\t<h3 class=\"elementor-heading-title elementor-size-default\">Parking<\/h3>\t\t<\/div>\n\t\t\t\t<\/div>\n\t\t\t\t<div class=\"elementor-element elementor-element-576138d8 elementor-widget elementor-widget-ANTParkoviste\" data-id=\"576138d8\" data-element_type=\"widget\" data-widget_type=\"ANTParkoviste.default\">\n\t\t\t\t<div class=\"elementor-widget-container\">\n\t\t\t<script src=\"https:\/\/api4.mapy.cz\/loader.js\"><\/script>\n    <a href=\"#popupParkMap\" id=\"popupMapButton\">The nearest parking lot on the map<\/a>\n    <div id=\"popupParkMap\" class=\"modal\" style=\"display: none;\">\n        <div class=\"modal-content\">\n            <span class=\"close\">&times;<\/span>\n            <div class=\"modal-body\">\n                <div id=\"parkovisteMapa\" class=\"mapycz parkovisteMapa\" style=\"height:380px;\"><\/div>\n            <\/div>\n        <\/div>\n    <\/div>\n    <script type=\"text\/javascript\">\n      \/\/ Get the modal\n      var modal = document.getElementById('popupParkMap')\n\n      \/\/ Get the button that opens the modal\n      var btn = document.getElementById('popupMapButton')\n\n      \/\/ Get the <span> element that closes the modal\n      var span = document.getElementsByClassName('close')[0]\n\n      \/\/ When the user clicks the button, open the modal\n      btn.onclick = function () {\n        modal.style.display = 'block'\n        Loader.async = true\n        Loader.load(null, null, createMap)\n      }\n\n      \/\/ When the user clicks on <span> (x), close the modal\n      span.onclick = function () {\n        modal.style.display = 'none'\n      }\n\n      \/\/ When the user clicks anywhere outside of the modal, close it\n      window.onclick = function (event) {\n        if (event.target == modal) {\n          modal.style.display = 'none'\n        }\n      }\n\n      window.createMap = function () {\n        var obrazek = \"https:\/\/www.npsumava.cz\/wp-content\/themes\/generatepress_child\/assets\/image\/parking.svg\"\n\n        var data = {\n\t\t\t\n        }\n\n        var m = new SMap(JAK.gel('parkovisteMapa'))\n        m.addControl(new SMap.Control.Sync()) \/* Aby mapa reagovala na zm\u011bnu velikosti pr\u016fhledu *\/\n        m.addDefaultLayer(SMap.DEF_BASE).enable() \/* Turistick\u00fd podklad *\/\n        m.addDefaultLayer(SMap.DEF_BIKE).enable() \/* kola podklad *\/\n        m.addDefaultLayer(SMap.DEF_TRAIL).enable() \/* trasy podklad *\/\n        var mouse = new SMap.Control.Mouse(SMap.MOUSE_PAN) \/* Ovl\u00e1d\u00e1n\u00ed my\u0161\u00ed *\/\n        const zoomProps = { showZoomMenu: false }\n        const zoomControl = new SMap.Control.Zoom(null, zoomProps)\n        m.addControl(zoomControl, { right: '8px', top: '20px' })\n        m.addControl(mouse)\n\n        var znacky = []\n        var souradnice = []\n\n        for (var id in data) { \/* Vyrobit zna\u010dky *\/\n          var c = SMap.Coords.fromWGS84(data[id][0]) \/* Sou\u0159adnice zna\u010dky, z textov\u00e9ho form\u00e1tu sou\u0159adnic *\/\n\n          var card = new SMap.Card()\n          card.getHeader().innerHTML = '<strong>' + data[id][1] + '<\/strong>'\n          card.getBody().innerHTML = '<div class=\\'popis\\'>' + data[id][2] + '<\/div>'\n\n          var options = {\n            url: obrazek,\n            title: name,\n            anchor: { left: 10, bottom: 1 }  \/* Ukotven\u00ed zna\u010dky za bod uprost\u0159ed dole *\/\n          }\n\n          var znacka = new SMap.Marker(c, null, options)\n          souradnice.push(c)\n          znacka.decorate(SMap.Marker.Feature.Card, card)\n          znacky.push(znacka)\n        }\n\n        var vrstva = new SMap.Layer.Marker()     \/* Vrstva se zna\u010dkami *\/\n        var clusterer = new SMap.Marker.Clusterer(m)\n        vrstva.setClusterer(clusterer)\n\n        m.addLayer(vrstva)                          \/* P\u0159idat ji do mapy *\/\n        vrstva.enable()                         \/* A povolit *\/\n        for (var i = 0; i < znacky.length; i++) {\n          vrstva.addMarker(znacky[i])\n        }\n\n        var cz = m.computeCenterZoom(souradnice) \/* Spo\u010d\u00edtat pozici mapy tak, aby zna\u010dky byly vid\u011bt *\/\n        m.setCenterZoom(cz[0], cz[1])\n      }\n\n    <\/script>\n\t\t\t<\/div>\n\t\t\t\t<\/div>\n\t\t\t\t<div class=\"elementor-element elementor-element-5545db19 eael-infobox-icon-bg-shape-none eael-infobox-icon-hover-bg-shape-none elementor-widget elementor-widget-eael-info-box\" data-id=\"5545db19\" data-element_type=\"widget\" data-widget_type=\"eael-info-box.default\">\n\t\t\t\t<div class=\"elementor-widget-container\">\n\t\t\t                    <div class=\"eael-infobox icon-on-left\">\n                    <div class=\"infobox-icon eael-icon-only\">\n\n            \n                            <div class=\"infobox-icon-wrap\">\n                    <i class=\"fas fa-building\"><\/i>                <\/div>\n            \n            \n        <\/div>\n            <div class=\"infobox-content eael-icon-only\">\n                                                                        <p><p>In the 2020 season the building is for rent.<\/p><\/p>\n                                                                            <\/div>\n    <\/div>\t\t<\/div>\n\t\t\t\t<\/div>\n\t\t\t\t\t<\/div>\n\t\t<\/div>\n\t\t\t\t<div class=\"elementor-column elementor-col-50 elementor-inner-column elementor-element elementor-element-38c262e4\" data-id=\"38c262e4\" data-element_type=\"column\">\n\t\t\t<div class=\"elementor-widget-wrap elementor-element-populated\">\n\t\t\t\t\t\t<div class=\"elementor-element elementor-element-19206980 elementor-widget elementor-widget-heading\" data-id=\"19206980\" data-element_type=\"widget\" data-widget_type=\"heading.default\">\n\t\t\t\t<div class=\"elementor-widget-container\">\n\t\t\t<h3 class=\"elementor-heading-title elementor-size-default\">Opening hours \u2013 daily*<\/h3>\t\t<\/div>\n\t\t\t\t<\/div>\n\t\t\t\t<div class=\"elementor-element elementor-element-67fc0e1 elementor-widget elementor-widget-tabulka\" data-id=\"67fc0e1\" data-element_type=\"widget\" data-widget_type=\"tabulka.default\">\n\t\t\t\t<div class=\"elementor-widget-container\">\n\t\t\t<table class=\"ant-elementor-table table--noBorder\"><tr class=\"\"><td>May<\/td><td>10:00 - 17:00 <\/td><\/tr><\/table>\t\t<\/div>\n\t\t\t\t<\/div>\n\t\t\t\t<div class=\"elementor-element elementor-element-d5f3dc3 elementor-widget elementor-widget-tabulka\" data-id=\"d5f3dc3\" data-element_type=\"widget\" data-widget_type=\"tabulka.default\">\n\t\t\t\t<div class=\"elementor-widget-container\">\n\t\t\t<table class=\"ant-elementor-table table--noBorder\"><tr class=\"\"><td>June - September<\/td><td>10:00 - 17:00 <\/td><\/tr><\/table>\t\t<\/div>\n\t\t\t\t<\/div>\n\t\t\t\t<div class=\"elementor-element elementor-element-737d980 elementor-widget elementor-widget-tabulka\" data-id=\"737d980\" data-element_type=\"widget\" data-widget_type=\"tabulka.default\">\n\t\t\t\t<div class=\"elementor-widget-container\">\n\t\t\t<table class=\"ant-elementor-table table--noBorder\"><tr class=\"\"><td>October<\/td><td>10:00 - 17:00<\/td><\/tr><tr class=\"\"><td><\/td><td>only Sat + Sun + holidays<\/td><\/tr><\/table>\t\t<\/div>\n\t\t\t\t<\/div>\n\t\t\t\t<div class=\"elementor-element elementor-element-1addfdd elementor-widget elementor-widget-tabulka\" data-id=\"1addfdd\" data-element_type=\"widget\" data-widget_type=\"tabulka.default\">\n\t\t\t\t<div class=\"elementor-widget-container\">\n\t\t\t<table class=\"ant-elementor-table table--noBorder\"><tr class=\"\"><td>November - April<\/td><td>closed<\/td><\/tr><\/table>\t\t<\/div>\n\t\t\t\t<\/div>\n\t\t\t\t<div class=\"elementor-element elementor-element-ead1d55 elementor-widget elementor-widget-tabulka\" data-id=\"ead1d55\" data-element_type=\"widget\" data-widget_type=\"tabulka.default\">\n\t\t\t\t<div class=\"elementor-widget-container\">\n\t\t\t<table class=\"ant-elementor-table table--noBorder\"><tr class=\"\"><td><\/td><td>*Closed in case of bad weather<\/td><\/tr><\/table>\t\t<\/div>\n\t\t\t\t<\/div>\n\t\t\t\t\t<\/div>\n\t\t<\/div>\n\t\t\t\t\t<\/div>\n\t\t<\/section>\n\t\t\t\t\t<\/div>\n\t\t<\/div>\n\t\t\t\t\t<\/div>\n\t\t<\/section>\n\t\t\t\t<section class=\"elementor-section elementor-top-section elementor-element elementor-element-35c7c751 elementor-section-boxed elementor-section-height-default elementor-section-height-default\" data-id=\"35c7c751\" data-element_type=\"section\">\n\t\t\t\t\t\t<div class=\"elementor-container elementor-column-gap-default\">\n\t\t\t\t\t<div class=\"elementor-column elementor-col-100 elementor-top-column elementor-element elementor-element-7d46dd7e\" data-id=\"7d46dd7e\" data-element_type=\"column\">\n\t\t\t<div class=\"elementor-widget-wrap elementor-element-populated\">\n\t\t\t\t\t\t<div class=\"elementor-element elementor-element-7ab1499b elementor-widget elementor-widget-heading\" data-id=\"7ab1499b\" data-element_type=\"widget\" data-widget_type=\"heading.default\">\n\t\t\t\t<div class=\"elementor-widget-container\">\n\t\t\t<h2 class=\"elementor-heading-title elementor-size-default\">About the center<\/h2>\t\t<\/div>\n\t\t\t\t<\/div>\n\t\t\t\t<div class=\"elementor-element elementor-element-3a9190d0 elementor-widget elementor-widget-text-editor\" data-id=\"3a9190d0\" data-element_type=\"widget\" data-widget_type=\"text-editor.default\">\n\t\t\t\t<div class=\"elementor-widget-container\">\n\t\t\t\t\t\t\t<p>This seasonal visitor centre is located inside the renovated historic gamekeeper\u2019s lodge of the Schwarzenbergs in B\u0159ezn\u00edk. It is a well-known setting for stories by Karel Faustin Klostermann.\u00a0<\/p><p>The gamekeeper\u2019s lodge and the former residence of Mr Ko\u0159\u00e1n, a district forest officer and the key protagonist of the novel <em>Ze sv\u011bta lesn\u00edch samot<\/em> [<em>From the World of Forest Solitude<\/em>] by Karel Klostermann, was revitalised in 2003 in its new role as a site for attracting and informing visitors.<\/p><p>Since 2007, it has operated as a visitor centre of the \u0160umava National Park Administration.<\/p>\t\t\t\t\t\t<\/div>\n\t\t\t\t<\/div>\n\t\t\t\t<div class=\"elementor-element elementor-element-1e279c4 elementor-widget elementor-widget-heading\" data-id=\"1e279c4\" data-element_type=\"widget\" data-widget_type=\"heading.default\">\n\t\t\t\t<div class=\"elementor-widget-container\">\n\t\t\t<h2 class=\"elementor-heading-title elementor-size-default\">What the centre offers<\/h2>\t\t<\/div>\n\t\t\t\t<\/div>\n\t\t\t\t<div class=\"elementor-element elementor-element-61b0ad9 elementor-align-left elementor-icon-list--layout-traditional elementor-list-item-link-full_width elementor-widget elementor-widget-icon-list\" data-id=\"61b0ad9\" data-element_type=\"widget\" data-widget_type=\"icon-list.default\">\n\t\t\t\t<div class=\"elementor-widget-container\">\n\t\t\t\t\t<ul class=\"elementor-icon-list-items\">\n\t\t\t\t\t\t\t<li class=\"elementor-icon-list-item\">\n\t\t\t\t\t\t\t\t\t\t\t<span class=\"elementor-icon-list-icon\">\n\t\t\t\t\t\t\t<i aria-hidden=\"true\" class=\"fas fa-circle\"><\/i>\t\t\t\t\t\t<\/span>\n\t\t\t\t\t\t\t\t\t\t<span class=\"elementor-icon-list-text\">Dedicated to the history of the area surrounding B\u0159ezn\u00edk, as well as to writer Karel Klostermann, the exhibit was set up by Karel Klostermann - spisovatel \u0160umavy, an NGO based in Srn\u00ed, with the assistance of Museum of \u0160umava in Su\u0161ice, \u0160umava National Park and Protected Land Area Administration, friends from the Bavarian Karl Klostermann - Dichter des B\u00f6hmerwaldes e.V., and some of the towns and villages of the region.<\/span>\n\t\t\t\t\t\t\t\t\t<\/li>\n\t\t\t\t\t\t<\/ul>\n\t\t\t\t<\/div>\n\t\t\t\t<\/div>\n\t\t\t\t\t<\/div>\n\t\t<\/div>\n\t\t\t\t\t<\/div>\n\t\t<\/section>\n\t\t\t\t<section class=\"elementor-section elementor-top-section elementor-element elementor-element-2b649c1 elementor-section-stretched elementor-section-full_width elementor-section-height-default elementor-section-height-default\" data-id=\"2b649c1\" data-element_type=\"section\" data-settings=\"{&quot;stretch_section&quot;:&quot;section-stretched&quot;,&quot;background_background&quot;:&quot;classic&quot;}\">\n\t\t\t\t\t\t<div class=\"elementor-container elementor-column-gap-default\">\n\t\t\t\t\t<div class=\"elementor-column elementor-col-100 elementor-top-column elementor-element elementor-element-c2999bf\" data-id=\"c2999bf\" data-element_type=\"column\">\n\t\t\t<div class=\"elementor-widget-wrap elementor-element-populated\">\n\t\t\t\t\t\t<div class=\"elementor-element elementor-element-f666803 elementor-widget elementor-widget-heading\" data-id=\"f666803\" data-element_type=\"widget\" data-widget_type=\"heading.default\">\n\t\t\t\t<div class=\"elementor-widget-container\">\n\t\t\t<h2 class=\"elementor-heading-title elementor-size-default\">Pictures from our nature<\/h2>\t\t<\/div>\n\t\t\t\t<\/div>\n\t\t\t\t\t<\/div>\n\t\t<\/div>\n\t\t\t\t\t<\/div>\n\t\t<\/section>\n\t\t\t\t<\/div>\n\t\t","protected":false},"excerpt":{"rendered":"<p>P\u0159edchoz\u00ed Dal\u0161\u00ed Contakt +420 776 888 088 modrava@seznam.cz Parking Nejbli\u017e\u0161\u00ed parkovi\u0161t\u011b na map\u011b &times; In the 2020 season the building is for rent. Opening hours \u2013 daily* May 10:00 &#8211; 17:00 June &#8211; September 10:00 &#8211; 17:00 October 10:00 &#8211; 17:00 only Sat + Sun + holidays November &#8211; April closed *Closed in case of&#8230;<\/p>\n","protected":false},"author":2,"featured_media":24838,"parent":16835,"menu_order":474,"comment_status":"closed","ping_status":"closed","template":"","meta":[],"acf":[],"_links":{"self":[{"href":"https:\/\/www.npsumava.cz\/en\/wp-json\/wp\/v2\/pages\/16864"}],"collection":[{"href":"https:\/\/www.npsumava.cz\/en\/wp-json\/wp\/v2\/pages"}],"about":[{"href":"https:\/\/www.npsumava.cz\/en\/wp-json\/wp\/v2\/types\/page"}],"author":[{"embeddable":true,"href":"https:\/\/www.npsumava.cz\/en\/wp-json\/wp\/v2\/users\/2"}],"replies":[{"embeddable":true,"href":"https:\/\/www.npsumava.cz\/en\/wp-json\/wp\/v2\/comments?post=16864"}],"version-history":[{"count":0,"href":"https:\/\/www.npsumava.cz\/en\/wp-json\/wp\/v2\/pages\/16864\/revisions"}],"up":[{"embeddable":true,"href":"https:\/\/www.npsumava.cz\/en\/wp-json\/wp\/v2\/pages\/16835"}],"wp:featuredmedia":[{"embeddable":true,"href":"https:\/\/www.npsumava.cz\/en\/wp-json\/wp\/v2\/media\/24838"}],"wp:attachment":[{"href":"https:\/\/www.npsumava.cz\/en\/wp-json\/wp\/v2\/media?parent=16864"}],"curies":[{"name":"wp","href":"https:\/\/api.w.org\/{rel}","templated":true}]}}