{"id":16843,"date":"2020-06-24T14:19:16","date_gmt":"2020-06-24T12:19:16","guid":{"rendered":"https:\/\/www.npsumava.cz\/?page_id=16843"},"modified":"2023-06-26T08:09:32","modified_gmt":"2023-06-26T06:09:32","slug":"ranger-services","status":"publish","type":"page","link":"https:\/\/www.npsumava.cz\/en\/visit-sumava\/ranger-services\/","title":{"rendered":"Ranger Services"},"content":{"rendered":"\t\t<div data-elementor-type=\"wp-post\" data-elementor-id=\"16843\" class=\"elementor elementor-16843 elementor-2099\" data-elementor-post-type=\"page\">\n\t\t\t\t\t\t<section class=\"elementor-section elementor-top-section elementor-element elementor-element-10e6c50f elementor-section-boxed elementor-section-height-default elementor-section-height-default\" data-id=\"10e6c50f\" data-element_type=\"section\">\n\t\t\t\t\t\t<div class=\"elementor-container elementor-column-gap-default\">\n\t\t\t\t\t<div class=\"elementor-column elementor-col-50 elementor-top-column elementor-element elementor-element-7e00076a\" data-id=\"7e00076a\" data-element_type=\"column\">\n\t\t\t<div class=\"elementor-widget-wrap elementor-element-populated\">\n\t\t\t\t\t\t<div class=\"elementor-element elementor-element-799f5fe elementor-widget elementor-widget-image\" data-id=\"799f5fe\" data-element_type=\"widget\" data-widget_type=\"image.default\">\n\t\t\t\t<div class=\"elementor-widget-container\">\n\t\t\t\t\t\t\t\t\t\t\t\t\t<img src=\"https:\/\/www.npsumava.cz\/wp-content\/uploads\/elementor\/thumbs\/iss-foto-01-ol22tyoz1n4sll8t7a9knsryogb0r2tboqr581co54.jpg\" title=\"\u010clen informa\u010dn\u00ed a str\u00e1\u017en\u00ed slu\u017eby s n\u00e1v\u0161t\u011bvn\u00edky\" alt=\"\u010clen informa\u010dn\u00ed a str\u00e1\u017en\u00ed slu\u017eby s n\u00e1v\u0161t\u011bvn\u00edky\" loading=\"lazy\" \/>\t\t\t\t\t\t\t\t\t\t\t\t\t<\/div>\n\t\t\t\t<\/div>\n\t\t\t\t\t<\/div>\n\t\t<\/div>\n\t\t\t\t<div class=\"elementor-column elementor-col-50 elementor-top-column elementor-element elementor-element-7bd550e1\" data-id=\"7bd550e1\" data-element_type=\"column\">\n\t\t\t<div class=\"elementor-widget-wrap elementor-element-populated\">\n\t\t\t\t\t\t<div class=\"elementor-element elementor-element-5d58156 elementor-widget elementor-widget-heading\" data-id=\"5d58156\" data-element_type=\"widget\" data-widget_type=\"heading.default\">\n\t\t\t\t<div class=\"elementor-widget-container\">\n\t\t\t<h2 class=\"elementor-heading-title elementor-size-default\">Control and Prevention<\/h2>\t\t<\/div>\n\t\t\t\t<\/div>\n\t\t\t\t<div class=\"elementor-element elementor-element-e0f84ba elementor-widget elementor-widget-heading\" data-id=\"e0f84ba\" data-element_type=\"widget\" data-widget_type=\"heading.default\">\n\t\t\t\t<div class=\"elementor-widget-container\">\n\t\t\t<h3 class=\"elementor-heading-title elementor-size-default\">Rangers:<\/h3>\t\t<\/div>\n\t\t\t\t<\/div>\n\t\t\t\t<div class=\"elementor-element elementor-element-655cd80c elementor-icon-list--layout-traditional elementor-list-item-link-full_width elementor-widget elementor-widget-icon-list\" data-id=\"655cd80c\" data-element_type=\"widget\" data-widget_type=\"icon-list.default\">\n\t\t\t\t<div class=\"elementor-widget-container\">\n\t\t\t\t\t<ul class=\"elementor-icon-list-items\">\n\t\t\t\t\t\t\t<li class=\"elementor-icon-list-item\">\n\t\t\t\t\t\t\t\t\t\t\t<span class=\"elementor-icon-list-icon\">\n\t\t\t\t\t\t\t<i aria-hidden=\"true\" class=\"fas fa-circle\"><\/i>\t\t\t\t\t\t<\/span>\n\t\t\t\t\t\t\t\t\t\t<span class=\"elementor-icon-list-text\">Oversee enforcement of the Act on the Nature and Landscape Protection and of the National Park Visiting Order;<\/span>\n\t\t\t\t\t\t\t\t\t<\/li>\n\t\t\t\t\t\t\t\t<li class=\"elementor-icon-list-item\">\n\t\t\t\t\t\t\t\t\t\t\t<span class=\"elementor-icon-list-icon\">\n\t\t\t\t\t\t\t<i aria-hidden=\"true\" class=\"fas fa-circle\"><\/i>\t\t\t\t\t\t<\/span>\n\t\t\t\t\t\t\t\t\t\t<span class=\"elementor-icon-list-text\">Provide guidance to visitors \u2013 informing them about the natural processes and values in the territory, tourist attractions, and current condition of hiking trails. They also arrange lectures and escorts;<\/span>\n\t\t\t\t\t\t\t\t\t<\/li>\n\t\t\t\t\t\t\t\t<li class=\"elementor-icon-list-item\">\n\t\t\t\t\t\t\t\t\t\t\t<span class=\"elementor-icon-list-icon\">\n\t\t\t\t\t\t\t<i aria-hidden=\"true\" class=\"fas fa-circle\"><\/i>\t\t\t\t\t\t<\/span>\n\t\t\t\t\t\t\t\t\t\t<span class=\"elementor-icon-list-text\">Ensure permanent monitoring of the territory and direct contact between the National Park Administration and the visitors;<\/span>\n\t\t\t\t\t\t\t\t\t<\/li>\n\t\t\t\t\t\t\t\t<li class=\"elementor-icon-list-item\">\n\t\t\t\t\t\t\t\t\t\t\t<span class=\"elementor-icon-list-icon\">\n\t\t\t\t\t\t\t<i aria-hidden=\"true\" class=\"fas fa-circle\"><\/i>\t\t\t\t\t\t<\/span>\n\t\t\t\t\t\t\t\t\t\t<span class=\"elementor-icon-list-text\">Ensure monitoring of conditions of the outdoor tourist infrastructure and participate in its maintenance;<\/span>\n\t\t\t\t\t\t\t\t\t<\/li>\n\t\t\t\t\t\t\t\t<li class=\"elementor-icon-list-item\">\n\t\t\t\t\t\t\t\t\t\t\t<span class=\"elementor-icon-list-icon\">\n\t\t\t\t\t\t\t<i aria-hidden=\"true\" class=\"fas fa-circle\"><\/i>\t\t\t\t\t\t<\/span>\n\t\t\t\t\t\t\t\t\t\t<span class=\"elementor-icon-list-text\">Participate in research projects and monitoring of specially protected species of flora and fauna;<\/span>\n\t\t\t\t\t\t\t\t\t<\/li>\n\t\t\t\t\t\t\t\t<li class=\"elementor-icon-list-item\">\n\t\t\t\t\t\t\t\t\t\t\t<span class=\"elementor-icon-list-icon\">\n\t\t\t\t\t\t\t<i aria-hidden=\"true\" class=\"fas fa-circle\"><\/i>\t\t\t\t\t\t<\/span>\n\t\t\t\t\t\t\t\t\t\t<span class=\"elementor-icon-list-text\">Cooperate with the Integrated Rescue System in emergencies and in providing first aid to visitors.<\/span>\n\t\t\t\t\t\t\t\t\t<\/li>\n\t\t\t\t\t\t<\/ul>\n\t\t\t\t<\/div>\n\t\t\t\t<\/div>\n\t\t\t\t\t<\/div>\n\t\t<\/div>\n\t\t\t\t\t<\/div>\n\t\t<\/section>\n\t\t\t\t<section class=\"elementor-section elementor-top-section elementor-element elementor-element-707b92c elementor-section-boxed elementor-section-height-default elementor-section-height-default\" data-id=\"707b92c\" data-element_type=\"section\">\n\t\t\t\t\t\t<div class=\"elementor-container elementor-column-gap-default\">\n\t\t\t\t\t<div class=\"elementor-column elementor-col-100 elementor-top-column elementor-element elementor-element-83c42e2\" data-id=\"83c42e2\" data-element_type=\"column\">\n\t\t\t<div class=\"elementor-widget-wrap elementor-element-populated\">\n\t\t\t\t\t\t<div class=\"elementor-element elementor-element-b115ff1 elementor-widget elementor-widget-heading\" data-id=\"b115ff1\" data-element_type=\"widget\" data-widget_type=\"heading.default\">\n\t\t\t\t<div class=\"elementor-widget-container\">\n\t\t\t<h3 class=\"elementor-heading-title elementor-size-default\"><a href=\"https:\/\/www.zakonyprolidi.cz\/cs\/1992-114\">Rangers are public officials whose powers and duties are governed by Act No. 114\/1992 Czech Law Coll., on Nature and Landscape Protection.<\/a><\/h3>\t\t<\/div>\n\t\t\t\t<\/div>\n\t\t\t\t\t<\/div>\n\t\t<\/div>\n\t\t\t\t\t<\/div>\n\t\t<\/section>\n\t\t\t\t<section class=\"elementor-section elementor-top-section elementor-element elementor-element-21ae62d3 elementor-section-boxed elementor-section-height-default elementor-section-height-default\" data-id=\"21ae62d3\" data-element_type=\"section\">\n\t\t\t\t\t\t<div class=\"elementor-container elementor-column-gap-default\">\n\t\t\t\t\t<div class=\"elementor-column elementor-col-100 elementor-top-column elementor-element elementor-element-15638fb1\" data-id=\"15638fb1\" data-element_type=\"column\">\n\t\t\t<div class=\"elementor-widget-wrap elementor-element-populated\">\n\t\t\t\t\t\t<div class=\"elementor-element elementor-element-61099892 elementor-widget elementor-widget-spacer\" data-id=\"61099892\" data-element_type=\"widget\" data-widget_type=\"spacer.default\">\n\t\t\t\t<div class=\"elementor-widget-container\">\n\t\t\t\t\t<div class=\"elementor-spacer\">\n\t\t\t<div class=\"elementor-spacer-inner\"><\/div>\n\t\t<\/div>\n\t\t\t\t<\/div>\n\t\t\t\t<\/div>\n\t\t\t\t\t<\/div>\n\t\t<\/div>\n\t\t\t\t\t<\/div>\n\t\t<\/section>\n\t\t\t\t<section class=\"elementor-section elementor-top-section elementor-element elementor-element-3cded2b elementor-section-boxed elementor-section-height-default elementor-section-height-default\" data-id=\"3cded2b\" data-element_type=\"section\">\n\t\t\t\t\t\t<div class=\"elementor-container elementor-column-gap-default\">\n\t\t\t\t\t<div class=\"elementor-column elementor-col-100 elementor-top-column elementor-element elementor-element-a9b4fbe\" data-id=\"a9b4fbe\" data-element_type=\"column\">\n\t\t\t<div class=\"elementor-widget-wrap elementor-element-populated\">\n\t\t\t\t\t\t<div class=\"elementor-element elementor-element-ca3b3a1 elementor-widget elementor-widget-heading\" data-id=\"ca3b3a1\" data-element_type=\"widget\" data-widget_type=\"heading.default\">\n\t\t\t\t<div class=\"elementor-widget-container\">\n\t\t\t<h2 class=\"elementor-heading-title elementor-size-default\">Ranger Powers<\/h2>\t\t<\/div>\n\t\t\t\t<\/div>\n\t\t\t\t\t<\/div>\n\t\t<\/div>\n\t\t\t\t\t<\/div>\n\t\t<\/section>\n\t\t\t\t<section class=\"elementor-section elementor-top-section elementor-element elementor-element-e745f6e elementor-section-boxed elementor-section-height-default elementor-section-height-default\" data-id=\"e745f6e\" data-element_type=\"section\">\n\t\t\t\t\t\t<div class=\"elementor-container elementor-column-gap-default\">\n\t\t\t\t\t<div class=\"elementor-column elementor-col-100 elementor-top-column elementor-element elementor-element-1564e69\" data-id=\"1564e69\" data-element_type=\"column\">\n\t\t\t<div class=\"elementor-widget-wrap elementor-element-populated\">\n\t\t\t\t\t\t<div class=\"elementor-element elementor-element-9ae3cf3 elementor-widget elementor-widget-text-editor\" data-id=\"9ae3cf3\" data-element_type=\"widget\" data-widget_type=\"text-editor.default\">\n\t\t\t\t<div class=\"elementor-widget-container\">\n\t\t\t\t\t\t\t<p><strong>Rangers are legally empowered to:<\/strong><\/p><p>a) Identify persons who violate nature protection regulations;<\/p><p>b) Impose and collect fixed penalties (tickets) for offences concerning nature protection;<\/p><p>c)\u00a0Enter private properties under conditions set out in Act No. 114\/1992 Czech Law Coll., on Nature and Landscape Protection;<\/p><p>d)\u00a0Detain persons whom they catch violating legal regulations on nature and landscape protection, in order to establish their identity and hand them over to authorities of the Police of the Czech Republic; persons caught are obliged to obey;<\/p><p>e) Request assistance or cooperation of authorities of the Police of the Czech Republic or municipal police, as appropriate, if they are unable to ensure fulfilment of their obligations using their own powers and means;<\/p><p>f) Stop the disturbing activities.<\/p>\t\t\t\t\t\t<\/div>\n\t\t\t\t<\/div>\n\t\t\t\t\t<\/div>\n\t\t<\/div>\n\t\t\t\t\t<\/div>\n\t\t<\/section>\n\t\t\t\t<section class=\"elementor-section elementor-top-section elementor-element elementor-element-78e18a6 elementor-section-boxed elementor-section-height-default elementor-section-height-default\" data-id=\"78e18a6\" data-element_type=\"section\">\n\t\t\t\t\t\t<div class=\"elementor-container elementor-column-gap-default\">\n\t\t\t\t\t<div class=\"elementor-column elementor-col-100 elementor-top-column elementor-element elementor-element-bbf818a\" data-id=\"bbf818a\" data-element_type=\"column\">\n\t\t\t<div class=\"elementor-widget-wrap elementor-element-populated\">\n\t\t\t\t\t\t<div class=\"elementor-element elementor-element-7952ec8 elementor-widget elementor-widget-heading\" data-id=\"7952ec8\" data-element_type=\"widget\" data-widget_type=\"heading.default\">\n\t\t\t\t<div class=\"elementor-widget-container\">\n\t\t\t<h2 class=\"elementor-heading-title elementor-size-default\">Ranger Identification and Duties<\/h2>\t\t<\/div>\n\t\t\t\t<\/div>\n\t\t\t\t\t<\/div>\n\t\t<\/div>\n\t\t\t\t\t<\/div>\n\t\t<\/section>\n\t\t\t\t<section class=\"elementor-section elementor-top-section elementor-element elementor-element-79bbd80 elementor-section-boxed elementor-section-height-default elementor-section-height-default\" data-id=\"79bbd80\" data-element_type=\"section\">\n\t\t\t\t\t\t<div class=\"elementor-container elementor-column-gap-default\">\n\t\t\t\t\t<div class=\"elementor-column elementor-col-100 elementor-top-column elementor-element elementor-element-3d26919\" data-id=\"3d26919\" data-element_type=\"column\">\n\t\t\t<div class=\"elementor-widget-wrap elementor-element-populated\">\n\t\t\t\t\t\t<div class=\"elementor-element elementor-element-cd02dbd elementor-widget elementor-widget-text-editor\" data-id=\"cd02dbd\" data-element_type=\"widget\" data-widget_type=\"text-editor.default\">\n\t\t\t\t<div class=\"elementor-widget-container\">\n\t\t\t\t\t\t\t<p><strong>In their activities, Rangers are required to:<\/strong><\/p><p>a) Identify themselves with service cards and wear the official badge;<\/p><p>b) Monitor compliance with the regulations on nature and landscape protection;<\/p><p>c) Report forthwith any and all defects, deficiencies, and damages to the establishing authority or to authorities of the Police of the Czech Republic or relevant state administration authorities, as appropriate.<\/p>\t\t\t\t\t\t<\/div>\n\t\t\t\t<\/div>\n\t\t\t\t\t<\/div>\n\t\t<\/div>\n\t\t\t\t\t<\/div>\n\t\t<\/section>\n\t\t\t\t<section class=\"elementor-section elementor-top-section elementor-element elementor-element-397c44c elementor-section-boxed elementor-section-height-default elementor-section-height-default\" data-id=\"397c44c\" data-element_type=\"section\">\n\t\t\t\t\t\t<div class=\"elementor-container elementor-column-gap-default\">\n\t\t\t\t\t<div class=\"elementor-column elementor-col-33 elementor-top-column elementor-element elementor-element-0a9825b\" data-id=\"0a9825b\" data-element_type=\"column\">\n\t\t\t<div class=\"elementor-widget-wrap elementor-element-populated\">\n\t\t\t\t\t\t<div class=\"elementor-element elementor-element-95c1f01 elementor-widget elementor-widget-image\" data-id=\"95c1f01\" data-element_type=\"widget\" data-widget_type=\"image.default\">\n\t\t\t\t<div class=\"elementor-widget-container\">\n\t\t\t\t\t\t\t\t\t\t\t\t\t<img src=\"https:\/\/www.npsumava.cz\/wp-content\/uploads\/elementor\/thumbs\/oznaceni-strazce-oko7tkvm19tl0cua4rjj2m7mo19tn7tm59vhkr0jy8.jpg\" title=\"Ozna\u010den\u00ed str\u00e1\u017ece na o\u0161acen\u00ed\" alt=\"Ozna\u010den\u00ed str\u00e1\u017ece na o\u0161acen\u00ed\" loading=\"lazy\" \/>\t\t\t\t\t\t\t\t\t\t\t\t\t<\/div>\n\t\t\t\t<\/div>\n\t\t\t\t\t<\/div>\n\t\t<\/div>\n\t\t\t\t<div class=\"elementor-column elementor-col-33 elementor-top-column elementor-element elementor-element-6e7fb67\" data-id=\"6e7fb67\" data-element_type=\"column\">\n\t\t\t<div class=\"elementor-widget-wrap elementor-element-populated\">\n\t\t\t\t\t\t<div class=\"elementor-element elementor-element-084f127 elementor-widget elementor-widget-image\" data-id=\"084f127\" data-element_type=\"widget\" data-widget_type=\"image.default\">\n\t\t\t\t<div class=\"elementor-widget-container\">\n\t\t\t\t\t\t\t\t\t\t\t\t\t<img src=\"https:\/\/www.npsumava.cz\/wp-content\/uploads\/elementor\/thumbs\/prukaz-strazce-oko7tdcwiljafh57coaiio3xwyavxmzrg8nlqjbpc0.jpg\" title=\"Slu\u017eebn\u00ed pr\u016fkaz str\u00e1\u017ece\" alt=\"Slu\u017eebn\u00ed pr\u016fkaz str\u00e1\u017ece\" loading=\"lazy\" \/>\t\t\t\t\t\t\t\t\t\t\t\t\t<\/div>\n\t\t\t\t<\/div>\n\t\t\t\t\t<\/div>\n\t\t<\/div>\n\t\t\t\t<div class=\"elementor-column elementor-col-33 elementor-top-column elementor-element elementor-element-c70f676\" data-id=\"c70f676\" data-element_type=\"column\">\n\t\t\t<div class=\"elementor-widget-wrap elementor-element-populated\">\n\t\t\t\t\t\t<div class=\"elementor-element elementor-element-fbfab6a elementor-widget elementor-widget-image\" data-id=\"fbfab6a\" data-element_type=\"widget\" data-widget_type=\"image.default\">\n\t\t\t\t<div class=\"elementor-widget-container\">\n\t\t\t\t\t\t\t\t\t\t\t\t\t<img src=\"https:\/\/www.npsumava.cz\/wp-content\/uploads\/elementor\/thumbs\/odznak-strazce-oko7ty1coybliwb5zx8b1iw2zfgymz9uv30aamh1j4.jpg\" title=\"Odznak str\u00e1\u017ee p\u0159\u00edrody\" alt=\"Odznak str\u00e1\u017ee p\u0159\u00edrody\" loading=\"lazy\" \/>\t\t\t\t\t\t\t\t\t\t\t\t\t<\/div>\n\t\t\t\t<\/div>\n\t\t\t\t\t<\/div>\n\t\t<\/div>\n\t\t\t\t\t<\/div>\n\t\t<\/section>\n\t\t\t\t<section class=\"elementor-section elementor-top-section elementor-element elementor-element-54e6e64 elementor-section-boxed elementor-section-height-default elementor-section-height-default\" data-id=\"54e6e64\" data-element_type=\"section\">\n\t\t\t\t\t\t<div class=\"elementor-container elementor-column-gap-default\">\n\t\t\t\t\t<div class=\"elementor-column elementor-col-100 elementor-top-column elementor-element elementor-element-1dc235a\" data-id=\"1dc235a\" data-element_type=\"column\">\n\t\t\t<div class=\"elementor-widget-wrap elementor-element-populated\">\n\t\t\t\t\t\t<div class=\"elementor-element elementor-element-e23cd67 elementor-widget elementor-widget-heading\" data-id=\"e23cd67\" data-element_type=\"widget\" data-widget_type=\"heading.default\">\n\t\t\t\t<div class=\"elementor-widget-container\">\n\t\t\t<h2 class=\"elementor-heading-title elementor-size-default\">Contact - head of the Ranger Services<\/h2>\t\t<\/div>\n\t\t\t\t<\/div>\n\t\t\t\t\t<\/div>\n\t\t<\/div>\n\t\t\t\t\t<\/div>\n\t\t<\/section>\n\t\t\t\t<section class=\"elementor-section elementor-top-section elementor-element elementor-element-3e769e20 elementor-section-boxed elementor-section-height-default elementor-section-height-default\" data-id=\"3e769e20\" data-element_type=\"section\">\n\t\t\t\t\t\t<div class=\"elementor-container elementor-column-gap-default\">\n\t\t\t\t\t<div class=\"elementor-column elementor-col-50 elementor-top-column elementor-element elementor-element-71c95091\" data-id=\"71c95091\" data-element_type=\"column\">\n\t\t\t<div class=\"elementor-widget-wrap elementor-element-populated\">\n\t\t\t\t\t\t<div class=\"elementor-element elementor-element-52c6baa8 elementor-widget elementor-widget-text-editor\" data-id=\"52c6baa8\" data-element_type=\"widget\" data-widget_type=\"text-editor.default\">\n\t\t\t\t<div class=\"elementor-widget-container\">\n\t\t\t\t\t\t\t<h3 style=\"text-align: center;\"><strong>Ing. V\u00edt Chlada<\/strong><\/h3><p><strong>\u00a0<\/strong><\/p>\t\t\t\t\t\t<\/div>\n\t\t\t\t<\/div>\n\t\t\t\t\t<\/div>\n\t\t<\/div>\n\t\t\t\t<div class=\"elementor-column elementor-col-50 elementor-top-column elementor-element elementor-element-2237de78\" data-id=\"2237de78\" data-element_type=\"column\">\n\t\t\t<div class=\"elementor-widget-wrap elementor-element-populated\">\n\t\t\t\t\t\t<div class=\"elementor-element elementor-element-2108a4fc eael-infobox-icon-bg-shape-circle linkhover eael-infobox-icon-hover-bg-shape-none elementor-widget elementor-widget-eael-info-box\" data-id=\"2108a4fc\" data-element_type=\"widget\" data-widget_type=\"eael-info-box.default\">\n\t\t\t\t<div class=\"elementor-widget-container\">\n\t\t\t        <a href=\"tel:+420731%20530%20385\"  >            <div class=\"eael-infobox icon-on-left\">\n                    <div class=\"infobox-icon eael-icon-only\">\n\n            \n                            <div class=\"infobox-icon-wrap\">\n                    <i class=\"fas fa-phone-square-alt\"><\/i>                <\/div>\n            \n            \n        <\/div>\n            <div class=\"infobox-content eael-icon-only\">\n                            <h4 class=\"title\">+420 731 530 385<\/h4>\n                    <\/div>\n    <\/div><\/a>\t\t<\/div>\n\t\t\t\t<\/div>\n\t\t\t\t<div class=\"elementor-element elementor-element-97621a7 eael-infobox-icon-bg-shape-circle linkhover eael-infobox-icon-hover-bg-shape-none elementor-widget elementor-widget-eael-info-box\" data-id=\"97621a7\" data-element_type=\"widget\" data-widget_type=\"eael-info-box.default\">\n\t\t\t\t<div class=\"elementor-widget-container\">\n\t\t\t        <a href=\"mailto:vit.chlada@npsumava.cz\"  >            <div class=\"eael-infobox icon-on-left\">\n                    <div class=\"infobox-icon eael-icon-only\">\n\n            \n                            <div class=\"infobox-icon-wrap\">\n                    <i class=\"far fa-envelope\"><\/i>                <\/div>\n            \n            \n        <\/div>\n            <div class=\"infobox-content eael-icon-only\">\n                            <h4 class=\"title\">vit.chlada@npsumava.cz<\/h4>\n                    <\/div>\n    <\/div><\/a>\t\t<\/div>\n\t\t\t\t<\/div>\n\t\t\t\t\t<\/div>\n\t\t<\/div>\n\t\t\t\t\t<\/div>\n\t\t<\/section>\n\t\t\t\t<\/div>\n\t\t","protected":false},"excerpt":{"rendered":"<p>Control and Prevention Rangers: Oversee enforcement of the Act on the Nature and Landscape Protection and of the National Park Visiting Order; Provide guidance to visitors \u2013 informing them about the natural processes and values in the territory, tourist attractions, and current condition of hiking trails. They also arrange lectures and escorts; Ensure permanent monitoring&#8230;<\/p>\n","protected":false},"author":2,"featured_media":24838,"parent":14907,"menu_order":440,"comment_status":"closed","ping_status":"closed","template":"","meta":[],"acf":[],"_links":{"self":[{"href":"https:\/\/www.npsumava.cz\/en\/wp-json\/wp\/v2\/pages\/16843"}],"collection":[{"href":"https:\/\/www.npsumava.cz\/en\/wp-json\/wp\/v2\/pages"}],"about":[{"href":"https:\/\/www.npsumava.cz\/en\/wp-json\/wp\/v2\/types\/page"}],"author":[{"embeddable":true,"href":"https:\/\/www.npsumava.cz\/en\/wp-json\/wp\/v2\/users\/2"}],"replies":[{"embeddable":true,"href":"https:\/\/www.npsumava.cz\/en\/wp-json\/wp\/v2\/comments?post=16843"}],"version-history":[{"count":0,"href":"https:\/\/www.npsumava.cz\/en\/wp-json\/wp\/v2\/pages\/16843\/revisions"}],"up":[{"embeddable":true,"href":"https:\/\/www.npsumava.cz\/en\/wp-json\/wp\/v2\/pages\/14907"}],"wp:featuredmedia":[{"embeddable":true,"href":"https:\/\/www.npsumava.cz\/en\/wp-json\/wp\/v2\/media\/24838"}],"wp:attachment":[{"href":"https:\/\/www.npsumava.cz\/en\/wp-json\/wp\/v2\/media?parent=16843"}],"curies":[{"name":"wp","href":"https:\/\/api.w.org\/{rel}","templated":true}]}}