{"id":16837,"date":"2020-06-24T14:16:29","date_gmt":"2020-06-24T12:16:29","guid":{"rendered":"https:\/\/www.npsumava.cz\/?page_id=16837"},"modified":"2025-07-15T14:56:16","modified_gmt":"2025-07-15T12:56:16","slug":"ecological-education","status":"publish","type":"page","link":"https:\/\/www.npsumava.cz\/en\/visit-sumava\/ecological-education\/","title":{"rendered":"Ecological education"},"content":{"rendered":"\t\t<div data-elementor-type=\"wp-post\" data-elementor-id=\"16837\" class=\"elementor elementor-16837 elementor-6219\" data-elementor-post-type=\"page\">\n\t\t\t\t\t\t<section class=\"elementor-section elementor-top-section elementor-element elementor-element-2a204a05 elementor-section-boxed elementor-section-height-default elementor-section-height-default\" data-id=\"2a204a05\" data-element_type=\"section\">\n\t\t\t\t\t\t<div class=\"elementor-container elementor-column-gap-default\">\n\t\t\t\t\t<div class=\"elementor-column elementor-col-50 elementor-top-column elementor-element elementor-element-3d9b02c7\" data-id=\"3d9b02c7\" data-element_type=\"column\">\n\t\t\t<div class=\"elementor-widget-wrap elementor-element-populated\">\n\t\t\t\t\t\t<div class=\"elementor-element elementor-element-dc1a721 elementor-arrows-position-inside elementor-pagination-position-outside elementor-widget elementor-widget-image-carousel\" data-id=\"dc1a721\" data-element_type=\"widget\" data-settings=\"{&quot;slides_to_show&quot;:&quot;1&quot;,&quot;navigation&quot;:&quot;both&quot;,&quot;autoplay&quot;:&quot;yes&quot;,&quot;pause_on_hover&quot;:&quot;yes&quot;,&quot;pause_on_interaction&quot;:&quot;yes&quot;,&quot;autoplay_speed&quot;:5000,&quot;infinite&quot;:&quot;yes&quot;,&quot;effect&quot;:&quot;slide&quot;,&quot;speed&quot;:500}\" data-widget_type=\"image-carousel.default\">\n\t\t\t\t<div class=\"elementor-widget-container\">\n\t\t\t\t\t<div class=\"elementor-image-carousel-wrapper swiper-container\" dir=\"ltr\">\n\t\t\t<div class=\"elementor-image-carousel swiper-wrapper\" aria-live=\"off\">\n\t\t\t\t\t\t\t\t<div class=\"swiper-slide\" role=\"group\" aria-roledescription=\"slide\" aria-label=\"1 of 10\"><a data-elementor-open-lightbox=\"yes\" data-elementor-lightbox-slideshow=\"dc1a721\" data-elementor-lightbox-title=\"SEV-uvod-01\" data-e-action-hash=\"#elementor-action%3Aaction%3Dlightbox%26settings%3DeyJpZCI6MTE3MzcsInVybCI6Imh0dHBzOlwvXC93d3cubnBzdW1hdmEuY3pcL3dwLWNvbnRlbnRcL3VwbG9hZHNcLzIwMTlcLzEwXC9zZXYtdXZvZC0wMS5qcGciLCJzbGlkZXNob3ciOiJkYzFhNzIxIn0%3D\" href=\"https:\/\/www.npsumava.cz\/wp-content\/uploads\/2019\/10\/sev-uvod-01.jpg\"><figure class=\"swiper-slide-inner\"><img class=\"swiper-slide-image\" src=\"https:\/\/www.npsumava.cz\/wp-content\/uploads\/elementor\/thumbs\/sev-uvod-01-ofcepqsgr4hxmllki2oqdui387nezirg99vio7oxg2.jpg\" alt=\"SEV-uvod-01\" \/><\/figure><\/a><\/div><div class=\"swiper-slide\" role=\"group\" aria-roledescription=\"slide\" aria-label=\"2 of 10\"><a data-elementor-open-lightbox=\"yes\" data-elementor-lightbox-slideshow=\"dc1a721\" data-elementor-lightbox-title=\"SEV-uvod-08\" data-e-action-hash=\"#elementor-action%3Aaction%3Dlightbox%26settings%3DeyJpZCI6MTE3NTEsInVybCI6Imh0dHBzOlwvXC93d3cubnBzdW1hdmEuY3pcL3dwLWNvbnRlbnRcL3VwbG9hZHNcLzIwMTlcLzEwXC9zZXYtdXZvZC0wOC5qcGciLCJzbGlkZXNob3ciOiJkYzFhNzIxIn0%3D\" href=\"https:\/\/www.npsumava.cz\/wp-content\/uploads\/2019\/10\/sev-uvod-08.jpg\"><figure class=\"swiper-slide-inner\"><img class=\"swiper-slide-image\" src=\"https:\/\/www.npsumava.cz\/wp-content\/uploads\/elementor\/thumbs\/sev-uvod-08-ofceqdclb5ctd8osucfs1ot5hgk84990cdj66urhaq.jpg\" alt=\"SEV-uvod-08\" \/><\/figure><\/a><\/div><div class=\"swiper-slide\" role=\"group\" aria-roledescription=\"slide\" aria-label=\"3 of 10\"><a data-elementor-open-lightbox=\"yes\" data-elementor-lightbox-slideshow=\"dc1a721\" data-elementor-lightbox-title=\"SEV-uvod-10\" data-e-action-hash=\"#elementor-action%3Aaction%3Dlightbox%26settings%3DeyJpZCI6MTE3NTUsInVybCI6Imh0dHBzOlwvXC93d3cubnBzdW1hdmEuY3pcL3dwLWNvbnRlbnRcL3VwbG9hZHNcLzIwMTlcLzEwXC9zZXYtdXZvZC0xMC5qcGciLCJzbGlkZXNob3ciOiJkYzFhNzIxIn0%3D\" href=\"https:\/\/www.npsumava.cz\/wp-content\/uploads\/2019\/10\/sev-uvod-10.jpg\"><figure class=\"swiper-slide-inner\"><img class=\"swiper-slide-image\" src=\"https:\/\/www.npsumava.cz\/wp-content\/uploads\/elementor\/thumbs\/sev-uvod-10-ofceqizmg5kjawglxevjgndx1rsfefved5g32ij49e.jpg\" alt=\"SEV-uvod-10\" \/><\/figure><\/a><\/div><div class=\"swiper-slide\" role=\"group\" aria-roledescription=\"slide\" aria-label=\"4 of 10\"><a data-elementor-open-lightbox=\"yes\" data-elementor-lightbox-slideshow=\"dc1a721\" data-elementor-lightbox-title=\"SEV-uvod-09\" data-e-action-hash=\"#elementor-action%3Aaction%3Dlightbox%26settings%3DeyJpZCI6MTE3NTMsInVybCI6Imh0dHBzOlwvXC93d3cubnBzdW1hdmEuY3pcL3dwLWNvbnRlbnRcL3VwbG9hZHNcLzIwMTlcLzEwXC9zZXYtdXZvZC0wOS5qcGciLCJzbGlkZXNob3ciOiJkYzFhNzIxIn0%3D\" href=\"https:\/\/www.npsumava.cz\/wp-content\/uploads\/2019\/10\/sev-uvod-09.jpg\"><figure class=\"swiper-slide-inner\"><img class=\"swiper-slide-image\" src=\"https:\/\/www.npsumava.cz\/wp-content\/uploads\/elementor\/thumbs\/sev-uvod-09-ofceqg63vngoc2kpdvnnr63j9m6brck7crhmmonas2.jpg\" alt=\"SEV-uvod-09\" \/><\/figure><\/a><\/div><div class=\"swiper-slide\" role=\"group\" aria-roledescription=\"slide\" aria-label=\"5 of 10\"><a data-elementor-open-lightbox=\"yes\" data-elementor-lightbox-slideshow=\"dc1a721\" data-elementor-lightbox-title=\"SEV-uvod-07\" data-e-action-hash=\"#elementor-action%3Aaction%3Dlightbox%26settings%3DeyJpZCI6MTE3NDksInVybCI6Imh0dHBzOlwvXC93d3cubnBzdW1hdmEuY3pcL3dwLWNvbnRlbnRcL3VwbG9hZHNcLzIwMTlcLzEwXC9zZXYtdXZvZC0wNy5qcGciLCJzbGlkZXNob3ciOiJkYzFhNzIxIn0%3D\" href=\"https:\/\/www.npsumava.cz\/wp-content\/uploads\/2019\/10\/sev-uvod-07.jpg\"><figure class=\"swiper-slide-inner\"><img class=\"swiper-slide-image\" src=\"https:\/\/www.npsumava.cz\/wp-content\/uploads\/elementor\/thumbs\/sev-uvod-07-ofceq9l8jt7o2su9gat9rprb3x2r9gu2zux89qx1zm.jpg\" alt=\"SEV-uvod-07\" \/><\/figure><\/a><\/div><div class=\"swiper-slide\" role=\"group\" aria-roledescription=\"slide\" aria-label=\"6 of 10\"><a data-elementor-open-lightbox=\"yes\" data-elementor-lightbox-slideshow=\"dc1a721\" data-elementor-lightbox-title=\"SEV-uvod-06\" data-e-action-hash=\"#elementor-action%3Aaction%3Dlightbox%26settings%3DeyJpZCI6MTE3NDcsInVybCI6Imh0dHBzOlwvXC93d3cubnBzdW1hdmEuY3pcL3dwLWNvbnRlbnRcL3VwbG9hZHNcLzIwMTlcLzEwXC9zZXYtdXZvZC0wNi5qcGciLCJzbGlkZXNob3ciOiJkYzFhNzIxIn0%3D\" href=\"https:\/\/www.npsumava.cz\/wp-content\/uploads\/2019\/10\/sev-uvod-06.jpg\"><figure class=\"swiper-slide-inner\"><img class=\"swiper-slide-image\" src=\"https:\/\/www.npsumava.cz\/wp-content\/uploads\/elementor\/thumbs\/sev-uvod-06-ofceq6rpzb3t3yycwrle28gxbrgnmdivzgyrtx18ia.jpg\" alt=\"SEV-uvod-06\" \/><\/figure><\/a><\/div><div class=\"swiper-slide\" role=\"group\" aria-roledescription=\"slide\" aria-label=\"7 of 10\"><a data-elementor-open-lightbox=\"yes\" data-elementor-lightbox-slideshow=\"dc1a721\" data-elementor-lightbox-title=\"SEV-uvod-05\" data-e-action-hash=\"#elementor-action%3Aaction%3Dlightbox%26settings%3DeyJpZCI6MTE3NDUsInVybCI6Imh0dHBzOlwvXC93d3cubnBzdW1hdmEuY3pcL3dwLWNvbnRlbnRcL3VwbG9hZHNcLzIwMTlcLzEwXC9zZXYtdXZvZC0wNS5qcGciLCJzbGlkZXNob3ciOiJkYzFhNzIxIn0%3D\" href=\"https:\/\/www.npsumava.cz\/wp-content\/uploads\/2019\/10\/sev-uvod-05.jpg\"><figure class=\"swiper-slide-inner\"><img class=\"swiper-slide-image\" src=\"https:\/\/www.npsumava.cz\/wp-content\/uploads\/elementor\/thumbs\/sev-uvod-05-ofceq30d7yyntj3tipyvs9f2y7z6rl3ymyctwt6t76.jpg\" alt=\"SEV-uvod-05\" \/><\/figure><\/a><\/div><div class=\"swiper-slide\" role=\"group\" aria-roledescription=\"slide\" aria-label=\"8 of 10\"><a data-elementor-open-lightbox=\"yes\" data-elementor-lightbox-slideshow=\"dc1a721\" data-elementor-lightbox-title=\"SEV-uvod-04\" data-e-action-hash=\"#elementor-action%3Aaction%3Dlightbox%26settings%3DeyJpZCI6MTE3NDMsInVybCI6Imh0dHBzOlwvXC93d3cubnBzdW1hdmEuY3pcL3dwLWNvbnRlbnRcL3VwbG9hZHNcLzIwMTlcLzEwXC9zZXYtdXZvZC0wNC5qcGciLCJzbGlkZXNob3ciOiJkYzFhNzIxIn0%3D\" href=\"https:\/\/www.npsumava.cz\/wp-content\/uploads\/2019\/10\/sev-uvod-04.jpg\"><figure class=\"swiper-slide-inner\"><img class=\"swiper-slide-image\" src=\"https:\/\/www.npsumava.cz\/wp-content\/uploads\/elementor\/thumbs\/sev-uvod-04-ofceq06ungusup7wz6r02s4p62d34hsrmkedgzazpu.jpg\" alt=\"SEV-uvod-04\" \/><\/figure><\/a><\/div><div class=\"swiper-slide\" role=\"group\" aria-roledescription=\"slide\" aria-label=\"9 of 10\"><a data-elementor-open-lightbox=\"yes\" data-elementor-lightbox-slideshow=\"dc1a721\" data-elementor-lightbox-title=\"areal-SEV-Stozec1\" data-e-action-hash=\"#elementor-action%3Aaction%3Dlightbox%26settings%3DeyJpZCI6MzE2OSwidXJsIjoiaHR0cHM6XC9cL3d3dy5ucHN1bWF2YS5jelwvd3AtY29udGVudFwvdXBsb2Fkc1wvMjAxOVwvMDhcL2FyZWFsLXNldi1zdG96ZWMxLmpwZyIsInNsaWRlc2hvdyI6ImRjMWE3MjEifQ%3D%3D\" href=\"https:\/\/www.npsumava.cz\/wp-content\/uploads\/2019\/08\/areal-sev-stozec1.jpg\"><figure class=\"swiper-slide-inner\"><img class=\"swiper-slide-image\" src=\"https:\/\/www.npsumava.cz\/wp-content\/uploads\/elementor\/thumbs\/areal-sev-stozec1-pklo9heioelpflipmt0nnld9k44p566ey7f83vqb82.jpg\" alt=\"areal-SEV-Stozec1\" \/><\/figure><\/a><\/div><div class=\"swiper-slide\" role=\"group\" aria-roledescription=\"slide\" aria-label=\"10 of 10\"><a data-elementor-open-lightbox=\"yes\" data-elementor-lightbox-slideshow=\"dc1a721\" data-elementor-lightbox-title=\"SEV-uvod-03\" data-e-action-hash=\"#elementor-action%3Aaction%3Dlightbox%26settings%3DeyJpZCI6MTE3NDEsInVybCI6Imh0dHBzOlwvXC93d3cubnBzdW1hdmEuY3pcL3dwLWNvbnRlbnRcL3VwbG9hZHNcLzIwMTlcLzEwXC9zZXYtdXZvZC0wMy5qcGciLCJzbGlkZXNob3ciOiJkYzFhNzIxIn0%3D\" href=\"https:\/\/www.npsumava.cz\/wp-content\/uploads\/2019\/10\/sev-uvod-03.jpg\"><figure class=\"swiper-slide-inner\"><img class=\"swiper-slide-image\" src=\"https:\/\/www.npsumava.cz\/wp-content\/uploads\/elementor\/thumbs\/sev-uvod-03-ofcepwfhw4pnk9ddl54hst2usivm9pdua1sfjvgkeq.jpg\" alt=\"SEV-uvod-03\" \/><\/figure><\/a><\/div>\t\t\t<\/div>\n\t\t\t\t\t\t\t\t\t\t\t\t<div class=\"elementor-swiper-button elementor-swiper-button-prev\" role=\"button\" tabindex=\"0\">\n\t\t\t\t\t\t<i aria-hidden=\"true\" class=\"eicon-chevron-left\"><\/i>\t\t\t\t\t<\/div>\n\t\t\t\t\t<div class=\"elementor-swiper-button elementor-swiper-button-next\" role=\"button\" tabindex=\"0\">\n\t\t\t\t\t\t<i aria-hidden=\"true\" class=\"eicon-chevron-right\"><\/i>\t\t\t\t\t<\/div>\n\t\t\t\t\n\t\t\t\t\t\t\t\t\t<div class=\"swiper-pagination\"><\/div>\n\t\t\t\t\t\t\t\t\t<\/div>\n\t\t\t\t<\/div>\n\t\t\t\t<\/div>\n\t\t\t\t\t<\/div>\n\t\t<\/div>\n\t\t\t\t<div class=\"elementor-column elementor-col-50 elementor-top-column elementor-element elementor-element-34d2d0c9\" data-id=\"34d2d0c9\" data-element_type=\"column\">\n\t\t\t<div class=\"elementor-widget-wrap elementor-element-populated\">\n\t\t\t\t\t\t<div class=\"elementor-element elementor-element-7c6c23f elementor-widget elementor-widget-text-editor\" data-id=\"7c6c23f\" data-element_type=\"widget\" data-widget_type=\"text-editor.default\">\n\t\t\t\t<div class=\"elementor-widget-container\">\n\t\t\t\t\t\t\t<h3><strong>Ecological education is implemented in four centers.<\/strong><\/h3><p>\u00a0<\/p><p><strong>Vimperk<\/strong> and <strong>Ka\u0161persk\u00e9 Hory<\/strong> are designed for hourly to full-day programs.<\/p><p><strong>Sto\u017eec <\/strong>and <strong>Horsk\u00e1 Kvilda<\/strong> are designed for up to weekly educational programs.<\/p>\t\t\t\t\t\t<\/div>\n\t\t\t\t<\/div>\n\t\t\t\t\t<\/div>\n\t\t<\/div>\n\t\t\t\t\t<\/div>\n\t\t<\/section>\n\t\t\t\t<section class=\"elementor-section elementor-top-section elementor-element elementor-element-4aa0379 elementor-section-boxed elementor-section-height-default elementor-section-height-default\" data-id=\"4aa0379\" data-element_type=\"section\">\n\t\t\t\t\t\t<div class=\"elementor-container elementor-column-gap-default\">\n\t\t\t\t\t<div class=\"elementor-column elementor-col-25 elementor-top-column elementor-element elementor-element-a8b4722\" data-id=\"a8b4722\" data-element_type=\"column\">\n\t\t\t<div class=\"elementor-widget-wrap elementor-element-populated\">\n\t\t\t\t\t\t<div class=\"elementor-element elementor-element-9ae2131 elementor-widget elementor-widget-heading\" data-id=\"9ae2131\" data-element_type=\"widget\" data-widget_type=\"heading.default\">\n\t\t\t\t<div class=\"elementor-widget-container\">\n\t\t\t<h3 class=\"elementor-heading-title elementor-size-default\">Vimperk<\/h3>\t\t<\/div>\n\t\t\t\t<\/div>\n\t\t\t\t<div class=\"elementor-element elementor-element-17c6546 elementor-widget elementor-widget-text-editor\" data-id=\"17c6546\" data-element_type=\"widget\" data-widget_type=\"text-editor.default\">\n\t\t\t\t<div class=\"elementor-widget-container\">\n\t\t\t\t\t\t\t<p><strong>Address:<\/strong><\/p><p>Spr\u00e1va N\u00e1rodn\u00edho parku \u0160umava, 1.m\u00e1je 260<br \/>385 01 Vimperk<\/p>\t\t\t\t\t\t<\/div>\n\t\t\t\t<\/div>\n\t\t\t\t<div class=\"elementor-element elementor-element-2c1eefe elementor-widget elementor-widget-text-editor\" data-id=\"2c1eefe\" data-element_type=\"widget\" data-widget_type=\"text-editor.default\">\n\t\t\t\t<div class=\"elementor-widget-container\">\n\t\t\t\t\t\t\t<p><strong>Contacts:<\/strong><\/p><p>+420 388 450 210, +420 731 530 447<\/p><p><strong>martina.kucerova<\/strong>@npsumava.cz<\/p>\t\t\t\t\t\t<\/div>\n\t\t\t\t<\/div>\n\t\t\t\t\t<\/div>\n\t\t<\/div>\n\t\t\t\t<div class=\"elementor-column elementor-col-25 elementor-top-column elementor-element elementor-element-0ddfa8e\" data-id=\"0ddfa8e\" data-element_type=\"column\">\n\t\t\t<div class=\"elementor-widget-wrap elementor-element-populated\">\n\t\t\t\t\t\t<div class=\"elementor-element elementor-element-fa3dd21 elementor-widget elementor-widget-heading\" data-id=\"fa3dd21\" data-element_type=\"widget\" data-widget_type=\"heading.default\">\n\t\t\t\t<div class=\"elementor-widget-container\">\n\t\t\t<h3 class=\"elementor-heading-title elementor-size-default\">Ka\u0161persk\u00e9 Hory<\/h3>\t\t<\/div>\n\t\t\t\t<\/div>\n\t\t\t\t<div class=\"elementor-element elementor-element-28bbee0 elementor-widget elementor-widget-text-editor\" data-id=\"28bbee0\" data-element_type=\"widget\" data-widget_type=\"text-editor.default\">\n\t\t\t\t<div class=\"elementor-widget-container\">\n\t\t\t\t\t\t\t<p><strong>Address:<\/strong><\/p><p>IS a SEV Ka\u0161persk\u00e9 Hory, Su\u0161ick\u00e1 399<br \/>341 92 Ka\u0161persk\u00e9 Hory<\/p>\t\t\t\t\t\t<\/div>\n\t\t\t\t<\/div>\n\t\t\t\t<div class=\"elementor-element elementor-element-bcc239a elementor-widget elementor-widget-text-editor\" data-id=\"bcc239a\" data-element_type=\"widget\" data-widget_type=\"text-editor.default\">\n\t\t\t\t<div class=\"elementor-widget-container\">\n\t\t\t\t\t\t\t<p><strong>Contacts:<\/strong><\/p><p>+420 376 582 734, +420 731 530 564<\/p><p><strong>miroslava.michnova<\/strong>@npsumava.cz<\/p>\t\t\t\t\t\t<\/div>\n\t\t\t\t<\/div>\n\t\t\t\t\t<\/div>\n\t\t<\/div>\n\t\t\t\t<div class=\"elementor-column elementor-col-25 elementor-top-column elementor-element elementor-element-65a59a4\" data-id=\"65a59a4\" data-element_type=\"column\">\n\t\t\t<div class=\"elementor-widget-wrap elementor-element-populated\">\n\t\t\t\t\t\t<div class=\"elementor-element elementor-element-ed5b55d elementor-widget elementor-widget-heading\" data-id=\"ed5b55d\" data-element_type=\"widget\" data-widget_type=\"heading.default\">\n\t\t\t\t<div class=\"elementor-widget-container\">\n\t\t\t<h3 class=\"elementor-heading-title elementor-size-default\">Sto\u017eec<\/h3>\t\t<\/div>\n\t\t\t\t<\/div>\n\t\t\t\t<div class=\"elementor-element elementor-element-a9726ff elementor-widget elementor-widget-text-editor\" data-id=\"a9726ff\" data-element_type=\"widget\" data-widget_type=\"text-editor.default\">\n\t\t\t\t<div class=\"elementor-widget-container\">\n\t\t\t\t\t\t\t<p><strong>Address:<\/strong><\/p><p>SEV Sto\u017eec, Sto\u017eec 1<br \/>384 44 Sto\u017eec<\/p>\t\t\t\t\t\t<\/div>\n\t\t\t\t<\/div>\n\t\t\t\t<div class=\"elementor-element elementor-element-0a793a2 elementor-widget elementor-widget-text-editor\" data-id=\"0a793a2\" data-element_type=\"widget\" data-widget_type=\"text-editor.default\">\n\t\t\t\t<div class=\"elementor-widget-container\">\n\t\t\t\t\t\t\t<p><strong>Contacts:<\/strong><\/p><p>+420 388 335 148, +420 731 530 564<\/p><p><strong>stanislav.ctvrtnik<\/strong>@npsumava.cz<\/p>\t\t\t\t\t\t<\/div>\n\t\t\t\t<\/div>\n\t\t\t\t\t<\/div>\n\t\t<\/div>\n\t\t\t\t<div class=\"elementor-column elementor-col-25 elementor-top-column elementor-element elementor-element-dcfe9dc\" data-id=\"dcfe9dc\" data-element_type=\"column\">\n\t\t\t<div class=\"elementor-widget-wrap elementor-element-populated\">\n\t\t\t\t\t\t<div class=\"elementor-element elementor-element-e397904 elementor-widget elementor-widget-heading\" data-id=\"e397904\" data-element_type=\"widget\" data-widget_type=\"heading.default\">\n\t\t\t\t<div class=\"elementor-widget-container\">\n\t\t\t<h3 class=\"elementor-heading-title elementor-size-default\">Horsk\u00e1 Kvilda<\/h3>\t\t<\/div>\n\t\t\t\t<\/div>\n\t\t\t\t<div class=\"elementor-element elementor-element-3bca139 elementor-widget elementor-widget-text-editor\" data-id=\"3bca139\" data-element_type=\"widget\" data-widget_type=\"text-editor.default\">\n\t\t\t\t<div class=\"elementor-widget-container\">\n\t\t\t\t\t\t\t<p><strong>Address:<\/strong><\/p><p>SEV Horsk\u00e1 Kvilda, Horsk\u00e1 Kvilda 2<br \/>385 01 Vimperk<\/p>\t\t\t\t\t\t<\/div>\n\t\t\t\t<\/div>\n\t\t\t\t<div class=\"elementor-element elementor-element-6447201 elementor-widget elementor-widget-text-editor\" data-id=\"6447201\" data-element_type=\"widget\" data-widget_type=\"text-editor.default\">\n\t\t\t\t<div class=\"elementor-widget-container\">\n\t\t\t\t\t\t\t<p><strong>Contacts:<\/strong><\/p><p>+420 388 328 188, +420 731 530 407<\/p><p><strong>tomas.kopec@<\/strong>npsumava.cz<\/p>\t\t\t\t\t\t<\/div>\n\t\t\t\t<\/div>\n\t\t\t\t\t<\/div>\n\t\t<\/div>\n\t\t\t\t\t<\/div>\n\t\t<\/section>\n\t\t\t\t<section class=\"elementor-section elementor-top-section elementor-element elementor-element-0837516 elementor-section-boxed elementor-section-height-default elementor-section-height-default\" data-id=\"0837516\" data-element_type=\"section\">\n\t\t\t\t\t\t<div class=\"elementor-container elementor-column-gap-default\">\n\t\t\t\t\t<div class=\"elementor-column elementor-col-100 elementor-top-column elementor-element elementor-element-8283147\" data-id=\"8283147\" data-element_type=\"column\">\n\t\t\t<div class=\"elementor-widget-wrap elementor-element-populated\">\n\t\t\t\t\t\t<div class=\"elementor-element elementor-element-c116378 elementor-widget elementor-widget-spacer\" data-id=\"c116378\" data-element_type=\"widget\" data-widget_type=\"spacer.default\">\n\t\t\t\t<div class=\"elementor-widget-container\">\n\t\t\t\t\t<div class=\"elementor-spacer\">\n\t\t\t<div class=\"elementor-spacer-inner\"><\/div>\n\t\t<\/div>\n\t\t\t\t<\/div>\n\t\t\t\t<\/div>\n\t\t\t\t\t<\/div>\n\t\t<\/div>\n\t\t\t\t\t<\/div>\n\t\t<\/section>\n\t\t\t\t<\/div>\n\t\t","protected":false},"excerpt":{"rendered":"<p>P\u0159edchoz\u00ed Dal\u0161\u00ed Ecological education is implemented in four centers. \u00a0 Vimperk and Ka\u0161persk\u00e9 Hory are designed for hourly to full-day programs. Sto\u017eec and Horsk\u00e1 Kvilda are designed for up to weekly educational programs. Vimperk Address: Spr\u00e1va N\u00e1rodn\u00edho parku \u0160umava, 1.m\u00e1je 260385 01 Vimperk Contacts: +420 388 450 210, +420 731 530 447 martina.kucerova@npsumava.cz Ka\u0161persk\u00e9 Hory&#8230;<\/p>\n","protected":false},"author":2,"featured_media":24838,"parent":14907,"menu_order":313,"comment_status":"closed","ping_status":"closed","template":"","meta":[],"acf":[],"_links":{"self":[{"href":"https:\/\/www.npsumava.cz\/en\/wp-json\/wp\/v2\/pages\/16837"}],"collection":[{"href":"https:\/\/www.npsumava.cz\/en\/wp-json\/wp\/v2\/pages"}],"about":[{"href":"https:\/\/www.npsumava.cz\/en\/wp-json\/wp\/v2\/types\/page"}],"author":[{"embeddable":true,"href":"https:\/\/www.npsumava.cz\/en\/wp-json\/wp\/v2\/users\/2"}],"replies":[{"embeddable":true,"href":"https:\/\/www.npsumava.cz\/en\/wp-json\/wp\/v2\/comments?post=16837"}],"version-history":[{"count":0,"href":"https:\/\/www.npsumava.cz\/en\/wp-json\/wp\/v2\/pages\/16837\/revisions"}],"up":[{"embeddable":true,"href":"https:\/\/www.npsumava.cz\/en\/wp-json\/wp\/v2\/pages\/14907"}],"wp:featuredmedia":[{"embeddable":true,"href":"https:\/\/www.npsumava.cz\/en\/wp-json\/wp\/v2\/media\/24838"}],"wp:attachment":[{"href":"https:\/\/www.npsumava.cz\/en\/wp-json\/wp\/v2\/media?parent=16837"}],"curies":[{"name":"wp","href":"https:\/\/api.w.org\/{rel}","templated":true}]}}