{"id":16825,"date":"2020-06-24T13:59:06","date_gmt":"2020-06-24T11:59:06","guid":{"rendered":"https:\/\/www.npsumava.cz\/?page_id=16825"},"modified":"2020-08-19T15:23:32","modified_gmt":"2020-08-19T13:23:32","slug":"humans-in-sumava","status":"publish","type":"page","link":"https:\/\/www.npsumava.cz\/en\/nature\/humans-in-sumava\/","title":{"rendered":"Humans in \u0160umava"},"content":{"rendered":"\t\t<div data-elementor-type=\"wp-post\" data-elementor-id=\"16825\" class=\"elementor elementor-16825 elementor-2283\" data-elementor-post-type=\"page\">\n\t\t\t\t\t\t<section class=\"elementor-section elementor-top-section elementor-element elementor-element-61ebf5c7 elementor-section-boxed elementor-section-height-default elementor-section-height-default\" data-id=\"61ebf5c7\" data-element_type=\"section\">\n\t\t\t\t\t\t<div class=\"elementor-container elementor-column-gap-default\">\n\t\t\t\t\t<div class=\"elementor-column elementor-col-50 elementor-top-column elementor-element elementor-element-42e571e3\" data-id=\"42e571e3\" data-element_type=\"column\">\n\t\t\t<div class=\"elementor-widget-wrap elementor-element-populated\">\n\t\t\t\t\t\t<div class=\"elementor-element elementor-element-3ffa0612 elementor-arrows-position-inside elementor-pagination-position-outside elementor-widget elementor-widget-image-carousel\" data-id=\"3ffa0612\" data-element_type=\"widget\" data-settings=\"{&quot;slides_to_show&quot;:&quot;1&quot;,&quot;navigation&quot;:&quot;both&quot;,&quot;autoplay&quot;:&quot;yes&quot;,&quot;pause_on_hover&quot;:&quot;yes&quot;,&quot;pause_on_interaction&quot;:&quot;yes&quot;,&quot;autoplay_speed&quot;:5000,&quot;infinite&quot;:&quot;yes&quot;,&quot;effect&quot;:&quot;slide&quot;,&quot;speed&quot;:500}\" data-widget_type=\"image-carousel.default\">\n\t\t\t\t<div class=\"elementor-widget-container\">\n\t\t\t\t\t<div class=\"elementor-image-carousel-wrapper swiper-container\" dir=\"ltr\">\n\t\t\t<div class=\"elementor-image-carousel swiper-wrapper\" aria-live=\"off\">\n\t\t\t\t\t\t\t\t<div class=\"swiper-slide\" role=\"group\" aria-roledescription=\"slide\" aria-label=\"1 of 7\"><a data-elementor-open-lightbox=\"yes\" data-elementor-lightbox-slideshow=\"3ffa0612\" data-elementor-lightbox-title=\"Zhuri-Kasperske-Hory\" data-e-action-hash=\"#elementor-action%3Aaction%3Dlightbox%26settings%3DeyJpZCI6NzI0MiwidXJsIjoiaHR0cHM6XC9cL3d3dy5ucHN1bWF2YS5jelwvd3AtY29udGVudFwvdXBsb2Fkc1wvMjAxOVwvMDhcL3podXJpLWthc3BlcnNrZS1ob3J5LmpwZyIsInNsaWRlc2hvdyI6IjNmZmEwNjEyIn0%3D\" href=\"https:\/\/www.npsumava.cz\/wp-content\/uploads\/2019\/08\/zhuri-kasperske-hory.jpg\"><figure class=\"swiper-slide-inner\"><img class=\"swiper-slide-image\" src=\"https:\/\/www.npsumava.cz\/wp-content\/uploads\/elementor\/thumbs\/zhuri-kasperske-hory-odk11vce9r2sa8uzegj86lkr2kg8c04m81jkcew6du.jpg\" alt=\"Zhuri-Kasperske-Hory\" \/><\/figure><\/a><\/div><div class=\"swiper-slide\" role=\"group\" aria-roledescription=\"slide\" aria-label=\"2 of 7\"><a data-elementor-open-lightbox=\"yes\" data-elementor-lightbox-slideshow=\"3ffa0612\" data-elementor-lightbox-title=\"Vilemov\" data-e-action-hash=\"#elementor-action%3Aaction%3Dlightbox%26settings%3DeyJpZCI6NzI0MSwidXJsIjoiaHR0cHM6XC9cL3d3dy5ucHN1bWF2YS5jelwvd3AtY29udGVudFwvdXBsb2Fkc1wvMjAxOVwvMDhcL3ZpbGVtb3YuanBnIiwic2xpZGVzaG93IjoiM2ZmYTA2MTIifQ%3D%3D\" href=\"https:\/\/www.npsumava.cz\/wp-content\/uploads\/2019\/08\/vilemov.jpg\"><figure class=\"swiper-slide-inner\"><img class=\"swiper-slide-image\" src=\"https:\/\/www.npsumava.cz\/wp-content\/uploads\/elementor\/thumbs\/vilemov-odk11wa8gl42lutm8yxur3c7nybljp8ck671tous7m.jpg\" alt=\"Vilemov\" \/><\/figure><\/a><\/div><div class=\"swiper-slide\" role=\"group\" aria-roledescription=\"slide\" aria-label=\"3 of 7\"><a data-elementor-open-lightbox=\"yes\" data-elementor-lightbox-slideshow=\"3ffa0612\" data-elementor-lightbox-title=\"Vchynicko_Tetovsky-kanal\" data-e-action-hash=\"#elementor-action%3Aaction%3Dlightbox%26settings%3DeyJpZCI6NzI0MCwidXJsIjoiaHR0cHM6XC9cL3d3dy5ucHN1bWF2YS5jelwvd3AtY29udGVudFwvdXBsb2Fkc1wvMjAxOVwvMDhcL3ZjaHluaWNrb190ZXRvdnNreS1rYW5hbC5qcGciLCJzbGlkZXNob3ciOiIzZmZhMDYxMiJ9\" href=\"https:\/\/www.npsumava.cz\/wp-content\/uploads\/2019\/08\/vchynicko_tetovsky-kanal.jpg\"><figure class=\"swiper-slide-inner\"><img class=\"swiper-slide-image\" src=\"https:\/\/www.npsumava.cz\/wp-content\/uploads\/elementor\/thumbs\/vchynicko_tetovsky-kanal-odk11wa8gl42lutm8yxur3c7nybljp8ck671tous7m.jpg\" alt=\"Vchynicko_Tetovsky-kanal\" \/><\/figure><\/a><\/div><div class=\"swiper-slide\" role=\"group\" aria-roledescription=\"slide\" aria-label=\"4 of 7\"><a data-elementor-open-lightbox=\"yes\" data-elementor-lightbox-slideshow=\"3ffa0612\" data-elementor-lightbox-title=\"Vchynicko_Tet-kanal-Rokyta\" data-e-action-hash=\"#elementor-action%3Aaction%3Dlightbox%26settings%3DeyJpZCI6NzIzOSwidXJsIjoiaHR0cHM6XC9cL3d3dy5ucHN1bWF2YS5jelwvd3AtY29udGVudFwvdXBsb2Fkc1wvMjAxOVwvMDhcL3ZjaHluaWNrb190ZXQta2FuYWwtcm9reXRhLmpwZyIsInNsaWRlc2hvdyI6IjNmZmEwNjEyIn0%3D\" href=\"https:\/\/www.npsumava.cz\/wp-content\/uploads\/2019\/08\/vchynicko_tet-kanal-rokyta.jpg\"><figure class=\"swiper-slide-inner\"><img class=\"swiper-slide-image\" src=\"https:\/\/www.npsumava.cz\/wp-content\/uploads\/elementor\/thumbs\/vchynicko_tet-kanal-rokyta-odk11wa8gl42lutm8yxur3c7nybljp8ck671tous7m.jpg\" alt=\"Vchynicko_Tet-kanal-Rokyta\" \/><\/figure><\/a><\/div><div class=\"swiper-slide\" role=\"group\" aria-roledescription=\"slide\" aria-label=\"5 of 7\"><a data-elementor-open-lightbox=\"yes\" data-elementor-lightbox-slideshow=\"3ffa0612\" data-elementor-lightbox-title=\"Schwarzenbersky-kanal\" data-e-action-hash=\"#elementor-action%3Aaction%3Dlightbox%26settings%3DeyJpZCI6NzIzOCwidXJsIjoiaHR0cHM6XC9cL3d3dy5ucHN1bWF2YS5jelwvd3AtY29udGVudFwvdXBsb2Fkc1wvMjAxOVwvMDhcL3NjaHdhcnplbmJlcnNreS1rYW5hbC5qcGciLCJzbGlkZXNob3ciOiIzZmZhMDYxMiJ9\" href=\"https:\/\/www.npsumava.cz\/wp-content\/uploads\/2019\/08\/schwarzenbersky-kanal.jpg\"><figure class=\"swiper-slide-inner\"><img class=\"swiper-slide-image\" src=\"https:\/\/www.npsumava.cz\/wp-content\/uploads\/elementor\/thumbs\/schwarzenbersky-kanal-odk11wa8gl42lutm8yxur3c7nybljp8ck671tous7m.jpg\" alt=\"Schwarzenbersky-kanal\" \/><\/figure><\/a><\/div><div class=\"swiper-slide\" role=\"group\" aria-roledescription=\"slide\" aria-label=\"6 of 7\"><a data-elementor-open-lightbox=\"yes\" data-elementor-lightbox-slideshow=\"3ffa0612\" data-elementor-lightbox-title=\"plaveni-dreva\" data-e-action-hash=\"#elementor-action%3Aaction%3Dlightbox%26settings%3DeyJpZCI6NzIzNywidXJsIjoiaHR0cHM6XC9cL3d3dy5ucHN1bWF2YS5jelwvd3AtY29udGVudFwvdXBsb2Fkc1wvMjAxOVwvMDhcL3BsYXZlbmktZHJldmEuanBnIiwic2xpZGVzaG93IjoiM2ZmYTA2MTIifQ%3D%3D\" href=\"https:\/\/www.npsumava.cz\/wp-content\/uploads\/2019\/08\/plaveni-dreva.jpg\"><figure class=\"swiper-slide-inner\"><img class=\"swiper-slide-image\" src=\"https:\/\/www.npsumava.cz\/wp-content\/uploads\/elementor\/thumbs\/plaveni-dreva-odk11vce9r2sa8uzegj86lkr2kg8c04m81jkcew6du.jpg\" alt=\"plaveni-dreva\" \/><\/figure><\/a><\/div><div class=\"swiper-slide\" role=\"group\" aria-roledescription=\"slide\" aria-label=\"7 of 7\"><a data-elementor-open-lightbox=\"yes\" data-elementor-lightbox-slideshow=\"3ffa0612\" data-elementor-lightbox-title=\"Pekna\" data-e-action-hash=\"#elementor-action%3Aaction%3Dlightbox%26settings%3DeyJpZCI6NzIzNiwidXJsIjoiaHR0cHM6XC9cL3d3dy5ucHN1bWF2YS5jelwvd3AtY29udGVudFwvdXBsb2Fkc1wvMjAxOVwvMDhcL3Bla25hLmpwZyIsInNsaWRlc2hvdyI6IjNmZmEwNjEyIn0%3D\" href=\"https:\/\/www.npsumava.cz\/wp-content\/uploads\/2019\/08\/pekna.jpg\"><figure class=\"swiper-slide-inner\"><img class=\"swiper-slide-image\" src=\"https:\/\/www.npsumava.cz\/wp-content\/uploads\/elementor\/thumbs\/pekna-odk11wa8gl42lutm8yxur3c7nybljp8ck671tous7m.jpg\" alt=\"Pekna\" \/><\/figure><\/a><\/div>\t\t\t<\/div>\n\t\t\t\t\t\t\t\t\t\t\t\t<div class=\"elementor-swiper-button elementor-swiper-button-prev\" role=\"button\" tabindex=\"0\">\n\t\t\t\t\t\t<i aria-hidden=\"true\" class=\"eicon-chevron-left\"><\/i>\t\t\t\t\t<\/div>\n\t\t\t\t\t<div class=\"elementor-swiper-button elementor-swiper-button-next\" role=\"button\" tabindex=\"0\">\n\t\t\t\t\t\t<i aria-hidden=\"true\" class=\"eicon-chevron-right\"><\/i>\t\t\t\t\t<\/div>\n\t\t\t\t\n\t\t\t\t\t\t\t\t\t<div class=\"swiper-pagination\"><\/div>\n\t\t\t\t\t\t\t\t\t<\/div>\n\t\t\t\t<\/div>\n\t\t\t\t<\/div>\n\t\t\t\t\t<\/div>\n\t\t<\/div>\n\t\t\t\t<div class=\"elementor-column elementor-col-50 elementor-top-column elementor-element elementor-element-72de334e\" data-id=\"72de334e\" data-element_type=\"column\">\n\t\t\t<div class=\"elementor-widget-wrap elementor-element-populated\">\n\t\t\t\t\t\t<div class=\"elementor-element elementor-element-5292482 elementor-widget elementor-widget-text-editor\" data-id=\"5292482\" data-element_type=\"widget\" data-widget_type=\"text-editor.default\">\n\t\t\t\t<div class=\"elementor-widget-container\">\n\t\t\t\t\t\t\t<p>The <strong>\u0160umava<\/strong> <strong>National Park <\/strong>is an area that, virtually until modern times, stood outside the urban landscape, consisting of impenetrable alpine forests and intersected only by trade routes with deforested enclaves of border guard points and isolated mining centres.<\/p><p>The overall landscape pattern was formed solely by natural processes.<\/p><p>As soon as humans began to gradually populate the landscape, its face slowly changed through the interaction of natural processes and human activities.<\/p><p>The development of settlements and land use gradually reshaped the \u0160umava landscape.<\/p><p>Land use therefore has a profound effect on its character.<\/p>\t\t\t\t\t\t<\/div>\n\t\t\t\t<\/div>\n\t\t\t\t\t<\/div>\n\t\t<\/div>\n\t\t\t\t\t<\/div>\n\t\t<\/section>\n\t\t\t\t<section class=\"elementor-section elementor-top-section elementor-element elementor-element-8f6890c elementor-section-boxed elementor-section-height-default elementor-section-height-default\" data-id=\"8f6890c\" data-element_type=\"section\">\n\t\t\t\t\t\t<div class=\"elementor-container elementor-column-gap-default\">\n\t\t\t\t\t<div class=\"elementor-column elementor-col-100 elementor-top-column elementor-element elementor-element-c58c727\" data-id=\"c58c727\" data-element_type=\"column\">\n\t\t\t<div class=\"elementor-widget-wrap elementor-element-populated\">\n\t\t\t\t\t\t<div class=\"elementor-element elementor-element-e169243 elementor-tabs-view-horizontal elementor-widget elementor-widget-tabs\" data-id=\"e169243\" data-element_type=\"widget\" data-widget_type=\"tabs.default\">\n\t\t\t\t<div class=\"elementor-widget-container\">\n\t\t\t\t\t<div class=\"elementor-tabs\">\n\t\t\t<div class=\"elementor-tabs-wrapper\" role=\"tablist\" >\n\t\t\t\t\t\t\t\t\t<div id=\"elementor-tab-title-2361\" class=\"elementor-tab-title elementor-tab-desktop-title\" aria-selected=\"true\" data-tab=\"1\" role=\"tab\" tabindex=\"0\" aria-controls=\"elementor-tab-content-2361\" aria-expanded=\"false\">Game-keeping and Fishery<\/div>\n\t\t\t\t\t\t\t<\/div>\n\t\t\t<div class=\"elementor-tabs-content-wrapper\" role=\"tablist\" aria-orientation=\"vertical\">\n\t\t\t\t\t\t\t\t\t<div class=\"elementor-tab-title elementor-tab-mobile-title\" aria-selected=\"true\" data-tab=\"1\" role=\"tab\" tabindex=\"0\" aria-controls=\"elementor-tab-content-2361\" aria-expanded=\"false\">Game-keeping and Fishery<\/div>\n\t\t\t\t\t<div id=\"elementor-tab-content-2361\" class=\"elementor-tab-content elementor-clearfix\" data-tab=\"1\" role=\"tabpanel\" aria-labelledby=\"elementor-tab-title-2361\" tabindex=\"0\" hidden=\"false\"><div class=\"content\"><h4><strong>Wildlife maintenance, or game-keeping?<\/strong><\/h4><p>The term wildlife maintenance is more suitable when describing the complex of measures applied in national parks, governed by the Game Management Act in the Czech Republic. This law, however, is rather a tool of game keeping, one which is not fitting for national parks. Therefore, the terms wildlife maintenance or wildlife management are used in national parks in connection with wild animals which are game at the same time.<\/p><h4><strong>Hunting is important, and so is protection of nests<\/strong><\/h4><p>Hunting is also a method to limit or eliminate the influence of allochthonous (undesirable non-native) species mentioned above. Hunting in the \u0160umava National Park is not a commercial activity, but primarily a work task of designated employees of the NP \u0160umava Administration. Specific measures also include protection of nests of certain species against disturbance during the sensitive nesting season.<\/p><hr \/><h4><strong>Fishing<\/strong><\/h4><p>The goal of fishery management in the NP is attaining the natural species and age composition of fish associations. A sufficient amount of quality water in all parts of the \u0160umava rivers is a key condition for life and natural reproduction of fish, but this is not always possible to ensure. Monitoring of fish, their species and age composition in the individual water bodies and their parts serves as a basis for choosing further steps towards leaving all water courses in the \u0160umava NP without human intervention.<\/p><\/div><\/div>\n\t\t\t\t\t\t\t<\/div>\n\t\t<\/div>\n\t\t\t\t<\/div>\n\t\t\t\t<\/div>\n\t\t\t\t\t<\/div>\n\t\t<\/div>\n\t\t\t\t\t<\/div>\n\t\t<\/section>\n\t\t\t\t<section class=\"elementor-section elementor-top-section elementor-element elementor-element-36b08a2 elementor-section-boxed elementor-section-height-default elementor-section-height-default\" data-id=\"36b08a2\" data-element_type=\"section\">\n\t\t\t\t\t\t<div class=\"elementor-container elementor-column-gap-default\">\n\t\t\t\t\t<div class=\"elementor-column elementor-col-100 elementor-top-column elementor-element elementor-element-9e29ca3\" data-id=\"9e29ca3\" data-element_type=\"column\">\n\t\t\t<div class=\"elementor-widget-wrap elementor-element-populated\">\n\t\t\t\t\t\t<div class=\"elementor-element elementor-element-1f15577 elementor-widget elementor-widget-spacer\" data-id=\"1f15577\" data-element_type=\"widget\" data-widget_type=\"spacer.default\">\n\t\t\t\t<div class=\"elementor-widget-container\">\n\t\t\t\t\t<div class=\"elementor-spacer\">\n\t\t\t<div class=\"elementor-spacer-inner\"><\/div>\n\t\t<\/div>\n\t\t\t\t<\/div>\n\t\t\t\t<\/div>\n\t\t\t\t\t<\/div>\n\t\t<\/div>\n\t\t\t\t\t<\/div>\n\t\t<\/section>\n\t\t\t\t<\/div>\n\t\t","protected":false},"excerpt":{"rendered":"<p>P\u0159edchoz\u00ed Dal\u0161\u00ed The \u0160umava National Park is an area that, virtually until modern times, stood outside the urban landscape, consisting of impenetrable alpine forests and intersected only by trade routes with deforested enclaves of border guard points and isolated mining centres. The overall landscape pattern was formed solely by natural processes. As soon as humans&#8230;<\/p>\n","protected":false},"author":2,"featured_media":24838,"parent":16774,"menu_order":217,"comment_status":"closed","ping_status":"closed","template":"","meta":[],"acf":[],"_links":{"self":[{"href":"https:\/\/www.npsumava.cz\/en\/wp-json\/wp\/v2\/pages\/16825"}],"collection":[{"href":"https:\/\/www.npsumava.cz\/en\/wp-json\/wp\/v2\/pages"}],"about":[{"href":"https:\/\/www.npsumava.cz\/en\/wp-json\/wp\/v2\/types\/page"}],"author":[{"embeddable":true,"href":"https:\/\/www.npsumava.cz\/en\/wp-json\/wp\/v2\/users\/2"}],"replies":[{"embeddable":true,"href":"https:\/\/www.npsumava.cz\/en\/wp-json\/wp\/v2\/comments?post=16825"}],"version-history":[{"count":0,"href":"https:\/\/www.npsumava.cz\/en\/wp-json\/wp\/v2\/pages\/16825\/revisions"}],"up":[{"embeddable":true,"href":"https:\/\/www.npsumava.cz\/en\/wp-json\/wp\/v2\/pages\/16774"}],"wp:featuredmedia":[{"embeddable":true,"href":"https:\/\/www.npsumava.cz\/en\/wp-json\/wp\/v2\/media\/24838"}],"wp:attachment":[{"href":"https:\/\/www.npsumava.cz\/en\/wp-json\/wp\/v2\/media?parent=16825"}],"curies":[{"name":"wp","href":"https:\/\/api.w.org\/{rel}","templated":true}]}}