{"id":16813,"date":"2020-06-24T13:53:22","date_gmt":"2020-06-24T11:53:22","guid":{"rendered":"https:\/\/www.npsumava.cz\/?page_id=16813"},"modified":"2020-08-19T15:20:45","modified_gmt":"2020-08-19T13:20:45","slug":"biotopes","status":"publish","type":"page","link":"https:\/\/www.npsumava.cz\/en\/nature\/biotopes\/","title":{"rendered":"Biotopes"},"content":{"rendered":"\t\t<div data-elementor-type=\"wp-post\" data-elementor-id=\"16813\" class=\"elementor elementor-16813 elementor-2244\" data-elementor-post-type=\"page\">\n\t\t\t\t\t\t<section class=\"elementor-section elementor-top-section elementor-element elementor-element-27d181b4 elementor-section-boxed elementor-section-height-default elementor-section-height-default\" data-id=\"27d181b4\" data-element_type=\"section\">\n\t\t\t\t\t\t<div class=\"elementor-container elementor-column-gap-default\">\n\t\t\t\t\t<div class=\"elementor-column elementor-col-50 elementor-top-column elementor-element elementor-element-278bd627\" data-id=\"278bd627\" data-element_type=\"column\">\n\t\t\t<div class=\"elementor-widget-wrap elementor-element-populated\">\n\t\t\t\t\t\t<div class=\"elementor-element elementor-element-7f725baa elementor-arrows-position-inside elementor-pagination-position-outside elementor-widget elementor-widget-image-carousel\" data-id=\"7f725baa\" data-element_type=\"widget\" data-settings=\"{&quot;slides_to_show&quot;:&quot;1&quot;,&quot;navigation&quot;:&quot;both&quot;,&quot;autoplay&quot;:&quot;yes&quot;,&quot;pause_on_hover&quot;:&quot;yes&quot;,&quot;pause_on_interaction&quot;:&quot;yes&quot;,&quot;autoplay_speed&quot;:5000,&quot;infinite&quot;:&quot;yes&quot;,&quot;effect&quot;:&quot;slide&quot;,&quot;speed&quot;:500}\" data-widget_type=\"image-carousel.default\">\n\t\t\t\t<div class=\"elementor-widget-container\">\n\t\t\t\t\t<div class=\"elementor-image-carousel-wrapper swiper-container\" dir=\"ltr\">\n\t\t\t<div class=\"elementor-image-carousel swiper-wrapper\" aria-live=\"off\">\n\t\t\t\t\t\t\t\t<div class=\"swiper-slide\" role=\"group\" aria-roledescription=\"slide\" aria-label=\"1 of 9\"><a data-elementor-open-lightbox=\"yes\" data-elementor-lightbox-slideshow=\"7f725baa\" data-elementor-lightbox-title=\"\u0159eka-K\u0159emeln\u00e1\" data-e-action-hash=\"#elementor-action%3Aaction%3Dlightbox%26settings%3DeyJpZCI6NzIyMywidXJsIjoiaHR0cHM6XC9cL3d3dy5ucHN1bWF2YS5jelwvd3AtY29udGVudFwvdXBsb2Fkc1wvMjAxOVwvMDhcL3Jla2Eta3JlbWVsbmEuanBnIiwic2xpZGVzaG93IjoiN2Y3MjViYWEifQ%3D%3D\" href=\"https:\/\/www.npsumava.cz\/wp-content\/uploads\/2019\/08\/reka-kremelna.jpg\"><figure class=\"swiper-slide-inner\"><img class=\"swiper-slide-image\" src=\"https:\/\/www.npsumava.cz\/wp-content\/uploads\/elementor\/thumbs\/reka-kremelna-odk11wa8gl42lutm8yxur3c7nybljp8ck671tous7m.jpg\" alt=\"\u0159eka-K\u0159emeln\u00e1\" \/><\/figure><\/a><\/div><div class=\"swiper-slide\" role=\"group\" aria-roledescription=\"slide\" aria-label=\"2 of 9\"><a data-elementor-open-lightbox=\"yes\" data-elementor-lightbox-slideshow=\"7f725baa\" data-elementor-lightbox-title=\"vodni-svet\" data-e-action-hash=\"#elementor-action%3Aaction%3Dlightbox%26settings%3DeyJpZCI6NzE4NiwidXJsIjoiaHR0cHM6XC9cL3d3dy5ucHN1bWF2YS5jelwvd3AtY29udGVudFwvdXBsb2Fkc1wvMjAxOVwvMDhcL3ZvZG5pLXN2ZXQuanBnIiwic2xpZGVzaG93IjoiN2Y3MjViYWEifQ%3D%3D\" href=\"https:\/\/www.npsumava.cz\/wp-content\/uploads\/2019\/08\/vodni-svet.jpg\"><figure class=\"swiper-slide-inner\"><img class=\"swiper-slide-image\" src=\"https:\/\/www.npsumava.cz\/wp-content\/uploads\/elementor\/thumbs\/vodni-svet-odk11wa8gl42lutm8yxur3c7nybljp8ck671tous7m.jpg\" alt=\"vodni-svet\" \/><\/figure><\/a><\/div><div class=\"swiper-slide\" role=\"group\" aria-roledescription=\"slide\" aria-label=\"3 of 9\"><a data-elementor-open-lightbox=\"yes\" data-elementor-lightbox-slideshow=\"7f725baa\" data-elementor-lightbox-title=\"raseliniste\" data-e-action-hash=\"#elementor-action%3Aaction%3Dlightbox%26settings%3DeyJpZCI6NzE4NSwidXJsIjoiaHR0cHM6XC9cL3d3dy5ucHN1bWF2YS5jelwvd3AtY29udGVudFwvdXBsb2Fkc1wvMjAxOVwvMDhcL3Jhc2VsaW5pc3RlLmpwZyIsInNsaWRlc2hvdyI6IjdmNzI1YmFhIn0%3D\" href=\"https:\/\/www.npsumava.cz\/wp-content\/uploads\/2019\/08\/raseliniste.jpg\"><figure class=\"swiper-slide-inner\"><img class=\"swiper-slide-image\" src=\"https:\/\/www.npsumava.cz\/wp-content\/uploads\/elementor\/thumbs\/raseliniste-odk11vce9r2sa8uzegj86lkr2kg8c04m81jkcew6du.jpg\" alt=\"raseliniste\" \/><\/figure><\/a><\/div><div class=\"swiper-slide\" role=\"group\" aria-roledescription=\"slide\" aria-label=\"4 of 9\"><a data-elementor-open-lightbox=\"yes\" data-elementor-lightbox-slideshow=\"7f725baa\" data-elementor-lightbox-title=\"motyl\" data-e-action-hash=\"#elementor-action%3Aaction%3Dlightbox%26settings%3DeyJpZCI6NzE4NCwidXJsIjoiaHR0cHM6XC9cL3d3dy5ucHN1bWF2YS5jelwvd3AtY29udGVudFwvdXBsb2Fkc1wvMjAxOVwvMDhcL21vdHlsLmpwZyIsInNsaWRlc2hvdyI6IjdmNzI1YmFhIn0%3D\" href=\"https:\/\/www.npsumava.cz\/wp-content\/uploads\/2019\/08\/motyl.jpg\"><figure class=\"swiper-slide-inner\"><img class=\"swiper-slide-image\" src=\"https:\/\/www.npsumava.cz\/wp-content\/uploads\/elementor\/thumbs\/motyl-odk11wa8gl42lutm8yxur3c7nybljp8ck671tous7m.jpg\" alt=\"motyl\" \/><\/figure><\/a><\/div><div class=\"swiper-slide\" role=\"group\" aria-roledescription=\"slide\" aria-label=\"5 of 9\"><a data-elementor-open-lightbox=\"yes\" data-elementor-lightbox-slideshow=\"7f725baa\" data-elementor-lightbox-title=\"Mal\u00fd-Polec\" data-e-action-hash=\"#elementor-action%3Aaction%3Dlightbox%26settings%3DeyJpZCI6NzE4MywidXJsIjoiaHR0cHM6XC9cL3d3dy5ucHN1bWF2YS5jelwvd3AtY29udGVudFwvdXBsb2Fkc1wvMjAxOVwvMDhcL21hbHktcG9sZWMuanBnIiwic2xpZGVzaG93IjoiN2Y3MjViYWEifQ%3D%3D\" href=\"https:\/\/www.npsumava.cz\/wp-content\/uploads\/2019\/08\/maly-polec.jpg\"><figure class=\"swiper-slide-inner\"><img class=\"swiper-slide-image\" src=\"https:\/\/www.npsumava.cz\/wp-content\/uploads\/elementor\/thumbs\/maly-polec-odk11wa8gl42lutm8yxur3c7nybljp8ck671tous7m.jpg\" alt=\"Mal\u00fd-Polec\" \/><\/figure><\/a><\/div><div class=\"swiper-slide\" role=\"group\" aria-roledescription=\"slide\" aria-label=\"6 of 9\"><a data-elementor-open-lightbox=\"yes\" data-elementor-lightbox-slideshow=\"7f725baa\" data-elementor-lightbox-title=\"louka\" data-e-action-hash=\"#elementor-action%3Aaction%3Dlightbox%26settings%3DeyJpZCI6NzE4MiwidXJsIjoiaHR0cHM6XC9cL3d3dy5ucHN1bWF2YS5jelwvd3AtY29udGVudFwvdXBsb2Fkc1wvMjAxOVwvMDhcL2xvdWthLmpwZyIsInNsaWRlc2hvdyI6IjdmNzI1YmFhIn0%3D\" href=\"https:\/\/www.npsumava.cz\/wp-content\/uploads\/2019\/08\/louka.jpg\"><figure class=\"swiper-slide-inner\"><img class=\"swiper-slide-image\" src=\"https:\/\/www.npsumava.cz\/wp-content\/uploads\/elementor\/thumbs\/louka-odk11wa8gl42lutm8yxur3c7nybljp8ck671tous7m.jpg\" alt=\"louka\" \/><\/figure><\/a><\/div><div class=\"swiper-slide\" role=\"group\" aria-roledescription=\"slide\" aria-label=\"7 of 9\"><a data-elementor-open-lightbox=\"yes\" data-elementor-lightbox-slideshow=\"7f725baa\" data-elementor-lightbox-title=\"listnace\" data-e-action-hash=\"#elementor-action%3Aaction%3Dlightbox%26settings%3DeyJpZCI6NzE4MSwidXJsIjoiaHR0cHM6XC9cL3d3dy5ucHN1bWF2YS5jelwvd3AtY29udGVudFwvdXBsb2Fkc1wvMjAxOVwvMDhcL2xpc3RuYWNlLmpwZyIsInNsaWRlc2hvdyI6IjdmNzI1YmFhIn0%3D\" href=\"https:\/\/www.npsumava.cz\/wp-content\/uploads\/2019\/08\/listnace.jpg\"><figure class=\"swiper-slide-inner\"><img class=\"swiper-slide-image\" src=\"https:\/\/www.npsumava.cz\/wp-content\/uploads\/elementor\/thumbs\/listnace-odk11wa8gl42lutm8yxur3c7nybljp8ck671tous7m.jpg\" alt=\"listnace\" \/><\/figure><\/a><\/div><div class=\"swiper-slide\" role=\"group\" aria-roledescription=\"slide\" aria-label=\"8 of 9\"><a data-elementor-open-lightbox=\"yes\" data-elementor-lightbox-slideshow=\"7f725baa\" data-elementor-lightbox-title=\"laka\" data-e-action-hash=\"#elementor-action%3Aaction%3Dlightbox%26settings%3DeyJpZCI6NzE3OSwidXJsIjoiaHR0cHM6XC9cL3d3dy5ucHN1bWF2YS5jelwvd3AtY29udGVudFwvdXBsb2Fkc1wvMjAxOVwvMDhcL2xha2EtMS5qcGciLCJzbGlkZXNob3ciOiI3ZjcyNWJhYSJ9\" href=\"https:\/\/www.npsumava.cz\/wp-content\/uploads\/2019\/08\/laka-1.jpg\"><figure class=\"swiper-slide-inner\"><img class=\"swiper-slide-image\" src=\"https:\/\/www.npsumava.cz\/wp-content\/uploads\/elementor\/thumbs\/laka-1-odk11wa8gl42lutm8yxur3c7nybljp8ck671tous7m.jpg\" alt=\"laka\" \/><\/figure><\/a><\/div><div class=\"swiper-slide\" role=\"group\" aria-roledescription=\"slide\" aria-label=\"9 of 9\"><a data-elementor-open-lightbox=\"yes\" data-elementor-lightbox-slideshow=\"7f725baa\" data-elementor-lightbox-title=\"interi\u00e9r-lesa\" data-e-action-hash=\"#elementor-action%3Aaction%3Dlightbox%26settings%3DeyJpZCI6NzE3OCwidXJsIjoiaHR0cHM6XC9cL3d3dy5ucHN1bWF2YS5jelwvd3AtY29udGVudFwvdXBsb2Fkc1wvMjAxOVwvMDhcL2ludGVyaWVyLWxlc2EtMS5qcGciLCJzbGlkZXNob3ciOiI3ZjcyNWJhYSJ9\" href=\"https:\/\/www.npsumava.cz\/wp-content\/uploads\/2019\/08\/interier-lesa-1.jpg\"><figure class=\"swiper-slide-inner\"><img class=\"swiper-slide-image\" src=\"https:\/\/www.npsumava.cz\/wp-content\/uploads\/elementor\/thumbs\/interier-lesa-1-odk11wa8gl42lutm8yxur3c7nybljp8ck671tous7m.jpg\" alt=\"interi\u00e9r-lesa\" \/><\/figure><\/a><\/div>\t\t\t<\/div>\n\t\t\t\t\t\t\t\t\t\t\t\t<div class=\"elementor-swiper-button elementor-swiper-button-prev\" role=\"button\" tabindex=\"0\">\n\t\t\t\t\t\t<i aria-hidden=\"true\" class=\"eicon-chevron-left\"><\/i>\t\t\t\t\t<\/div>\n\t\t\t\t\t<div class=\"elementor-swiper-button elementor-swiper-button-next\" role=\"button\" tabindex=\"0\">\n\t\t\t\t\t\t<i aria-hidden=\"true\" class=\"eicon-chevron-right\"><\/i>\t\t\t\t\t<\/div>\n\t\t\t\t\n\t\t\t\t\t\t\t\t\t<div class=\"swiper-pagination\"><\/div>\n\t\t\t\t\t\t\t\t\t<\/div>\n\t\t\t\t<\/div>\n\t\t\t\t<\/div>\n\t\t\t\t\t<\/div>\n\t\t<\/div>\n\t\t\t\t<div class=\"elementor-column elementor-col-50 elementor-top-column elementor-element elementor-element-6abeb207\" data-id=\"6abeb207\" data-element_type=\"column\">\n\t\t\t<div class=\"elementor-widget-wrap elementor-element-populated\">\n\t\t\t\t\t\t<div class=\"elementor-element elementor-element-41093ce elementor-widget elementor-widget-text-editor\" data-id=\"41093ce\" data-element_type=\"widget\" data-widget_type=\"text-editor.default\">\n\t\t\t\t<div class=\"elementor-widget-container\">\n\t\t\t\t\t\t\t<div class=\"perex \"><p>Nature is very diverse in the territory of \u0160umava. Its rugged topography creates a mosaic of various habitats, suitable for numerous species. The characteristics of the most significant types of habitats, typical of the Czech and German sides of \u0160umava, can be found in the following picture.<\/p><\/div><div class=\"content\"><p><strong>Forests <\/strong>comprise the greater part of the territory of \u0160umava, making up as much as 80% of the total area of the NP.<\/p><p>The most significant types of forests are <strong>eutrophic beech forests, acidophilous beech forests, and alpine spruce forests<\/strong> (zonal vegetation units).<\/p><p><strong>Primary treeless areas<\/strong> are found in places with adverse conditions for the formation of forests. These include, for instance, rock fields, cliffs, glacial lake cirques, and peaty wetlands \u2013 alpine and valley raised bogs.<\/p><p><strong>Secondary treeless areas<\/strong> were created by human activity. They include meadows and pastures.<\/p><\/div>\t\t\t\t\t\t<\/div>\n\t\t\t\t<\/div>\n\t\t\t\t\t<\/div>\n\t\t<\/div>\n\t\t\t\t\t<\/div>\n\t\t<\/section>\n\t\t\t\t<section class=\"elementor-section elementor-top-section elementor-element elementor-element-c388c3a elementor-section-boxed elementor-section-height-default elementor-section-height-default\" data-id=\"c388c3a\" data-element_type=\"section\">\n\t\t\t\t\t\t<div class=\"elementor-container elementor-column-gap-default\">\n\t\t\t\t\t<div class=\"elementor-column elementor-col-100 elementor-top-column elementor-element elementor-element-d9ca6c2\" data-id=\"d9ca6c2\" data-element_type=\"column\">\n\t\t\t<div class=\"elementor-widget-wrap elementor-element-populated\">\n\t\t\t\t\t\t<div class=\"elementor-element elementor-element-c4cbda1 elementor-widget elementor-widget-text-editor\" data-id=\"c4cbda1\" data-element_type=\"widget\" data-widget_type=\"text-editor.default\">\n\t\t\t\t<div class=\"elementor-widget-container\">\n\t\t\t\t\t\t\t<p>In addition to the three zonal vegetation units mentioned above, a great number of natural azonal units were created, the rise and development of which is usually edaphically conditioned, i.e. mostly by the perched water table, paludification (peat bog formation), a high percentage of coarse soil fragments, formation of rock relief, etc.<\/p><p>These include, in particular, <strong>peat bogs, riverine woodlands, bog spruce forests, relict pine forests, and treeless block fields, ravine mixed forests<\/strong>, ecosystems of <strong>lake cirques<\/strong>, rare relics of <strong>natural, mostly wetland and frost treeless areas<\/strong>, non-forest <strong>headwater systems<\/strong>, and ecosystems of <strong>standing and running water bodies<\/strong>.<\/p><p>The characteristic vegetational grading has naturally been wholly shattered by partial landscape deforestation, but, primarily, by the transformation of original forest associations to predominantly spruce stands.<\/p>\t\t\t\t\t\t<\/div>\n\t\t\t\t<\/div>\n\t\t\t\t\t<\/div>\n\t\t<\/div>\n\t\t\t\t\t<\/div>\n\t\t<\/section>\n\t\t\t\t<section class=\"elementor-section elementor-top-section elementor-element elementor-element-83e38a1 elementor-section-boxed elementor-section-height-default elementor-section-height-default\" data-id=\"83e38a1\" data-element_type=\"section\">\n\t\t\t\t\t\t<div class=\"elementor-container elementor-column-gap-default\">\n\t\t\t\t\t<div class=\"elementor-column elementor-col-100 elementor-top-column elementor-element elementor-element-6ef02d9\" data-id=\"6ef02d9\" data-element_type=\"column\">\n\t\t\t<div class=\"elementor-widget-wrap elementor-element-populated\">\n\t\t\t\t\t\t<div class=\"elementor-element elementor-element-6b6508d elementor-widget elementor-widget-spacer\" data-id=\"6b6508d\" data-element_type=\"widget\" data-widget_type=\"spacer.default\">\n\t\t\t\t<div class=\"elementor-widget-container\">\n\t\t\t\t\t<div class=\"elementor-spacer\">\n\t\t\t<div class=\"elementor-spacer-inner\"><\/div>\n\t\t<\/div>\n\t\t\t\t<\/div>\n\t\t\t\t<\/div>\n\t\t\t\t\t<\/div>\n\t\t<\/div>\n\t\t\t\t\t<\/div>\n\t\t<\/section>\n\t\t\t\t<\/div>\n\t\t","protected":false},"excerpt":{"rendered":"<p>P\u0159edchoz\u00ed Dal\u0161\u00ed Nature is very diverse in the territory of \u0160umava. Its rugged topography creates a mosaic of various habitats, suitable for numerous species. The characteristics of the most significant types of habitats, typical of the Czech and German sides of \u0160umava, can be found in the following picture. Forests comprise the greater part of&#8230;<\/p>\n","protected":false},"author":2,"featured_media":24838,"parent":16774,"menu_order":222,"comment_status":"closed","ping_status":"closed","template":"","meta":[],"acf":[],"_links":{"self":[{"href":"https:\/\/www.npsumava.cz\/en\/wp-json\/wp\/v2\/pages\/16813"}],"collection":[{"href":"https:\/\/www.npsumava.cz\/en\/wp-json\/wp\/v2\/pages"}],"about":[{"href":"https:\/\/www.npsumava.cz\/en\/wp-json\/wp\/v2\/types\/page"}],"author":[{"embeddable":true,"href":"https:\/\/www.npsumava.cz\/en\/wp-json\/wp\/v2\/users\/2"}],"replies":[{"embeddable":true,"href":"https:\/\/www.npsumava.cz\/en\/wp-json\/wp\/v2\/comments?post=16813"}],"version-history":[{"count":0,"href":"https:\/\/www.npsumava.cz\/en\/wp-json\/wp\/v2\/pages\/16813\/revisions"}],"up":[{"embeddable":true,"href":"https:\/\/www.npsumava.cz\/en\/wp-json\/wp\/v2\/pages\/16774"}],"wp:featuredmedia":[{"embeddable":true,"href":"https:\/\/www.npsumava.cz\/en\/wp-json\/wp\/v2\/media\/24838"}],"wp:attachment":[{"href":"https:\/\/www.npsumava.cz\/en\/wp-json\/wp\/v2\/media?parent=16813"}],"curies":[{"name":"wp","href":"https:\/\/api.w.org\/{rel}","templated":true}]}}