{"id":16801,"date":"2020-06-24T13:47:02","date_gmt":"2020-06-24T11:47:02","guid":{"rendered":"https:\/\/www.npsumava.cz\/?page_id=16801"},"modified":"2020-06-24T13:47:02","modified_gmt":"2020-06-24T11:47:02","slug":"projects","status":"publish","type":"page","link":"https:\/\/www.npsumava.cz\/en\/nature\/science-and-research\/projects\/","title":{"rendered":"Projects"},"content":{"rendered":"\t\t<div data-elementor-type=\"wp-post\" data-elementor-id=\"16801\" class=\"elementor elementor-16801 elementor-2226\" data-elementor-post-type=\"page\">\n\t\t\t\t\t\t<section class=\"elementor-section elementor-top-section elementor-element elementor-element-5c38dd2 elementor-section-boxed elementor-section-height-default elementor-section-height-default\" data-id=\"5c38dd2\" data-element_type=\"section\">\n\t\t\t\t\t\t<div class=\"elementor-container elementor-column-gap-default\">\n\t\t\t\t\t<div class=\"elementor-column elementor-col-100 elementor-top-column elementor-element elementor-element-8868b28\" data-id=\"8868b28\" data-element_type=\"column\">\n\t\t\t<div class=\"elementor-widget-wrap elementor-element-populated\">\n\t\t\t\t\t\t<div class=\"elementor-element elementor-element-bd3b2e3 elementor-align-left elementor-icon-list--layout-traditional elementor-list-item-link-full_width elementor-widget elementor-widget-icon-list\" data-id=\"bd3b2e3\" data-element_type=\"widget\" data-widget_type=\"icon-list.default\">\n\t\t\t\t<div class=\"elementor-widget-container\">\n\t\t\t\t\t<ul class=\"elementor-icon-list-items\">\n\t\t\t\t\t\t\t<li class=\"elementor-icon-list-item\">\n\t\t\t\t\t\t\t\t\t\t\t<a href=\"http:\/\/life.npsumava.cz\/\">\n\n\t\t\t\t\t\t\t\t\t\t\t\t<span class=\"elementor-icon-list-icon\">\n\t\t\t\t\t\t\t<i aria-hidden=\"true\" class=\"fas fa-circle\"><\/i>\t\t\t\t\t\t<\/span>\n\t\t\t\t\t\t\t\t\t\t<span class=\"elementor-icon-list-text\">P\u0159eshrani\u010dn\u00ed revitalizace ra\u0161elini\u0161\u0165 na podporu biodiverzity a vodn\u00edho re\u017eimu na \u0160umav\u011b a v Bavorsk\u00e9m lese (2018-2024)<\/span>\n\t\t\t\t\t\t\t\t\t\t\t<\/a>\n\t\t\t\t\t\t\t\t\t<\/li>\n\t\t\t\t\t\t\t\t<li class=\"elementor-icon-list-item\">\n\t\t\t\t\t\t\t\t\t\t\t<a href=\"http:\/\/www.silvagabreta.eu\/\">\n\n\t\t\t\t\t\t\t\t\t\t\t\t<span class=\"elementor-icon-list-icon\">\n\t\t\t\t\t\t\t<i aria-hidden=\"true\" class=\"fas fa-circle\"><\/i>\t\t\t\t\t\t<\/span>\n\t\t\t\t\t\t\t\t\t\t<span class=\"elementor-icon-list-text\">Silva Gabreta<\/span>\n\t\t\t\t\t\t\t\t\t\t\t<\/a>\n\t\t\t\t\t\t\t\t\t<\/li>\n\t\t\t\t\t\t\t\t<li class=\"elementor-icon-list-item\">\n\t\t\t\t\t\t\t\t\t\t\t<span class=\"elementor-icon-list-icon\">\n\t\t\t\t\t\t\t<i aria-hidden=\"true\" class=\"fas fa-circle\"><\/i>\t\t\t\t\t\t<\/span>\n\t\t\t\t\t\t\t\t\t\t<span class=\"elementor-icon-list-text\">V\u00fdzkum ekologie rysa ostrovida a srnce obecn\u00e9ho v horsk\u00e9m ekosyst\u00e9mu (viz n\u00ed\u017ee)<\/span>\n\t\t\t\t\t\t\t\t\t<\/li>\n\t\t\t\t\t\t\t\t<li class=\"elementor-icon-list-item\">\n\t\t\t\t\t\t\t\t\t\t\t<span class=\"elementor-icon-list-icon\">\n\t\t\t\t\t\t\t<i aria-hidden=\"true\" class=\"fas fa-circle\"><\/i>\t\t\t\t\t\t<\/span>\n\t\t\t\t\t\t\t\t\t\t<span class=\"elementor-icon-list-text\">3Lynx - V\u00fdsledky monitoringu rysa v N\u00e1rodn\u00edch parc\u00edch \u0160umava a Bavorsk\u00fd les v sez\u00f3n\u011b 2015\/16<\/span>\n\t\t\t\t\t\t\t\t\t<\/li>\n\t\t\t\t\t\t<\/ul>\n\t\t\t\t<\/div>\n\t\t\t\t<\/div>\n\t\t\t\t\t<\/div>\n\t\t<\/div>\n\t\t\t\t\t<\/div>\n\t\t<\/section>\n\t\t\t\t<section class=\"elementor-section elementor-top-section elementor-element elementor-element-cc4de38 elementor-section-boxed elementor-section-height-default elementor-section-height-default\" data-id=\"cc4de38\" data-element_type=\"section\">\n\t\t\t\t\t\t<div class=\"elementor-container elementor-column-gap-default\">\n\t\t\t\t\t<div class=\"elementor-column elementor-col-100 elementor-top-column elementor-element elementor-element-4edb67c\" data-id=\"4edb67c\" data-element_type=\"column\">\n\t\t\t<div class=\"elementor-widget-wrap elementor-element-populated\">\n\t\t\t\t\t\t<div class=\"elementor-element elementor-element-d17b98c elementor-widget elementor-widget-heading\" data-id=\"d17b98c\" data-element_type=\"widget\" data-widget_type=\"heading.default\">\n\t\t\t\t<div class=\"elementor-widget-container\">\n\t\t\t<h3 class=\"elementor-heading-title elementor-size-default\">V\u00fdsledky monitoringu rysa v N\u00e1rodn\u00edch parc\u00edch \u0160umava a Bavorsk\u00fd les: <\/h3>\t\t<\/div>\n\t\t\t\t<\/div>\n\t\t\t\t\t<\/div>\n\t\t<\/div>\n\t\t\t\t\t<\/div>\n\t\t<\/section>\n\t\t\t\t<section class=\"elementor-section elementor-top-section elementor-element elementor-element-a77cd2d elementor-section-boxed elementor-section-height-default elementor-section-height-default\" data-id=\"a77cd2d\" data-element_type=\"section\">\n\t\t\t\t\t\t<div class=\"elementor-container elementor-column-gap-default\">\n\t\t\t\t\t<div class=\"elementor-column elementor-col-50 elementor-top-column elementor-element elementor-element-8a1deef\" data-id=\"8a1deef\" data-element_type=\"column\">\n\t\t\t<div class=\"elementor-widget-wrap elementor-element-populated\">\n\t\t\t\t\t\t<div class=\"elementor-element elementor-element-3e12a55 elementor-align-justify elementor-widget elementor-widget-button\" data-id=\"3e12a55\" data-element_type=\"widget\" data-widget_type=\"button.default\">\n\t\t\t\t<div class=\"elementor-widget-container\">\n\t\t\t\t\t<div class=\"elementor-button-wrapper\">\n\t\t\t<a class=\"btn btn-primary elementor-button elementor-button-link elementor-size-lg\" href=\"https:\/\/www.npsumava.cz\/wp-content\/uploads\/2019\/08\/monitoring_rysa_v_np_sumava_a_bavorsky_les_2015_16.pdf\">\n\t\t\t\t\t\t<span class=\"elementor-button-content-wrapper\">\n\t\t\t\t\t\t<span class=\"elementor-button-icon elementor-align-icon-right\">\n\t\t\t\t<i aria-hidden=\"true\" class=\"faseci font265847534-arrow-right-long\"><\/i>\t\t\t<\/span>\n\t\t\t\t\t\t<span class=\"elementor-button-text\">v sez\u00f3n\u011b 2015\/16 - [pdf] <\/span>\n\t\t<\/span>\n\t\t\t\t\t<\/a>\n\t\t<\/div>\n\t\t\t\t<\/div>\n\t\t\t\t<\/div>\n\t\t\t\t\t<\/div>\n\t\t<\/div>\n\t\t\t\t<div class=\"elementor-column elementor-col-50 elementor-top-column elementor-element elementor-element-38e2dd7\" data-id=\"38e2dd7\" data-element_type=\"column\">\n\t\t\t<div class=\"elementor-widget-wrap elementor-element-populated\">\n\t\t\t\t\t\t<div class=\"elementor-element elementor-element-c82f754 elementor-align-justify elementor-widget elementor-widget-button\" data-id=\"c82f754\" data-element_type=\"widget\" data-widget_type=\"button.default\">\n\t\t\t\t<div class=\"elementor-widget-container\">\n\t\t\t\t\t<div class=\"elementor-button-wrapper\">\n\t\t\t<a class=\"btn btn-primary elementor-button elementor-button-link elementor-size-lg\" href=\"https:\/\/www.npsumava.cz\/wp-content\/uploads\/2019\/08\/report_ly2016-2017-2018_cz_superfinal.pdf\">\n\t\t\t\t\t\t<span class=\"elementor-button-content-wrapper\">\n\t\t\t\t\t\t<span class=\"elementor-button-icon elementor-align-icon-right\">\n\t\t\t\t<i aria-hidden=\"true\" class=\"faseci font265847534-arrow-right-long\"><\/i>\t\t\t<\/span>\n\t\t\t\t\t\t<span class=\"elementor-button-text\">v sez\u00f3n\u00e1ch 2016, 2017, 2018 - [pdf]<\/span>\n\t\t<\/span>\n\t\t\t\t\t<\/a>\n\t\t<\/div>\n\t\t\t\t<\/div>\n\t\t\t\t<\/div>\n\t\t\t\t\t<\/div>\n\t\t<\/div>\n\t\t\t\t\t<\/div>\n\t\t<\/section>\n\t\t\t\t<section class=\"elementor-section elementor-top-section elementor-element elementor-element-edd1283 elementor-section-boxed elementor-section-height-default elementor-section-height-default\" data-id=\"edd1283\" data-element_type=\"section\">\n\t\t\t\t\t\t<div class=\"elementor-container elementor-column-gap-default\">\n\t\t\t\t\t<div class=\"elementor-column elementor-col-33 elementor-top-column elementor-element elementor-element-da10a88\" data-id=\"da10a88\" data-element_type=\"column\">\n\t\t\t<div class=\"elementor-widget-wrap\">\n\t\t\t\t\t\t\t<\/div>\n\t\t<\/div>\n\t\t\t\t<div class=\"elementor-column elementor-col-33 elementor-top-column elementor-element elementor-element-234fd5c\" data-id=\"234fd5c\" data-element_type=\"column\">\n\t\t\t<div class=\"elementor-widget-wrap elementor-element-populated\">\n\t\t\t\t\t\t<div class=\"elementor-element elementor-element-821e1ca elementor-align-justify elementor-widget elementor-widget-button\" data-id=\"821e1ca\" data-element_type=\"widget\" data-widget_type=\"button.default\">\n\t\t\t\t<div class=\"elementor-widget-container\">\n\t\t\t\t\t<div class=\"elementor-button-wrapper\">\n\t\t\t<a class=\"btn btn-primary elementor-button elementor-button-link elementor-size-lg\" href=\"https:\/\/www.npsumava.cz\/sprava-np\/seznam-projektu\/projekt-3lynx\/\">\n\t\t\t\t\t\t<span class=\"elementor-button-content-wrapper\">\n\t\t\t\t\t\t<span class=\"elementor-button-icon elementor-align-icon-right\">\n\t\t\t\t<i aria-hidden=\"true\" class=\"faseci font265847534-arrow-right-long\"><\/i>\t\t\t<\/span>\n\t\t\t\t\t\t<span class=\"elementor-button-text\">Informace o projektu 3Lynx<\/span>\n\t\t<\/span>\n\t\t\t\t\t<\/a>\n\t\t<\/div>\n\t\t\t\t<\/div>\n\t\t\t\t<\/div>\n\t\t\t\t\t<\/div>\n\t\t<\/div>\n\t\t\t\t<div class=\"elementor-column elementor-col-33 elementor-top-column elementor-element elementor-element-09d1778\" data-id=\"09d1778\" data-element_type=\"column\">\n\t\t\t<div class=\"elementor-widget-wrap\">\n\t\t\t\t\t\t\t<\/div>\n\t\t<\/div>\n\t\t\t\t\t<\/div>\n\t\t<\/section>\n\t\t\t\t<section class=\"elementor-section elementor-top-section elementor-element elementor-element-3b72507 elementor-section-boxed elementor-section-height-default elementor-section-height-default\" data-id=\"3b72507\" data-element_type=\"section\">\n\t\t\t\t\t\t<div class=\"elementor-container elementor-column-gap-default\">\n\t\t\t\t\t<div class=\"elementor-column elementor-col-100 elementor-top-column elementor-element elementor-element-7fe8f83\" data-id=\"7fe8f83\" data-element_type=\"column\">\n\t\t\t<div class=\"elementor-widget-wrap elementor-element-populated\">\n\t\t\t\t\t\t<div class=\"elementor-element elementor-element-0cbb604 elementor-align-left elementor-icon-list--layout-traditional elementor-list-item-link-full_width elementor-widget elementor-widget-icon-list\" data-id=\"0cbb604\" data-element_type=\"widget\" data-widget_type=\"icon-list.default\">\n\t\t\t\t<div class=\"elementor-widget-container\">\n\t\t\t\t\t<ul class=\"elementor-icon-list-items\">\n\t\t\t\t\t\t\t<li class=\"elementor-icon-list-item\">\n\t\t\t\t\t\t\t\t\t\t\t<a href=\"http:\/\/translynx.selmy.cz\/\">\n\n\t\t\t\t\t\t\t\t\t\t\t\t<span class=\"elementor-icon-list-icon\">\n\t\t\t\t\t\t\t<i aria-hidden=\"true\" class=\"fas fa-circle\"><\/i>\t\t\t\t\t\t<\/span>\n\t\t\t\t\t\t\t\t\t\t<span class=\"elementor-icon-list-text\">Spr\u00e1va se tak\u00e9 spolupod\u00edlela na projektu Translynx<\/span>\n\t\t\t\t\t\t\t\t\t\t\t<\/a>\n\t\t\t\t\t\t\t\t\t<\/li>\n\t\t\t\t\t\t\t\t<li class=\"elementor-icon-list-item\">\n\t\t\t\t\t\t\t\t\t\t\t<span class=\"elementor-icon-list-icon\">\n\t\t\t\t\t\t\t<i aria-hidden=\"true\" class=\"fas fa-circle\"><\/i>\t\t\t\t\t\t<\/span>\n\t\t\t\t\t\t\t\t\t\t<span class=\"elementor-icon-list-text\">Monitoring populace tet\u0159eva hlu\u0161ce (Tetrao urogallus) na \u0160umav\u011b<\/span>\n\t\t\t\t\t\t\t\t\t<\/li>\n\t\t\t\t\t\t\t\t<li class=\"elementor-icon-list-item\">\n\t\t\t\t\t\t\t\t\t\t\t<span class=\"elementor-icon-list-icon\">\n\t\t\t\t\t\t\t<i aria-hidden=\"true\" class=\"fas fa-circle\"><\/i>\t\t\t\t\t\t<\/span>\n\t\t\t\t\t\t\t\t\t\t<span class=\"elementor-icon-list-text\">Teuscher M., Brandl R., R\u00f6sner S., Bufka L., Lorenc T., F\u00f6rster B., Hothorn T., M\u00fcller J., 2011: Modelling habitat suitability for the Capercaillie Tetrao urogallus in the national parks Bavarian Forest and \u0160umava. Ornithologischer Anzeiger 50 (2\/3): 97-113<\/span>\n\t\t\t\t\t\t\t\t\t<\/li>\n\t\t\t\t\t\t\t\t<li class=\"elementor-icon-list-item\">\n\t\t\t\t\t\t\t\t\t\t\t<span class=\"elementor-icon-list-icon\">\n\t\t\t\t\t\t\t<i aria-hidden=\"true\" class=\"fas fa-circle\"><\/i>\t\t\t\t\t\t<\/span>\n\t\t\t\t\t\t\t\t\t\t<span class=\"elementor-icon-list-text\">Sou\u017eit\u00ed \u010dlov\u011bka a perlorodky \u0159\u00ed\u010dn\u00ed ve Vltavsk\u00e9m luhu<\/span>\n\t\t\t\t\t\t\t\t\t<\/li>\n\t\t\t\t\t\t<\/ul>\n\t\t\t\t<\/div>\n\t\t\t\t<\/div>\n\t\t\t\t\t<\/div>\n\t\t<\/div>\n\t\t\t\t\t<\/div>\n\t\t<\/section>\n\t\t\t\t<section class=\"elementor-section elementor-top-section elementor-element elementor-element-282729e elementor-section-boxed elementor-section-height-default elementor-section-height-default\" data-id=\"282729e\" data-element_type=\"section\">\n\t\t\t\t\t\t<div class=\"elementor-container elementor-column-gap-default\">\n\t\t\t\t\t<div class=\"elementor-column elementor-col-100 elementor-top-column elementor-element elementor-element-e0ad6ca\" data-id=\"e0ad6ca\" data-element_type=\"column\">\n\t\t\t<div class=\"elementor-widget-wrap elementor-element-populated\">\n\t\t\t\t\t\t<div class=\"elementor-element elementor-element-42635dc elementor-widget-divider--view-line elementor-widget elementor-widget-divider\" data-id=\"42635dc\" data-element_type=\"widget\" data-widget_type=\"divider.default\">\n\t\t\t\t<div class=\"elementor-widget-container\">\n\t\t\t\t\t<div class=\"elementor-divider\">\n\t\t\t<span class=\"elementor-divider-separator\">\n\t\t\t\t\t\t<\/span>\n\t\t<\/div>\n\t\t\t\t<\/div>\n\t\t\t\t<\/div>\n\t\t\t\t\t<\/div>\n\t\t<\/div>\n\t\t\t\t\t<\/div>\n\t\t<\/section>\n\t\t\t\t<section class=\"elementor-section elementor-top-section elementor-element elementor-element-ad7e7ce elementor-section-boxed elementor-section-height-default elementor-section-height-default\" data-id=\"ad7e7ce\" data-element_type=\"section\">\n\t\t\t\t\t\t<div class=\"elementor-container elementor-column-gap-default\">\n\t\t\t\t\t<div class=\"elementor-column elementor-col-100 elementor-top-column elementor-element elementor-element-9b11fb5\" data-id=\"9b11fb5\" data-element_type=\"column\">\n\t\t\t<div class=\"elementor-widget-wrap elementor-element-populated\">\n\t\t\t\t\t\t<div class=\"elementor-element elementor-element-cbee169 elementor-widget elementor-widget-text-editor\" data-id=\"cbee169\" data-element_type=\"widget\" data-widget_type=\"text-editor.default\">\n\t\t\t\t<div class=\"elementor-widget-container\">\n\t\t\t\t\t\t\t<h3>V\u00fdzkum ekologie rysa ostrovida a srnce obecn\u00e9ho v horsk\u00e9m ekosyst\u00e9mu<\/h3><div class=\"perex \">Jedn\u00e1 se o rozs\u00e1hl\u00fd mezin\u00e1rodn\u00ed projekt, kter\u00fd prob\u00edhal v obdob\u00ed let 2009 a\u017e 2013 v r\u00e1mci Programu p\u0159eshrani\u010dn\u00ed spolupr\u00e1ce C\u00edl 3 \u010cesk\u00e1 republika &#8211; Bavorsko 2007-2013.<\/div><div class=\"content\"><p>Rozpo\u010det projektu p\u0159esahoval dohromady 900 000 EUR, p\u0159i\u010dem\u017e \u010desk\u00fd projektov\u00fd partner m\u011bl k dispozici t\u00e9m\u011b\u0159 200 000 EUR, se zb\u00fdvaj\u00edc\u00ed \u010d\u00e1stkou disponoval hlavn\u00ed projektov\u00fd partner &#8211; NP Bavorsk\u00fd les.<\/p><p>Jedn\u00e1 se o \u010desko-bavorsk\u00fd projekt, kter\u00fd prob\u00edhal na \u00fazem\u00ed obou n\u00e1rodn\u00edch park\u016f a p\u0159ilehl\u00e9m okol\u00ed v letech 2009 &#8211; 2012. Zaznamen\u00e1val v\u0161echny stanovi\u0161tn\u00ed podm\u00ednky lokalit, kde byla nalezena mrtv\u00e1 jelen\u00ed \u010di srn\u010d\u00ed zv\u011b\u0159 a p\u0159\u00ed\u010dinou jejich \u00fahynu bylo uloven\u00ed rysem. Polohy mrtv\u00fdch zv\u00ed\u0159at byly z\u00edsk\u00e1ny d\u00edky telemetrick\u00fdm obojk\u016fm, kter\u00e9 na sob\u011b m\u011bl rys \u010di jeho ko\u0159ist.<\/p><p>B\u011bhem trv\u00e1n\u00ed projektu bylo jen na \u010desk\u00e9 stran\u011b z\u00edsk\u00e1no v\u00edce ne\u017e 500 sn\u00edmk\u016f rysa, p\u0159es 100 vzork\u016f pro anal\u00fdzu DNA a GPS technologi\u00ed bylo ozna\u010deno 9 jedinc\u016f rysa a v\u00edce ne\u017e 100 srnc\u016f. Dv\u011b rys\u00ed samice byly p\u0159ezna\u010deny &#8211; opat\u0159eny nov\u00fd GPS obojkem, co\u017e umo\u017enilo sledovat je po dal\u0161\u00ed rok.<\/p><p>Informace z\u00edskan\u00e9 dlouhodob\u00fdm sledov\u00e1n\u00edm jsou st\u011b\u017eejn\u00edm n\u00e1vodem ale i zp\u011btnou vazbou pro posouzen\u00ed efektivity ochrann\u00fdch opat\u0159en\u00ed a vhodn\u00e9ho managementu druhu.<\/p><\/div>\t\t\t\t\t\t<\/div>\n\t\t\t\t<\/div>\n\t\t\t\t\t<\/div>\n\t\t<\/div>\n\t\t\t\t\t<\/div>\n\t\t<\/section>\n\t\t\t\t<section class=\"elementor-section elementor-top-section elementor-element elementor-element-db0e7e8 elementor-section-boxed elementor-section-height-default elementor-section-height-default\" data-id=\"db0e7e8\" data-element_type=\"section\">\n\t\t\t\t\t\t<div class=\"elementor-container elementor-column-gap-default\">\n\t\t\t\t\t<div class=\"elementor-column elementor-col-100 elementor-top-column elementor-element elementor-element-7393ec3\" data-id=\"7393ec3\" data-element_type=\"column\" data-settings=\"{&quot;background_background&quot;:&quot;classic&quot;}\">\n\t\t\t<div class=\"elementor-widget-wrap elementor-element-populated\">\n\t\t\t\t\t\t<div class=\"elementor-element elementor-element-6124b56 elementor-widget elementor-widget-heading\" data-id=\"6124b56\" data-element_type=\"widget\" data-widget_type=\"heading.default\">\n\t\t\t\t<div class=\"elementor-widget-container\">\n\t\t\t<h2 class=\"elementor-heading-title elementor-size-default\">Kam pokra\u010dovat?<\/h2>\t\t<\/div>\n\t\t\t\t<\/div>\n\t\t\t\t<section class=\"elementor-section elementor-inner-section elementor-element elementor-element-1162f0f elementor-section-boxed elementor-section-height-default elementor-section-height-default\" data-id=\"1162f0f\" data-element_type=\"section\">\n\t\t\t\t\t\t<div class=\"elementor-container elementor-column-gap-default\">\n\t\t\t\t\t<div class=\"elementor-column elementor-col-33 elementor-inner-column elementor-element elementor-element-d916131\" data-id=\"d916131\" data-element_type=\"column\">\n\t\t\t<div class=\"elementor-widget-wrap elementor-element-populated\">\n\t\t\t\t\t\t<div class=\"elementor-element elementor-element-4e7d245 elementor-align-justify elementor-widget elementor-widget-button\" data-id=\"4e7d245\" data-element_type=\"widget\" data-widget_type=\"button.default\">\n\t\t\t\t<div class=\"elementor-widget-container\">\n\t\t\t\t\t<div class=\"elementor-button-wrapper\">\n\t\t\t<a class=\"btn btn-primary elementor-button elementor-button-link elementor-size-lg\" href=\"\/nova-zonace-nps\/\">\n\t\t\t\t\t\t<span class=\"elementor-button-content-wrapper\">\n\t\t\t\t\t\t<span class=\"elementor-button-icon elementor-align-icon-right\">\n\t\t\t\t<i aria-hidden=\"true\" class=\"faseci font265847534-arrow-right-long\"><\/i>\t\t\t<\/span>\n\t\t\t\t\t\t<span class=\"elementor-button-text\">Nov\u00e1 zonace<\/span>\n\t\t<\/span>\n\t\t\t\t\t<\/a>\n\t\t<\/div>\n\t\t\t\t<\/div>\n\t\t\t\t<\/div>\n\t\t\t\t\t<\/div>\n\t\t<\/div>\n\t\t\t\t<div class=\"elementor-column elementor-col-33 elementor-inner-column elementor-element elementor-element-0102a2e\" data-id=\"0102a2e\" data-element_type=\"column\">\n\t\t\t<div class=\"elementor-widget-wrap elementor-element-populated\">\n\t\t\t\t\t\t<div class=\"elementor-element elementor-element-8763752 elementor-align-justify elementor-widget elementor-widget-button\" data-id=\"8763752\" data-element_type=\"widget\" data-widget_type=\"button.default\">\n\t\t\t\t<div class=\"elementor-widget-container\">\n\t\t\t\t\t<div class=\"elementor-button-wrapper\">\n\t\t\t<a class=\"btn btn-primary elementor-button elementor-button-link elementor-size-lg\" href=\"\/klidova-uzemi-narodniho-parku-sumava\/\">\n\t\t\t\t\t\t<span class=\"elementor-button-content-wrapper\">\n\t\t\t\t\t\t<span class=\"elementor-button-icon elementor-align-icon-right\">\n\t\t\t\t<i aria-hidden=\"true\" class=\"faseci font265847534-arrow-right-long\"><\/i>\t\t\t<\/span>\n\t\t\t\t\t\t<span class=\"elementor-button-text\">Klidov\u00e1 \u00fazem\u00ed<\/span>\n\t\t<\/span>\n\t\t\t\t\t<\/a>\n\t\t<\/div>\n\t\t\t\t<\/div>\n\t\t\t\t<\/div>\n\t\t\t\t\t<\/div>\n\t\t<\/div>\n\t\t\t\t<div class=\"elementor-column elementor-col-33 elementor-inner-column elementor-element elementor-element-02a6f9a\" data-id=\"02a6f9a\" data-element_type=\"column\">\n\t\t\t<div class=\"elementor-widget-wrap elementor-element-populated\">\n\t\t\t\t\t\t<div class=\"elementor-element elementor-element-e01fed6 elementor-align-justify elementor-widget elementor-widget-button\" data-id=\"e01fed6\" data-element_type=\"widget\" data-widget_type=\"button.default\">\n\t\t\t\t<div class=\"elementor-widget-container\">\n\t\t\t\t\t<div class=\"elementor-button-wrapper\">\n\t\t\t<a class=\"btn btn-primary elementor-button elementor-button-link elementor-size-lg\" href=\"\/uredni-deska\/\">\n\t\t\t\t\t\t<span class=\"elementor-button-content-wrapper\">\n\t\t\t\t\t\t<span class=\"elementor-button-icon elementor-align-icon-right\">\n\t\t\t\t<i aria-hidden=\"true\" class=\"faseci font265847534-arrow-right-long\"><\/i>\t\t\t<\/span>\n\t\t\t\t\t\t<span class=\"elementor-button-text\">\u00da\u0159edn\u00ed deska<\/span>\n\t\t<\/span>\n\t\t\t\t\t<\/a>\n\t\t<\/div>\n\t\t\t\t<\/div>\n\t\t\t\t<\/div>\n\t\t\t\t\t<\/div>\n\t\t<\/div>\n\t\t\t\t\t<\/div>\n\t\t<\/section>\n\t\t\t\t\t<\/div>\n\t\t<\/div>\n\t\t\t\t\t<\/div>\n\t\t<\/section>\n\t\t\t\t<\/div>\n\t\t","protected":false},"excerpt":{"rendered":"","protected":false},"author":2,"featured_media":24838,"parent":16776,"menu_order":228,"comment_status":"closed","ping_status":"closed","template":"","meta":[],"acf":[],"_links":{"self":[{"href":"https:\/\/www.npsumava.cz\/en\/wp-json\/wp\/v2\/pages\/16801"}],"collection":[{"href":"https:\/\/www.npsumava.cz\/en\/wp-json\/wp\/v2\/pages"}],"about":[{"href":"https:\/\/www.npsumava.cz\/en\/wp-json\/wp\/v2\/types\/page"}],"author":[{"embeddable":true,"href":"https:\/\/www.npsumava.cz\/en\/wp-json\/wp\/v2\/users\/2"}],"replies":[{"embeddable":true,"href":"https:\/\/www.npsumava.cz\/en\/wp-json\/wp\/v2\/comments?post=16801"}],"version-history":[{"count":0,"href":"https:\/\/www.npsumava.cz\/en\/wp-json\/wp\/v2\/pages\/16801\/revisions"}],"up":[{"embeddable":true,"href":"https:\/\/www.npsumava.cz\/en\/wp-json\/wp\/v2\/pages\/16776"}],"wp:featuredmedia":[{"embeddable":true,"href":"https:\/\/www.npsumava.cz\/en\/wp-json\/wp\/v2\/media\/24838"}],"wp:attachment":[{"href":"https:\/\/www.npsumava.cz\/en\/wp-json\/wp\/v2\/media?parent=16801"}],"curies":[{"name":"wp","href":"https:\/\/api.w.org\/{rel}","templated":true}]}}