{"id":16797,"date":"2020-06-24T13:45:42","date_gmt":"2020-06-24T11:45:42","guid":{"rendered":"https:\/\/www.npsumava.cz\/?page_id=16797"},"modified":"2020-06-24T13:45:42","modified_gmt":"2020-06-24T11:45:42","slug":"permits-for-research","status":"publish","type":"page","link":"https:\/\/www.npsumava.cz\/en\/nature\/science-and-research\/permits-for-research\/","title":{"rendered":"Permits for Research"},"content":{"rendered":"\t\t<div data-elementor-type=\"wp-post\" data-elementor-id=\"16797\" class=\"elementor elementor-16797 elementor-2224\" data-elementor-post-type=\"page\">\n\t\t\t\t\t\t<section class=\"elementor-section elementor-top-section elementor-element elementor-element-9c6dc78 elementor-section-boxed elementor-section-height-default elementor-section-height-default\" data-id=\"9c6dc78\" data-element_type=\"section\">\n\t\t\t\t\t\t<div class=\"elementor-container elementor-column-gap-default\">\n\t\t\t\t\t<div class=\"elementor-column elementor-col-100 elementor-top-column elementor-element elementor-element-136a312\" data-id=\"136a312\" data-element_type=\"column\">\n\t\t\t<div class=\"elementor-widget-wrap elementor-element-populated\">\n\t\t\t\t\t\t<div class=\"elementor-element elementor-element-d8e6752 elementor-widget elementor-widget-heading\" data-id=\"d8e6752\" data-element_type=\"widget\" data-widget_type=\"heading.default\">\n\t\t\t\t<div class=\"elementor-widget-container\">\n\t\t\t<h2 class=\"elementor-heading-title elementor-size-default\">N\u00e1le\u017eitosti povolen\u00ed v\u00fdzkumn\u00e9 \u010dinnosti<\/h2>\t\t<\/div>\n\t\t\t\t<\/div>\n\t\t\t\t<div class=\"elementor-element elementor-element-bd13a31 elementor-widget elementor-widget-text-editor\" data-id=\"bd13a31\" data-element_type=\"widget\" data-widget_type=\"text-editor.default\">\n\t\t\t\t<div class=\"elementor-widget-container\">\n\t\t\t\t\t\t\t<div class=\"content\"><p>Zah\u00e1jen\u00ed v\u00fdzkumn\u00e9 \u010dinnosti na \u00fazem\u00ed \u0160umavy m\u00e1 sv\u00e1 ust\u00e1len\u00e1 a ze z\u00e1kona vypl\u00fdvaj\u00edc\u00ed pravidla. Koordinace v\u00fdzkumu v N\u00e1rodn\u00edm parku \u0160umava vych\u00e1z\u00ed z &#8220;Koncepce v\u00fdzkumu a dlouhodob\u00e9ho monitoringu&#8221; a klade si za c\u00edl usm\u011br\u0148ovat v\u00fdzkumn\u00e9 aktivity v NP, tak aby citliv\u011b z\u00edskan\u00e9 nov\u00e9 poznatky mohly b\u00fdt v co nejv\u011bt\u0161\u00ed m\u00ed\u0159e vyu\u017e\u00edv\u00e1ny v p\u00e9\u010di o chr\u00e1n\u011bn\u00e9 \u00fazem\u00ed.<\/p><p><strong>Vlastn\u00ed realizace v\u00fdzkumu<\/strong>, kter\u00fd bude zasahovat do ochrann\u00fdch podm\u00ednek n\u00e1rodn\u00edch park\u016f (z\u00e1kaz vjezdu vozidel mimo silnice, m\u00edstn\u00ed komunikace a m\u00edsta vyhrazen\u00e1 org\u00e1nem ochrany p\u0159\u00edrody, z\u00e1kaz vstupu do klidov\u00fdch \u00fazem\u00ed N\u00e1rodn\u00edho parku \u0160umava mimo cesty nebo trasy vyhrazen\u00e9 org\u00e1nem ochrany p\u0159\u00edrody, apod.) nebo bude v rozporu se z\u00e1kladn\u00edmi podm\u00ednkami ochrany rostlin \u010di \u017eivo\u010dich\u016f,<strong> je podm\u00edn\u011bna vyd\u00e1n\u00edm p\u0159\u00edslu\u0161n\u00fdch v\u00fdjimek<\/strong>.<\/p><p>Pod\u00e1n\u00ed \u017e\u00e1dosti o vyd\u00e1n\u00ed t\u011bchto povolen\u00ed zpravidla p\u0159edch\u00e1z\u00ed projedn\u00e1n\u00ed v\u00fdzkumn\u00e9ho z\u00e1m\u011bru s vedouc\u00edm odboru Ochrany p\u0159\u00edrody Spr\u00e1vy NP (kontakt: martin.stary@npsumava.cz) &#8211; vypln\u011bnou \u017e\u00e1dost, opat\u0159enou origin\u00e1ln\u00edm podpisem \u0159e\u0161itele v\u00fdzkumn\u00e9ho projektu je pot\u00e9 zapot\u0159eb\u00ed zaslat na adresu odboru St\u00e1tn\u00ed spr\u00e1vy NP \u0160umava (Spr\u00e1va N\u00e1rodn\u00edho parku \u0160umava, 1.m\u00e1je 260, 385 01 Vimperk).<\/p><p>Formul\u00e1\u0159 \u017e\u00e1dosti je mo\u017en\u00e9 st\u00e1hnout <a title=\"zadosti-vyzkumnici.doc\" href=\"https:\/\/www.npsumava.cz\/wp-content\/uploads\/2019\/08\/zadosti_vyzkumnici.doc\">zde (zadosti_vyzkumnici.doc)<\/a>.<\/p><p>Data z\u00edskan\u00e1 v r\u00e1mci v\u00fdzkumu jsou sou\u010d\u00e1st\u00ed celkov\u00e9 datab\u00e1ze o v\u00fdzkumn\u00fdch projektech a slou\u017e\u00ed pro pot\u0159eby Spr\u00e1vy i odborn\u00e9 ve\u0159ejnosti.<\/p><\/div>\t\t\t\t\t\t<\/div>\n\t\t\t\t<\/div>\n\t\t\t\t\t<\/div>\n\t\t<\/div>\n\t\t\t\t\t<\/div>\n\t\t<\/section>\n\t\t\t\t<section class=\"elementor-section elementor-top-section elementor-element elementor-element-168f1c0c elementor-section-boxed elementor-section-height-default elementor-section-height-default\" data-id=\"168f1c0c\" data-element_type=\"section\">\n\t\t\t\t\t\t<div class=\"elementor-container elementor-column-gap-default\">\n\t\t\t\t\t<div class=\"elementor-column elementor-col-100 elementor-top-column elementor-element elementor-element-365ea3c3\" data-id=\"365ea3c3\" data-element_type=\"column\" data-settings=\"{&quot;background_background&quot;:&quot;classic&quot;}\">\n\t\t\t<div class=\"elementor-widget-wrap elementor-element-populated\">\n\t\t\t\t\t\t<div class=\"elementor-element elementor-element-7fd6f442 elementor-widget elementor-widget-heading\" data-id=\"7fd6f442\" data-element_type=\"widget\" data-widget_type=\"heading.default\">\n\t\t\t\t<div class=\"elementor-widget-container\">\n\t\t\t<h2 class=\"elementor-heading-title elementor-size-default\">Kam pokra\u010dovat?<\/h2>\t\t<\/div>\n\t\t\t\t<\/div>\n\t\t\t\t<section class=\"elementor-section elementor-inner-section elementor-element elementor-element-12130a45 elementor-section-boxed elementor-section-height-default elementor-section-height-default\" data-id=\"12130a45\" data-element_type=\"section\">\n\t\t\t\t\t\t<div class=\"elementor-container elementor-column-gap-default\">\n\t\t\t\t\t<div class=\"elementor-column elementor-col-33 elementor-inner-column elementor-element elementor-element-76f15acb\" data-id=\"76f15acb\" data-element_type=\"column\">\n\t\t\t<div class=\"elementor-widget-wrap elementor-element-populated\">\n\t\t\t\t\t\t<div class=\"elementor-element elementor-element-4da78fd3 elementor-align-justify elementor-widget elementor-widget-button\" data-id=\"4da78fd3\" data-element_type=\"widget\" data-widget_type=\"button.default\">\n\t\t\t\t<div class=\"elementor-widget-container\">\n\t\t\t\t\t<div class=\"elementor-button-wrapper\">\n\t\t\t<a class=\"btn btn-primary elementor-button elementor-button-link elementor-size-lg\" href=\"\/nova-zonace-nps\/\">\n\t\t\t\t\t\t<span class=\"elementor-button-content-wrapper\">\n\t\t\t\t\t\t<span class=\"elementor-button-icon elementor-align-icon-right\">\n\t\t\t\t<i aria-hidden=\"true\" class=\"faseci font265847534-arrow-right-long\"><\/i>\t\t\t<\/span>\n\t\t\t\t\t\t<span class=\"elementor-button-text\">Nov\u00e1 zonace<\/span>\n\t\t<\/span>\n\t\t\t\t\t<\/a>\n\t\t<\/div>\n\t\t\t\t<\/div>\n\t\t\t\t<\/div>\n\t\t\t\t\t<\/div>\n\t\t<\/div>\n\t\t\t\t<div class=\"elementor-column elementor-col-33 elementor-inner-column elementor-element elementor-element-46aaf5d1\" data-id=\"46aaf5d1\" data-element_type=\"column\">\n\t\t\t<div class=\"elementor-widget-wrap elementor-element-populated\">\n\t\t\t\t\t\t<div class=\"elementor-element elementor-element-628463df elementor-align-justify elementor-widget elementor-widget-button\" data-id=\"628463df\" data-element_type=\"widget\" data-widget_type=\"button.default\">\n\t\t\t\t<div class=\"elementor-widget-container\">\n\t\t\t\t\t<div class=\"elementor-button-wrapper\">\n\t\t\t<a class=\"btn btn-primary elementor-button elementor-button-link elementor-size-lg\" href=\"\/klidova-uzemi-narodniho-parku-sumava\/\">\n\t\t\t\t\t\t<span class=\"elementor-button-content-wrapper\">\n\t\t\t\t\t\t<span class=\"elementor-button-icon elementor-align-icon-right\">\n\t\t\t\t<i aria-hidden=\"true\" class=\"faseci font265847534-arrow-right-long\"><\/i>\t\t\t<\/span>\n\t\t\t\t\t\t<span class=\"elementor-button-text\">Klidov\u00e1 \u00fazem\u00ed<\/span>\n\t\t<\/span>\n\t\t\t\t\t<\/a>\n\t\t<\/div>\n\t\t\t\t<\/div>\n\t\t\t\t<\/div>\n\t\t\t\t\t<\/div>\n\t\t<\/div>\n\t\t\t\t<div class=\"elementor-column elementor-col-33 elementor-inner-column elementor-element elementor-element-37ce355f\" data-id=\"37ce355f\" data-element_type=\"column\">\n\t\t\t<div class=\"elementor-widget-wrap elementor-element-populated\">\n\t\t\t\t\t\t<div class=\"elementor-element elementor-element-23487db5 elementor-align-justify elementor-widget elementor-widget-button\" data-id=\"23487db5\" data-element_type=\"widget\" data-widget_type=\"button.default\">\n\t\t\t\t<div class=\"elementor-widget-container\">\n\t\t\t\t\t<div class=\"elementor-button-wrapper\">\n\t\t\t<a class=\"btn btn-primary elementor-button elementor-button-link elementor-size-lg\" href=\"\/uredni-deska\/\">\n\t\t\t\t\t\t<span class=\"elementor-button-content-wrapper\">\n\t\t\t\t\t\t<span class=\"elementor-button-icon elementor-align-icon-right\">\n\t\t\t\t<i aria-hidden=\"true\" class=\"faseci font265847534-arrow-right-long\"><\/i>\t\t\t<\/span>\n\t\t\t\t\t\t<span class=\"elementor-button-text\">\u00da\u0159edn\u00ed deska<\/span>\n\t\t<\/span>\n\t\t\t\t\t<\/a>\n\t\t<\/div>\n\t\t\t\t<\/div>\n\t\t\t\t<\/div>\n\t\t\t\t\t<\/div>\n\t\t<\/div>\n\t\t\t\t\t<\/div>\n\t\t<\/section>\n\t\t\t\t\t<\/div>\n\t\t<\/div>\n\t\t\t\t\t<\/div>\n\t\t<\/section>\n\t\t\t\t<\/div>\n\t\t","protected":false},"excerpt":{"rendered":"","protected":false},"author":2,"featured_media":24838,"parent":16776,"menu_order":381,"comment_status":"closed","ping_status":"closed","template":"","meta":[],"acf":[],"_links":{"self":[{"href":"https:\/\/www.npsumava.cz\/en\/wp-json\/wp\/v2\/pages\/16797"}],"collection":[{"href":"https:\/\/www.npsumava.cz\/en\/wp-json\/wp\/v2\/pages"}],"about":[{"href":"https:\/\/www.npsumava.cz\/en\/wp-json\/wp\/v2\/types\/page"}],"author":[{"embeddable":true,"href":"https:\/\/www.npsumava.cz\/en\/wp-json\/wp\/v2\/users\/2"}],"replies":[{"embeddable":true,"href":"https:\/\/www.npsumava.cz\/en\/wp-json\/wp\/v2\/comments?post=16797"}],"version-history":[{"count":0,"href":"https:\/\/www.npsumava.cz\/en\/wp-json\/wp\/v2\/pages\/16797\/revisions"}],"up":[{"embeddable":true,"href":"https:\/\/www.npsumava.cz\/en\/wp-json\/wp\/v2\/pages\/16776"}],"wp:featuredmedia":[{"embeddable":true,"href":"https:\/\/www.npsumava.cz\/en\/wp-json\/wp\/v2\/media\/24838"}],"wp:attachment":[{"href":"https:\/\/www.npsumava.cz\/en\/wp-json\/wp\/v2\/media?parent=16797"}],"curies":[{"name":"wp","href":"https:\/\/api.w.org\/{rel}","templated":true}]}}