{"id":16751,"date":"2020-06-24T13:09:56","date_gmt":"2020-06-24T11:09:56","guid":{"rendered":"https:\/\/www.npsumava.cz\/?page_id=16751"},"modified":"2020-08-27T16:00:19","modified_gmt":"2020-08-27T14:00:19","slug":"sumava-national-park-tranquillity-areas","status":"publish","type":"page","link":"https:\/\/www.npsumava.cz\/en\/np-administration\/new-zoning-and-tranquillity-areas\/sumava-national-park-tranquillity-areas\/","title":{"rendered":"\u0160umava National Park Tranquillity Areas"},"content":{"rendered":"\t\t<div data-elementor-type=\"wp-post\" data-elementor-id=\"16751\" class=\"elementor elementor-16751 elementor-6088\" data-elementor-post-type=\"page\">\n\t\t\t\t\t\t<section class=\"elementor-section elementor-top-section elementor-element elementor-element-b45e642 elementor-section-boxed elementor-section-height-default elementor-section-height-default\" data-id=\"b45e642\" data-element_type=\"section\">\n\t\t\t\t\t\t<div class=\"elementor-container elementor-column-gap-default\">\n\t\t\t\t\t<div class=\"elementor-column elementor-col-100 elementor-top-column elementor-element elementor-element-4c1665d\" data-id=\"4c1665d\" data-element_type=\"column\">\n\t\t\t<div class=\"elementor-widget-wrap elementor-element-populated\">\n\t\t\t\t\t\t<div class=\"elementor-element elementor-element-dc91479 elementor-widget elementor-widget-heading\" data-id=\"dc91479\" data-element_type=\"widget\" data-widget_type=\"heading.default\">\n\t\t\t\t<div class=\"elementor-widget-container\">\n\t\t\t<h2 class=\"elementor-heading-title elementor-size-default\">The Proposal<\/h2>\t\t<\/div>\n\t\t\t\t<\/div>\n\t\t\t\t\t<\/div>\n\t\t<\/div>\n\t\t\t\t\t<\/div>\n\t\t<\/section>\n\t\t\t\t<section class=\"elementor-section elementor-top-section elementor-element elementor-element-205f159 elementor-section-boxed elementor-section-height-default elementor-section-height-default\" data-id=\"205f159\" data-element_type=\"section\">\n\t\t\t\t\t\t<div class=\"elementor-container elementor-column-gap-default\">\n\t\t\t\t\t<div class=\"elementor-column elementor-col-50 elementor-top-column elementor-element elementor-element-32e9e824\" data-id=\"32e9e824\" data-element_type=\"column\">\n\t\t\t<div class=\"elementor-widget-wrap elementor-element-populated\">\n\t\t\t\t\t\t<div class=\"elementor-element elementor-element-791a5c76 elementor-arrows-position-inside elementor-pagination-position-outside elementor-widget elementor-widget-image-carousel\" data-id=\"791a5c76\" data-element_type=\"widget\" data-settings=\"{&quot;slides_to_show&quot;:&quot;1&quot;,&quot;navigation&quot;:&quot;both&quot;,&quot;autoplay&quot;:&quot;yes&quot;,&quot;pause_on_hover&quot;:&quot;yes&quot;,&quot;pause_on_interaction&quot;:&quot;yes&quot;,&quot;autoplay_speed&quot;:5000,&quot;infinite&quot;:&quot;yes&quot;,&quot;effect&quot;:&quot;slide&quot;,&quot;speed&quot;:500}\" data-widget_type=\"image-carousel.default\">\n\t\t\t\t<div class=\"elementor-widget-container\">\n\t\t\t\t\t<div class=\"elementor-image-carousel-wrapper swiper-container\" dir=\"ltr\">\n\t\t\t<div class=\"elementor-image-carousel swiper-wrapper\" aria-live=\"off\">\n\t\t\t\t\t\t\t\t<div class=\"swiper-slide\" role=\"group\" aria-roledescription=\"slide\" aria-label=\"1 of 2\"><a data-elementor-open-lightbox=\"yes\" data-elementor-lightbox-slideshow=\"791a5c76\" data-elementor-lightbox-title=\"zpatzelt_tetrev\" data-e-action-hash=\"#elementor-action%3Aaction%3Dlightbox%26settings%3DeyJpZCI6NjA4NywidXJsIjoiaHR0cHM6XC9cL3d3dy5ucHN1bWF2YS5jelwvd3AtY29udGVudFwvdXBsb2Fkc1wvMjAxOVwvMDhcL3pwYXR6ZWx0X3RldHJldi5wbmciLCJzbGlkZXNob3ciOiI3OTFhNWM3NiJ9\" href=\"https:\/\/www.npsumava.cz\/wp-content\/uploads\/2019\/08\/zpatzelt_tetrev.png\"><figure class=\"swiper-slide-inner\"><img class=\"swiper-slide-image\" src=\"https:\/\/www.npsumava.cz\/wp-content\/uploads\/elementor\/thumbs\/zpatzelt_tetrev-pkltezttiajyt21xdhsy9a3a6rrlannasek2uuo576.png\" alt=\"zpatzelt_tetrev\" \/><\/figure><\/a><\/div><div class=\"swiper-slide\" role=\"group\" aria-roledescription=\"slide\" aria-label=\"2 of 2\"><a data-elementor-open-lightbox=\"yes\" data-elementor-lightbox-slideshow=\"791a5c76\" data-elementor-lightbox-title=\"vhrebek_rys\" data-e-action-hash=\"#elementor-action%3Aaction%3Dlightbox%26settings%3DeyJpZCI6NjA4NSwidXJsIjoiaHR0cHM6XC9cL3d3dy5ucHN1bWF2YS5jelwvd3AtY29udGVudFwvdXBsb2Fkc1wvMjAxOVwvMDhcL3ZocmViZWtfcnlzLnBuZyIsInNsaWRlc2hvdyI6Ijc5MWE1Yzc2In0%3D\" href=\"https:\/\/www.npsumava.cz\/wp-content\/uploads\/2019\/08\/vhrebek_rys.png\"><figure class=\"swiper-slide-inner\"><img class=\"swiper-slide-image\" src=\"https:\/\/www.npsumava.cz\/wp-content\/uploads\/elementor\/thumbs\/vhrebek_rys-pkltg0hiwty5dukoffnegiu9csqwmuotxg00kn5sgi.png\" alt=\"vhrebek_rys\" \/><\/figure><\/a><\/div>\t\t\t<\/div>\n\t\t\t\t\t\t\t\t\t\t\t\t<div class=\"elementor-swiper-button elementor-swiper-button-prev\" role=\"button\" tabindex=\"0\">\n\t\t\t\t\t\t<i aria-hidden=\"true\" class=\"eicon-chevron-left\"><\/i>\t\t\t\t\t<\/div>\n\t\t\t\t\t<div class=\"elementor-swiper-button elementor-swiper-button-next\" role=\"button\" tabindex=\"0\">\n\t\t\t\t\t\t<i aria-hidden=\"true\" class=\"eicon-chevron-right\"><\/i>\t\t\t\t\t<\/div>\n\t\t\t\t\n\t\t\t\t\t\t\t\t\t<div class=\"swiper-pagination\"><\/div>\n\t\t\t\t\t\t\t\t\t<\/div>\n\t\t\t\t<\/div>\n\t\t\t\t<\/div>\n\t\t\t\t\t<\/div>\n\t\t<\/div>\n\t\t\t\t<div class=\"elementor-column elementor-col-50 elementor-top-column elementor-element elementor-element-21534f8d\" data-id=\"21534f8d\" data-element_type=\"column\">\n\t\t\t<div class=\"elementor-widget-wrap elementor-element-populated\">\n\t\t\t\t\t\t<div class=\"elementor-element elementor-element-05d818f elementor-widget elementor-widget-text-editor\" data-id=\"05d818f\" data-element_type=\"widget\" data-widget_type=\"text-editor.default\">\n\t\t\t\t<div class=\"elementor-widget-container\">\n\t\t\t\t\t\t\t<h4>The \u0160umava National Park Tranquillity Areas are measures to regulate movement of visitors in the National Park territory.<\/h4><h4>This regulation is especially necessary in relation to the protection of rare species of fauna and in areas where they permanently live, nest, breed, and winter, that is, where they are the most sensitive to human-induced disturbance.<\/h4>\t\t\t\t\t\t<\/div>\n\t\t\t\t<\/div>\n\t\t\t\t\t<\/div>\n\t\t<\/div>\n\t\t\t\t\t<\/div>\n\t\t<\/section>\n\t\t\t\t<section class=\"elementor-section elementor-top-section elementor-element elementor-element-b2b270a elementor-section-boxed elementor-section-height-default elementor-section-height-default\" data-id=\"b2b270a\" data-element_type=\"section\">\n\t\t\t\t\t\t<div class=\"elementor-container elementor-column-gap-default\">\n\t\t\t\t\t<div class=\"elementor-column elementor-col-100 elementor-top-column elementor-element elementor-element-51c1c83\" data-id=\"51c1c83\" data-element_type=\"column\">\n\t\t\t<div class=\"elementor-widget-wrap elementor-element-populated\">\n\t\t\t\t\t\t<div class=\"elementor-element elementor-element-6e14641 elementor-widget elementor-widget-text-editor\" data-id=\"6e14641\" data-element_type=\"widget\" data-widget_type=\"text-editor.default\">\n\t\t\t\t<div class=\"elementor-widget-container\">\n\t\t\t\t\t\t\t<p>The territory, only accessible via marked hiking trails, was already specified upon establishing the \u0160umava National Park, at approximately 22 percent of the National Park territory. Virtually the same extent of tranquillity areas <strong>with the current tourist trails preserved <\/strong>is currently proposed by the \u0160umava National Park Administration. The grounds for conservation have not changed \u2013 we are trying to protect the peat bogs from deterioration by trampling and erosion, there still survive species like capercaillie and black grouse, it is also necessary to protect the hunting grounds of the lynx females that successfully raise their young in \u0160umava. Over the last thirty years, there has been a surge in the number of endangered species that prosper in \u0160umava but need our protection \u2013 such as the common crane, pearl mussel, and peregrine falcon.<\/p><p>The proposed tranquillity areas in \u0160umava <strong>open almost three thousand hectares of territory<\/strong> which up to now has been inaccessible or it was only possible to walk through them along marked trails. Visitors will therefore be able to learn about their uniqueness in detail.<\/p><p>Very attractive will certainly be the area along the K\u0159emeln\u00e1 Stream between Pr\u00e1\u0161ily and the vanished settlement of Stod\u016flky. It is a gorgeous, wild area crossed by the charming K\u0159emeln\u00e1 Stream. \u017d\u010f\u00e1rsk\u00e9 slat\u011b, \u010cast\u00e1, and Poleck\u00fd vrch will offer learning about another kind of nature \u2013 Nordic taiga in the middle of Europe. These places will open to public for the very first time.<\/p><p>Tourists will also be allowed, virtually without limitations, into another large area between Kvilda and Str\u00e1\u017en\u00fd. For this part of the National Park, we only propose several small-scale tranquillity areas with limited duration of closure so that tourism does not endanger lekking of the black grouse and nesting of the peregrine falcon. This means that for part of the year, tourists would only be allowed to hike on marked trails, but the areas will be fully open for the rest of the year in all places where the terrain permits.<\/p><p>These tranquillity areas of limited duration will open the possibility for visitors to explore \u2013 in the summer and autumn \u2013 the beauties of the northern part of the Sto\u017eec Rocks where entry is currently banned throughout the year as no trail leads there.<\/p><p>The new proposal of tranquillity areas also <strong>increases the proportion of marked or dedicated trails<\/strong>. Today the tranquillity areas are crossed by 58 km of tourist trails. Thanks to the new proposal, the proportion rises to more than 90 km, while a great part of the increase is thanks to aligning the accessibility of the border path with the regime introduced by the Bavarian Forest National Park.<\/p><p>In total, the size of the tranquillity territory will be increased from the current 9,002 ha to 14,921 ha. The greatest changes concern the border areas, continuing the tranquillity area of the Bavarian Forest National Park, i.e. areas around Velk\u00e1 Mokr\u016fvka and Mal\u00e1 Mokr\u016fvka Mountains, Modrava Marshes, and Poledn\u00edk Mountain, home to one of the largest populations of capercaillie in \u0160umava. A major part of this territory is now inaccessible due to the existence of islands of first zones, separated from each other, and the territory is therefore impenetrable. In its proposal, the Administration consolidates this area into a compact whole, and will serve as a <strong>compensatory measure for opening up the Modr\u00fd sloup border crossing in the near future<\/strong>.<\/p>\t\t\t\t\t\t<\/div>\n\t\t\t\t<\/div>\n\t\t\t\t\t<\/div>\n\t\t<\/div>\n\t\t\t\t\t<\/div>\n\t\t<\/section>\n\t\t\t\t<section class=\"elementor-section elementor-top-section elementor-element elementor-element-c4ac62a elementor-section-boxed elementor-section-height-default elementor-section-height-default\" data-id=\"c4ac62a\" data-element_type=\"section\">\n\t\t\t\t\t\t<div class=\"elementor-container elementor-column-gap-default\">\n\t\t\t\t\t<div class=\"elementor-column elementor-col-100 elementor-top-column elementor-element elementor-element-fc731fb\" data-id=\"fc731fb\" data-element_type=\"column\">\n\t\t\t<div class=\"elementor-widget-wrap elementor-element-populated\">\n\t\t\t\t\t\t<div class=\"elementor-element elementor-element-eec2703 elementor-widget elementor-widget-text-editor\" data-id=\"eec2703\" data-element_type=\"widget\" data-widget_type=\"text-editor.default\">\n\t\t\t\t<div class=\"elementor-widget-container\">\n\t\t\t\t\t\t\t<p><a href=\"https:\/\/cz-np-sumava.tmapserver.cz\/mapa\/klidove-uzemi-05042019\"><strong>The proposal for the tranquillity area is available on the following map:\u00a0 <br \/>\u00a0<\/strong><\/a><a href=\"https:\/\/geoportal.npsumava.cz\/mapa\/klidove-uzemi-05112019\"><strong>https:\/\/geoportal.npsumava.cz\/mapa\/klidove-uzemi-05112019 <\/strong><\/a><strong>(November 2019)<\/strong><\/p>\t\t\t\t\t\t<\/div>\n\t\t\t\t<\/div>\n\t\t\t\t\t<\/div>\n\t\t<\/div>\n\t\t\t\t\t<\/div>\n\t\t<\/section>\n\t\t\t\t<section class=\"elementor-section elementor-top-section elementor-element elementor-element-a9804b0 elementor-section-boxed elementor-section-height-default elementor-section-height-default\" data-id=\"a9804b0\" data-element_type=\"section\">\n\t\t\t\t\t\t<div class=\"elementor-container elementor-column-gap-default\">\n\t\t\t\t\t<div class=\"elementor-column elementor-col-50 elementor-top-column elementor-element elementor-element-50cff60\" data-id=\"50cff60\" data-element_type=\"column\">\n\t\t\t<div class=\"elementor-widget-wrap elementor-element-populated\">\n\t\t\t\t\t\t<div class=\"elementor-element elementor-element-e896f02 elementor-widget elementor-widget-image\" data-id=\"e896f02\" data-element_type=\"widget\" data-widget_type=\"image.default\">\n\t\t\t\t<div class=\"elementor-widget-container\">\n\t\t\t\t\t\t\t\t\t\t\t\t\t<img fetchpriority=\"high\" width=\"587\" height=\"169\" src=\"https:\/\/www.npsumava.cz\/wp-content\/uploads\/2019\/08\/legenda_klidovky.jpg\" class=\"attachment-large size-large wp-image-6084\" alt=\"\" srcset=\"https:\/\/www.npsumava.cz\/wp-content\/uploads\/2019\/08\/legenda_klidovky.jpg 587w, https:\/\/www.npsumava.cz\/wp-content\/uploads\/2019\/08\/legenda_klidovky-300x86.jpg 300w\" sizes=\"(max-width: 587px) 100vw, 587px\" \/>\t\t\t\t\t\t\t\t\t\t\t\t\t<\/div>\n\t\t\t\t<\/div>\n\t\t\t\t\t<\/div>\n\t\t<\/div>\n\t\t\t\t<div class=\"elementor-column elementor-col-50 elementor-top-column elementor-element elementor-element-0520a37\" data-id=\"0520a37\" data-element_type=\"column\">\n\t\t\t<div class=\"elementor-widget-wrap elementor-element-populated\">\n\t\t\t\t\t\t<div class=\"elementor-element elementor-element-1df2250 elementor-widget elementor-widget-image\" data-id=\"1df2250\" data-element_type=\"widget\" data-widget_type=\"image.default\">\n\t\t\t\t<div class=\"elementor-widget-container\">\n\t\t\t\t\t\t\t\t\t\t\t\t\t\t<a href=\"https:\/\/geoportal.npsumava.cz\/mapa\/klidove-uzemi-05112019\">\n\t\t\t\t\t\t\t<img src=\"https:\/\/www.npsumava.cz\/wp-content\/uploads\/elementor\/thumbs\/klidovky-mapka-v-odk11wa5s3qi44oxfxq2282384pr0rxpy8tgujco6q.jpg\" title=\"klidovky-mapka-v\" alt=\"klidovky-mapka-v\" loading=\"lazy\" \/>\t\t\t\t\t\t\t\t<\/a>\n\t\t\t\t\t\t\t\t\t\t\t\t\t<\/div>\n\t\t\t\t<\/div>\n\t\t\t\t\t<\/div>\n\t\t<\/div>\n\t\t\t\t\t<\/div>\n\t\t<\/section>\n\t\t\t\t<section class=\"elementor-section elementor-top-section elementor-element elementor-element-88602d5 elementor-section-boxed elementor-section-height-default elementor-section-height-default\" data-id=\"88602d5\" data-element_type=\"section\">\n\t\t\t\t\t\t<div class=\"elementor-container elementor-column-gap-default\">\n\t\t\t\t\t<div class=\"elementor-column elementor-col-100 elementor-top-column elementor-element elementor-element-e5d9dae\" data-id=\"e5d9dae\" data-element_type=\"column\">\n\t\t\t<div class=\"elementor-widget-wrap elementor-element-populated\">\n\t\t\t\t\t\t<div class=\"elementor-element elementor-element-0342bc6 elementor-widget elementor-widget-heading\" data-id=\"0342bc6\" data-element_type=\"widget\" data-widget_type=\"heading.default\">\n\t\t\t\t<div class=\"elementor-widget-container\">\n\t\t\t<h3 class=\"elementor-heading-title elementor-size-default\">The following detailed rationales for the individual tranquillity areas form an inseparable part of the proposal:<\/h3>\t\t<\/div>\n\t\t\t\t<\/div>\n\t\t\t\t\t<\/div>\n\t\t<\/div>\n\t\t\t\t\t<\/div>\n\t\t<\/section>\n\t\t\t\t<section class=\"elementor-section elementor-top-section elementor-element elementor-element-301fb26 elementor-section-boxed elementor-section-height-default elementor-section-height-default\" data-id=\"301fb26\" data-element_type=\"section\">\n\t\t\t\t\t\t<div class=\"elementor-container elementor-column-gap-default\">\n\t\t\t\t\t<div class=\"elementor-column elementor-col-100 elementor-top-column elementor-element elementor-element-e80bd12\" data-id=\"e80bd12\" data-element_type=\"column\">\n\t\t\t<div class=\"elementor-widget-wrap elementor-element-populated\">\n\t\t\t\t\t\t<div class=\"elementor-element elementor-element-370784b elementor-align-left elementor-icon-list--layout-traditional elementor-list-item-link-full_width elementor-widget elementor-widget-icon-list\" data-id=\"370784b\" data-element_type=\"widget\" data-widget_type=\"icon-list.default\">\n\t\t\t\t<div class=\"elementor-widget-container\">\n\t\t\t\t\t<ul class=\"elementor-icon-list-items\">\n\t\t\t\t\t\t\t<li class=\"elementor-icon-list-item\">\n\t\t\t\t\t\t\t\t\t\t\t<span class=\"elementor-icon-list-icon\">\n\t\t\t\t\t\t\t<i aria-hidden=\"true\" class=\"fas fa-circle\"><\/i>\t\t\t\t\t\t<\/span>\n\t\t\t\t\t\t\t\t\t\t<span class=\"elementor-icon-list-text\">\u0160umava peat bogs TRANQUILLITY AREA (A)<\/span>\n\t\t\t\t\t\t\t\t\t<\/li>\n\t\t\t\t\t\t\t\t<li class=\"elementor-icon-list-item\">\n\t\t\t\t\t\t\t\t\t\t\t<span class=\"elementor-icon-list-icon\">\n\t\t\t\t\t\t\t<i aria-hidden=\"true\" class=\"fas fa-circle\"><\/i>\t\t\t\t\t\t<\/span>\n\t\t\t\t\t\t\t\t\t\t<span class=\"elementor-icon-list-text\">Capercaillie TRANQUILLITY AREA (B)<\/span>\n\t\t\t\t\t\t\t\t\t<\/li>\n\t\t\t\t\t\t\t\t<li class=\"elementor-icon-list-item\">\n\t\t\t\t\t\t\t\t\t\t\t<span class=\"elementor-icon-list-icon\">\n\t\t\t\t\t\t\t<i aria-hidden=\"true\" class=\"fas fa-circle\"><\/i>\t\t\t\t\t\t<\/span>\n\t\t\t\t\t\t\t\t\t\t<span class=\"elementor-icon-list-text\">Capercaillie TRANQUILLITY AREA for the territory of Trojmez\u00ed and Smr\u010dina (C)<\/span>\n\t\t\t\t\t\t\t\t\t<\/li>\n\t\t\t\t\t\t\t\t<li class=\"elementor-icon-list-item\">\n\t\t\t\t\t\t\t\t\t\t\t<span class=\"elementor-icon-list-icon\">\n\t\t\t\t\t\t\t<i aria-hidden=\"true\" class=\"fas fa-circle\"><\/i>\t\t\t\t\t\t<\/span>\n\t\t\t\t\t\t\t\t\t\t<span class=\"elementor-icon-list-text\">Black grouse, common crane, and pearl mussel TRANQUILLITY AREA (D)<\/span>\n\t\t\t\t\t\t\t\t\t<\/li>\n\t\t\t\t\t\t\t\t<li class=\"elementor-icon-list-item\">\n\t\t\t\t\t\t\t\t\t\t\t<span class=\"elementor-icon-list-icon\">\n\t\t\t\t\t\t\t<i aria-hidden=\"true\" class=\"fas fa-circle\"><\/i>\t\t\t\t\t\t<\/span>\n\t\t\t\t\t\t\t\t\t\t<span class=\"elementor-icon-list-text\">Peregrine falcon TRANQUILLITY AREA (E)<\/span>\n\t\t\t\t\t\t\t\t\t<\/li>\n\t\t\t\t\t\t\t\t<li class=\"elementor-icon-list-item\">\n\t\t\t\t\t\t\t\t\t\t\t<span class=\"elementor-icon-list-icon\">\n\t\t\t\t\t\t\t<i aria-hidden=\"true\" class=\"fas fa-circle\"><\/i>\t\t\t\t\t\t<\/span>\n\t\t\t\t\t\t\t\t\t\t<span class=\"elementor-icon-list-text\">Spiny quillwort TRANQUILLITY AREA (F)<\/span>\n\t\t\t\t\t\t\t\t\t<\/li>\n\t\t\t\t\t\t\t\t<li class=\"elementor-icon-list-item\">\n\t\t\t\t\t\t\t\t\t\t\t<span class=\"elementor-icon-list-icon\">\n\t\t\t\t\t\t\t<i aria-hidden=\"true\" class=\"fas fa-circle\"><\/i>\t\t\t\t\t\t<\/span>\n\t\t\t\t\t\t\t\t\t\t<span class=\"elementor-icon-list-text\">Eurasian lynx TRANQUILLITY AREA (G)<\/span>\n\t\t\t\t\t\t\t\t\t<\/li>\n\t\t\t\t\t\t<\/ul>\n\t\t\t\t<\/div>\n\t\t\t\t<\/div>\n\t\t\t\t\t<\/div>\n\t\t<\/div>\n\t\t\t\t\t<\/div>\n\t\t<\/section>\n\t\t\t\t<section class=\"elementor-section elementor-top-section elementor-element elementor-element-5c9f07a elementor-section-boxed elementor-section-height-default elementor-section-height-default\" data-id=\"5c9f07a\" data-element_type=\"section\">\n\t\t\t\t\t\t<div class=\"elementor-container elementor-column-gap-default\">\n\t\t\t\t\t<div class=\"elementor-column elementor-col-100 elementor-top-column elementor-element elementor-element-e2e06c4\" data-id=\"e2e06c4\" data-element_type=\"column\">\n\t\t\t<div class=\"elementor-widget-wrap elementor-element-populated\">\n\t\t\t\t\t\t<div class=\"elementor-element elementor-element-1fe303e elementor-widget elementor-widget-spacer\" data-id=\"1fe303e\" data-element_type=\"widget\" data-widget_type=\"spacer.default\">\n\t\t\t\t<div class=\"elementor-widget-container\">\n\t\t\t\t\t<div class=\"elementor-spacer\">\n\t\t\t<div class=\"elementor-spacer-inner\"><\/div>\n\t\t<\/div>\n\t\t\t\t<\/div>\n\t\t\t\t<\/div>\n\t\t\t\t\t<\/div>\n\t\t<\/div>\n\t\t\t\t\t<\/div>\n\t\t<\/section>\n\t\t\t\t<\/div>\n\t\t","protected":false},"excerpt":{"rendered":"<p>The Proposal P\u0159edchoz\u00ed Dal\u0161\u00ed The \u0160umava National Park Tranquillity Areas are measures to regulate movement of visitors in the National Park territory. This regulation is especially necessary in relation to the protection of rare species of fauna and in areas where they permanently live, nest, breed, and winter, that is, where they are the most&#8230;<\/p>\n","protected":false},"author":2,"featured_media":24838,"parent":16743,"menu_order":318,"comment_status":"closed","ping_status":"closed","template":"","meta":[],"acf":[],"_links":{"self":[{"href":"https:\/\/www.npsumava.cz\/en\/wp-json\/wp\/v2\/pages\/16751"}],"collection":[{"href":"https:\/\/www.npsumava.cz\/en\/wp-json\/wp\/v2\/pages"}],"about":[{"href":"https:\/\/www.npsumava.cz\/en\/wp-json\/wp\/v2\/types\/page"}],"author":[{"embeddable":true,"href":"https:\/\/www.npsumava.cz\/en\/wp-json\/wp\/v2\/users\/2"}],"replies":[{"embeddable":true,"href":"https:\/\/www.npsumava.cz\/en\/wp-json\/wp\/v2\/comments?post=16751"}],"version-history":[{"count":0,"href":"https:\/\/www.npsumava.cz\/en\/wp-json\/wp\/v2\/pages\/16751\/revisions"}],"up":[{"embeddable":true,"href":"https:\/\/www.npsumava.cz\/en\/wp-json\/wp\/v2\/pages\/16743"}],"wp:featuredmedia":[{"embeddable":true,"href":"https:\/\/www.npsumava.cz\/en\/wp-json\/wp\/v2\/media\/24838"}],"wp:attachment":[{"href":"https:\/\/www.npsumava.cz\/en\/wp-json\/wp\/v2\/media?parent=16751"}],"curies":[{"name":"wp","href":"https:\/\/api.w.org\/{rel}","templated":true}]}}